{"id":10337,"date":"2021-11-10T19:13:29","date_gmt":"2021-11-10T18:13:29","guid":{"rendered":"http:\/\/www.collectiviteslocales.gov.tn\/?page_id=10337"},"modified":"2021-11-10T19:13:30","modified_gmt":"2021-11-10T18:13:30","slug":"guides-methodologiques","status":"publish","type":"page","link":"http:\/\/www.collectiviteslocales.gov.tn\/fr\/guides-methodologiques\/","title":{"rendered":"Guides m\u00e9thodologiques"},"content":{"rendered":"<div class=\"wpg-list-wrapper wpg-list-wrapper-template-category\"><div class=\"wpg-list-filter-container\"><div class=\"wpg-list-filter\"><span class=\"wpg-list-filter-row\"><a class=\" filter active\" data-filter=\"all\">&lt;&lt;<\/a><a class=\" filter\" data-filter=\".wpg-filter-glossary_cat_119\">Gestion des conflits<\/a><\/span><\/div><\/div><div class=\"wpg-list-search-form wpg-list-search-form-position-below\"><input type=\"text\" placeholder=\"search\" value=\"\" \/><\/div><div class=\"wpg-list wpg-list-template-one-column\"><div class=\"wpg-list-block wpg-filter-glossary_cat_119 mix\" data-filter-base=\"glossary_cat_119\"><h3 class=\"wpg-list-block-heading\">Gestion des conflits<\/h3><ul class=\"wpg-list-items\"><li class=\"wpg-list-item\"><a class=\"wpg-list-item-title\" title=\"Fascicule d\u2019information sur la m\u00e9diation pour g\u00e9rer les conflits interpersonnels dans les municipalit\u00e9s\" href=\"http:\/\/www.collectiviteslocales.gov.tn\/fr\/-\/fascicule-dinformation-sur-la-mediation\/\" >Fascicule d\u2019information sur la m\u00e9diation pour g\u00e9rer les conflits interpersonnels dans les municipalit\u00e9s<\/a><\/li><li class=\"wpg-list-item\"><a class=\"wpg-list-item-title\" title=\"Petit guide des r\u00e8gles et bonnes pratiques des relations entre \u00e9lus et agents municipaux\" href=\"http:\/\/www.collectiviteslocales.gov.tn\/fr\/-\/petit-guide-des-regles-et-bonnes-pratiques-des-relations-entre-elus-et-agents-municipaux\/\" >Petit guide des r\u00e8gles et bonnes pratiques des relations entre \u00e9lus et agents municipaux<\/a><\/li><li class=\"wpg-list-item\"><a class=\"wpg-list-item-title\" title=\"Processus pour l\u2019\u00e9laboration d\u2019une charte municipale de bonne conduite\" href=\"http:\/\/www.collectiviteslocales.gov.tn\/fr\/-\/processus-pour-lelaboration-dune-charte-municipale-de-bonne-conduite\/\" >Processus pour l\u2019\u00e9laboration d\u2019une charte municipale de bonne conduite<\/a><\/li><\/ul><\/div><\/div><div class=\"wpg-clearfix\"><\/div><\/div>\n","protected":false},"excerpt":{"rendered":"<p>Processus pour l\u2019\u00e9laboration d\u2019une charte municipale de bonne conduite.<\/p>\n","protected":false},"author":4,"featured_media":0,"parent":0,"menu_order":0,"comment_status":"closed","ping_status":"closed","template":"","meta":[],"yoast_head":"<!-- This site is optimized with the Yoast SEO plugin v16.3 - https:\/\/yoast.com\/wordpress\/plugins\/seo\/ -->\n<title>Guides m\u00e9thodologiques - \u0628\u0648\u0627\u0628\u0629 \u0627\u0644\u062c\u0645\u0627\u0639\u0627\u062a \u0627\u0644\u0645\u062d\u0644\u064a\u0629<\/title>\n<meta name=\"robots\" content=\"index, follow, max-snippet:-1, max-image-preview:large, max-video-preview:-1\" \/>\n<link rel=\"canonical\" href=\"http:\/\/www.collectiviteslocales.gov.tn\/fr\/guides-methodologiques\/\" \/>\n<meta property=\"og:locale\" content=\"fr_FR\" \/>\n<meta property=\"og:type\" content=\"article\" \/>\n<meta property=\"og:title\" content=\"Guides m\u00e9thodologiques - \u0628\u0648\u0627\u0628\u0629 \u0627\u0644\u062c\u0645\u0627\u0639\u0627\u062a \u0627\u0644\u0645\u062d\u0644\u064a\u0629\" \/>\n<meta property=\"og:description\" content=\"Processus pour l\u2019\u00e9laboration d\u2019une charte municipale de bonne conduite.\" \/>\n<meta property=\"og:url\" content=\"http:\/\/www.collectiviteslocales.gov.tn\/fr\/guides-methodologiques\/\" \/>\n<meta property=\"og:site_name\" content=\"\u0628\u0648\u0627\u0628\u0629 \u0627\u0644\u062c\u0645\u0627\u0639\u0627\u062a \u0627\u0644\u0645\u062d\u0644\u064a\u0629\" \/>\n<meta property=\"article:modified_time\" content=\"2021-11-10T18:13:30+00:00\" \/>\n<meta name=\"twitter:card\" content=\"summary_large_image\" \/>\n<meta name=\"twitter:label1\" content=\"Dur\u00e9e de lecture est.\">\n\t<meta name=\"twitter:data1\" content=\"1 minute\">\n<script type=\"application\/ld+json\" class=\"yoast-schema-graph\">{\"@context\":\"https:\/\/schema.org\",\"@graph\":[{\"@type\":\"WebSite\",\"@id\":\"http:\/\/www.collectiviteslocales.gov.tn\/#website\",\"url\":\"http:\/\/www.collectiviteslocales.gov.tn\/\",\"name\":\"\\u0628\\u0648\\u0627\\u0628\\u0629 \\u0627\\u0644\\u062c\\u0645\\u0627\\u0639\\u0627\\u062a \\u0627\\u0644\\u0645\\u062d\\u0644\\u064a\\u0629\",\"description\":\"\\u0628\\u0648\\u0627\\u0628\\u0629 \\u0627\\u0644\\u062c\\u0645\\u0627\\u0639\\u0627\\u062a \\u0627\\u0644\\u0645\\u062d\\u0644\\u064a\\u0629\",\"potentialAction\":[{\"@type\":\"SearchAction\",\"target\":\"http:\/\/www.collectiviteslocales.gov.tn\/?s={search_term_string}\",\"query-input\":\"required name=search_term_string\"}],\"inLanguage\":\"fr-FR\"},{\"@type\":\"WebPage\",\"@id\":\"http:\/\/www.collectiviteslocales.gov.tn\/fr\/guides-methodologiques\/#webpage\",\"url\":\"http:\/\/www.collectiviteslocales.gov.tn\/fr\/guides-methodologiques\/\",\"name\":\"Guides m\\u00e9thodologiques - \\u0628\\u0648\\u0627\\u0628\\u0629 \\u0627\\u0644\\u062c\\u0645\\u0627\\u0639\\u0627\\u062a \\u0627\\u0644\\u0645\\u062d\\u0644\\u064a\\u0629\",\"isPartOf\":{\"@id\":\"http:\/\/www.collectiviteslocales.gov.tn\/#website\"},\"datePublished\":\"2021-11-10T18:13:29+00:00\",\"dateModified\":\"2021-11-10T18:13:30+00:00\",\"breadcrumb\":{\"@id\":\"http:\/\/www.collectiviteslocales.gov.tn\/fr\/guides-methodologiques\/#breadcrumb\"},\"inLanguage\":\"fr-FR\",\"potentialAction\":[{\"@type\":\"ReadAction\",\"target\":[\"http:\/\/www.collectiviteslocales.gov.tn\/fr\/guides-methodologiques\/\"]}]},{\"@type\":\"BreadcrumbList\",\"@id\":\"http:\/\/www.collectiviteslocales.gov.tn\/fr\/guides-methodologiques\/#breadcrumb\",\"itemListElement\":[{\"@type\":\"ListItem\",\"position\":1,\"item\":{\"@type\":\"WebPage\",\"@id\":\"http:\/\/www.collectiviteslocales.gov.tn\/\",\"url\":\"http:\/\/www.collectiviteslocales.gov.tn\/\",\"name\":\"Accueil\"}},{\"@type\":\"ListItem\",\"position\":2,\"item\":{\"@id\":\"http:\/\/www.collectiviteslocales.gov.tn\/fr\/guides-methodologiques\/#webpage\"}}]}]}<\/script>\n<!-- \/ Yoast SEO plugin. -->","_links":{"self":[{"href":"http:\/\/www.collectiviteslocales.gov.tn\/fr\/wp-json\/wp\/v2\/pages\/10337"}],"collection":[{"href":"http:\/\/www.collectiviteslocales.gov.tn\/fr\/wp-json\/wp\/v2\/pages"}],"about":[{"href":"http:\/\/www.collectiviteslocales.gov.tn\/fr\/wp-json\/wp\/v2\/types\/page"}],"author":[{"embeddable":true,"href":"http:\/\/www.collectiviteslocales.gov.tn\/fr\/wp-json\/wp\/v2\/users\/4"}],"replies":[{"embeddable":true,"href":"http:\/\/www.collectiviteslocales.gov.tn\/fr\/wp-json\/wp\/v2\/comments?post=10337"}],"version-history":[{"count":1,"href":"http:\/\/www.collectiviteslocales.gov.tn\/fr\/wp-json\/wp\/v2\/pages\/10337\/revisions"}],"predecessor-version":[{"id":10339,"href":"http:\/\/www.collectiviteslocales.gov.tn\/fr\/wp-json\/wp\/v2\/pages\/10337\/revisions\/10339"}],"wp:attachment":[{"href":"http:\/\/www.collectiviteslocales.gov.tn\/fr\/wp-json\/wp\/v2\/media?parent=10337"}],"curies":[{"name":"wp","href":"https:\/\/api.w.org\/{rel}","templated":true}]}}