{"id":1490,"date":"2019-12-30T10:37:00","date_gmt":"2019-12-30T09:37:00","guid":{"rendered":"http:\/\/www.collectiviteslocales.gov.tn\/?page_id=1490"},"modified":"2022-02-22T19:19:43","modified_gmt":"2022-02-22T18:19:43","slug":"guides-et-manuels","status":"publish","type":"page","link":"http:\/\/www.collectiviteslocales.gov.tn\/fr\/guides-et-manuels\/","title":{"rendered":"Guides et Manuels"},"content":{"rendered":"\n<h4 class=\"has-vivid-red-color has-text-color\">Fiches m\u00e9tiers communaux<\/h4>\n\n\n\n<table>\n<tbody>\n\n<tr>\n<td width=\"438\"><strong>Poste Secr\u00e9taire G\u00e9n\u00e9ral<\/strong><\/td>\n<td style=\"text-align: right\" width=\"163\"><strong><a href=\"http:\/\/www.collectiviteslocales.gov.tn\/wp-content\/uploads\/2019\/12\/01_FICHE-Secretaire_General.pdf\" target=\"_blank\" class=\"shortc-button small black \"><i class=\"fa fas fa-download\"><\/i> T\u00e9l\u00e9charger <\/a><\/strong><\/td>\n<\/tr>\n\n<tr>\n<td width=\"438\"><strong>Poste Cadre Administratif\n<\/strong><\/td>\n<td style=\"text-align: right\" width=\"163\"><strong><a href=\"http:\/\/www.collectiviteslocales.gov.tn\/wp-content\/uploads\/2019\/12\/02_FICHE-Responsable_Administratif.pdf\" target=\"_blank\" class=\"shortc-button small black \"><i class=\"fa fas fa-download\"><\/i> T\u00e9l\u00e9charger <\/a><\/strong><\/td>\n<\/tr>\n\n<tr>\n<td width=\"438\"><strong> Poste Cadre Financier<\/strong><\/td>\n<td style=\"text-align: right\" width=\"163\"><strong><a href=\"http:\/\/www.collectiviteslocales.gov.tn\/wp-content\/uploads\/2019\/12\/03_FICHE-Responsable_financier.pdf\" target=\"_blank\" class=\"shortc-button small black \"><i class=\"fa fas fa-download\"><\/i> T\u00e9l\u00e9charger <\/a><\/strong><\/td>\n<\/tr>\n\n<tr>\n<td width=\"438\"><strong> Poste Architecte<\/strong><\/td>\n<td style=\"text-align: right\" width=\"163\"><strong><a href=\"http:\/\/www.collectiviteslocales.gov.tn\/wp-content\/uploads\/2019\/12\/04_FICHE-Architecte_Urbaniste.pdf\" target=\"_blank\" class=\"shortc-button small black \"><i class=\"fa fas fa-download\"><\/i> T\u00e9l\u00e9charger <\/a><\/strong><\/td>\n<\/tr>\n\n<tr>\n<td width=\"438\"><strong>Poste Cadre Technique<\/strong><\/td>\n<td style=\"text-align: right\" width=\"163\"><strong><a href=\"http:\/\/www.collectiviteslocales.gov.tn\/wp-content\/uploads\/2019\/12\/05_FICHE-Responsable_technique.pdf\" target=\"_blank\" class=\"shortc-button small black \"><i class=\"fa fas fa-download\"><\/i> T\u00e9l\u00e9charger <\/a><\/strong><\/td>\n<\/tr>\n<tr>\n<td width=\"438\"><strong>Poste Cadre Informatique<\/strong><\/td>\n<td style=\"text-align: right\" width=\"163\"><strong><a href=\"http:\/\/www.collectiviteslocales.gov.tn\/wp-content\/uploads\/2019\/12\/06_FICHE-Responsable_informatique.pdf\" target=\"_blank\" class=\"shortc-button small black \"><i class=\"fa fas fa-download\"><\/i> T\u00e9l\u00e9charger <\/a><\/strong><\/td>\n<\/tr>\n\n\n<\/tbody><\/table><\/figure>\n\n\n<h4>Le manuel Op\u00e9rationnel du PDUGL :<\/h4>\n<p>L\u2019objectif de ce Manuel Op\u00e9rationnel est de d\u00e9crire les modalit\u00e9s de mise en \u0153uvre du Programme de D\u00e9veloppement Urbain et de Gouvernance Locale (PDUGL) du Gouvernement tunisien.<a href=\"http:\/wp-content\/uploads\/2017\/02\/MOP_DE_PDGUL.pdf\" target=\"_blank\" rel=\"noopener noreferrer\">&nbsp;T\u00e9l\u00e9charger<\/a>.<\/p>\n<h4>Le guide sur la consultation publique pour les collectivit\u00e9s locales :<\/h4>\n<p>L\u2019objectif de ce guide est de pr\u00e9senter les principes fondamentaux \u00e0 appliquer dans les consultations publiques en vue de garantir la participation du public au processus de prise de d\u00e9cision et d\u2019\u00e9tablir une relation de confiance et un dialogue \u00e0 double sens avec les citoyens.&nbsp;<a href=\"\/wp-content\/uploads\/2015\/06\/GUIDE-de-la-consultation-publique.pdf\" target=\"_blank\" rel=\"noopener noreferrer\">T\u00e9l\u00e9charger<\/a>.<\/p>\n<h4>Le Guide de m\u00e9canisme de gestion des plaintes :<\/h4>\n<p>Le guide pr\u00e9sente une d\u00e9marche simple, didactique et d\u00e9taill\u00e9e afin que les Communes puissent mettre en place un syst\u00e8me de gestion des plaintes portant sur l\u2019action communale.&nbsp;<a href=\"\/wp-content\/uploads\/2015\/06\/guide-de-gestion-des-plaintes.pdf\" target=\"_blank\" rel=\"noopener noreferrer\">T\u00e9l\u00e9charger<\/a>.<\/p>\n<h4>Le guide sur l\u2019\u00e9valuation environnementale et sociale :<\/h4>\n<p>Le guide pr\u00e9sente un aper\u00e7u g\u00e9n\u00e9ral sur le processus de l\u2019\u00e9valuation environnementale et sociale, tout en expliquant la d\u00e9marche et les proc\u00e9dures de l\u2019\u00e9valuation environnementale que la commune doit adopter dans les sous projets.&nbsp;<a href=\"\/wp-content\/uploads\/2015\/06\/guide-devaluation-environnementale-et-sociale.pdf\" target=\"_blank\" rel=\"noopener noreferrer\">T\u00e9l\u00e9charger<\/a>.<\/p>\n<h4>Le guide op\u00e9rationnel d\u2019\u00e9valuation des performances des collectivit\u00e9s locales :<\/h4>\n<p>L\u2019objectif de ce manuel est d\u2019assurer la transparence du processus et d\u2019offrir l\u2019opportunit\u00e9 aux communes de se pr\u00e9parer. Le Manuel d\u00e9crit les proc\u00e9dures qui guident l\u2019\u00e9valuation de performance, autant sur le terrain que pour la notation<br>\n<a href=\"http:\/\/www.collectiviteslocales.gov.tn\/wp-content\/uploads\/2022\/02\/guide_eval.pdf\" target=\"_blank\" rel=\"noopener noreferrer\">T\u00e9l\u00e9charger le guide d\u2019\u00e9valuation<\/a> <span style=\"color: #ff0000\">*<\/span> &nbsp;.<br>\n<a href=\"\/wp-content\/uploads\/2018\/02\/form-suivi-fr-2018.pdf\" target=\"_blank\" rel=\"noopener noreferrer\">T\u00e9l\u00e9charger le formulaire de suivi des march\u00e9s r\u00e9alis\u00e9s<\/a>&nbsp;.<\/p>\n<p><span style=\"color: #ff0000\">*<\/span><em>disponible<\/em>&nbsp;uniquement en&nbsp;<em>version arabe<\/em><\/p>","protected":false},"excerpt":{"rendered":"<p>Fiches m\u00e9tiers communaux Poste Secr\u00e9taire G\u00e9n\u00e9ral Poste Cadre Administratif Poste Cadre Financier Poste Architecte Poste Cadre Technique Poste Cadre Informatique Le manuel Op\u00e9rationnel du PDUGL : L\u2019objectif de ce Manuel Op\u00e9rationnel est de d\u00e9crire les modalit\u00e9s de mise en \u0153uvre du Programme de D\u00e9veloppement Urbain et de Gouvernance Locale (PDUGL) du Gouvernement tunisien.&nbsp;T\u00e9l\u00e9charger. Le guide &hellip;<\/p>\n","protected":false},"author":5,"featured_media":0,"parent":0,"menu_order":0,"comment_status":"closed","ping_status":"closed","template":"","meta":[],"yoast_head":"<!-- This site is optimized with the Yoast SEO plugin v16.3 - https:\/\/yoast.com\/wordpress\/plugins\/seo\/ -->\n<title>Guides et Manuels - \u0628\u0648\u0627\u0628\u0629 \u0627\u0644\u062c\u0645\u0627\u0639\u0627\u062a \u0627\u0644\u0645\u062d\u0644\u064a\u0629<\/title>\n<meta name=\"robots\" content=\"index, follow, max-snippet:-1, max-image-preview:large, max-video-preview:-1\" \/>\n<link rel=\"canonical\" href=\"http:\/\/www.collectiviteslocales.gov.tn\/fr\/guides-et-manuels\/\" \/>\n<meta property=\"og:locale\" content=\"fr_FR\" \/>\n<meta property=\"og:type\" content=\"article\" \/>\n<meta property=\"og:title\" content=\"Guides et Manuels - \u0628\u0648\u0627\u0628\u0629 \u0627\u0644\u062c\u0645\u0627\u0639\u0627\u062a \u0627\u0644\u0645\u062d\u0644\u064a\u0629\" \/>\n<meta property=\"og:description\" content=\"Fiches m\u00e9tiers communaux Poste Secr\u00e9taire G\u00e9n\u00e9ral Poste Cadre Administratif Poste Cadre Financier Poste Architecte Poste Cadre Technique Poste Cadre Informatique Le manuel Op\u00e9rationnel du PDUGL : L\u2019objectif de ce Manuel Op\u00e9rationnel est de d\u00e9crire les modalit\u00e9s de mise en \u0153uvre du Programme de D\u00e9veloppement Urbain et de Gouvernance Locale (PDUGL) du Gouvernement tunisien.&nbsp;T\u00e9l\u00e9charger. Le guide &hellip;\" \/>\n<meta property=\"og:url\" content=\"http:\/\/www.collectiviteslocales.gov.tn\/guides-et-manuels\/\" \/>\n<meta property=\"og:site_name\" content=\"\u0628\u0648\u0627\u0628\u0629 \u0627\u0644\u062c\u0645\u0627\u0639\u0627\u062a \u0627\u0644\u0645\u062d\u0644\u064a\u0629\" \/>\n<meta property=\"article:modified_time\" content=\"2022-02-22T18:19:43+00:00\" \/>\n<meta name=\"twitter:card\" content=\"summary_large_image\" \/>\n<meta name=\"twitter:label1\" content=\"Dur\u00e9e de lecture est.\">\n\t<meta name=\"twitter:data1\" content=\"2 minutes\">\n<script type=\"application\/ld+json\" class=\"yoast-schema-graph\">{\"@context\":\"https:\/\/schema.org\",\"@graph\":[{\"@type\":\"WebSite\",\"@id\":\"http:\/\/www.collectiviteslocales.gov.tn\/#website\",\"url\":\"http:\/\/www.collectiviteslocales.gov.tn\/\",\"name\":\"\\u0628\\u0648\\u0627\\u0628\\u0629 \\u0627\\u0644\\u062c\\u0645\\u0627\\u0639\\u0627\\u062a \\u0627\\u0644\\u0645\\u062d\\u0644\\u064a\\u0629\",\"description\":\"\\u0628\\u0648\\u0627\\u0628\\u0629 \\u0627\\u0644\\u062c\\u0645\\u0627\\u0639\\u0627\\u062a \\u0627\\u0644\\u0645\\u062d\\u0644\\u064a\\u0629\",\"potentialAction\":[{\"@type\":\"SearchAction\",\"target\":\"http:\/\/www.collectiviteslocales.gov.tn\/?s={search_term_string}\",\"query-input\":\"required name=search_term_string\"}],\"inLanguage\":\"fr-FR\"},{\"@type\":\"WebPage\",\"@id\":\"http:\/\/www.collectiviteslocales.gov.tn\/guides-et-manuels\/#webpage\",\"url\":\"http:\/\/www.collectiviteslocales.gov.tn\/guides-et-manuels\/\",\"name\":\"Guides et Manuels - \\u0628\\u0648\\u0627\\u0628\\u0629 \\u0627\\u0644\\u062c\\u0645\\u0627\\u0639\\u0627\\u062a \\u0627\\u0644\\u0645\\u062d\\u0644\\u064a\\u0629\",\"isPartOf\":{\"@id\":\"http:\/\/www.collectiviteslocales.gov.tn\/#website\"},\"datePublished\":\"2019-12-30T09:37:00+00:00\",\"dateModified\":\"2022-02-22T18:19:43+00:00\",\"breadcrumb\":{\"@id\":\"http:\/\/www.collectiviteslocales.gov.tn\/guides-et-manuels\/#breadcrumb\"},\"inLanguage\":\"fr-FR\",\"potentialAction\":[{\"@type\":\"ReadAction\",\"target\":[\"http:\/\/www.collectiviteslocales.gov.tn\/guides-et-manuels\/\"]}]},{\"@type\":\"BreadcrumbList\",\"@id\":\"http:\/\/www.collectiviteslocales.gov.tn\/guides-et-manuels\/#breadcrumb\",\"itemListElement\":[{\"@type\":\"ListItem\",\"position\":1,\"item\":{\"@type\":\"WebPage\",\"@id\":\"http:\/\/www.collectiviteslocales.gov.tn\/\",\"url\":\"http:\/\/www.collectiviteslocales.gov.tn\/\",\"name\":\"Accueil\"}},{\"@type\":\"ListItem\",\"position\":2,\"item\":{\"@id\":\"http:\/\/www.collectiviteslocales.gov.tn\/guides-et-manuels\/#webpage\"}}]}]}<\/script>\n<!-- \/ Yoast SEO plugin. -->","_links":{"self":[{"href":"http:\/\/www.collectiviteslocales.gov.tn\/fr\/wp-json\/wp\/v2\/pages\/1490"}],"collection":[{"href":"http:\/\/www.collectiviteslocales.gov.tn\/fr\/wp-json\/wp\/v2\/pages"}],"about":[{"href":"http:\/\/www.collectiviteslocales.gov.tn\/fr\/wp-json\/wp\/v2\/types\/page"}],"author":[{"embeddable":true,"href":"http:\/\/www.collectiviteslocales.gov.tn\/fr\/wp-json\/wp\/v2\/users\/5"}],"replies":[{"embeddable":true,"href":"http:\/\/www.collectiviteslocales.gov.tn\/fr\/wp-json\/wp\/v2\/comments?post=1490"}],"version-history":[{"count":18,"href":"http:\/\/www.collectiviteslocales.gov.tn\/fr\/wp-json\/wp\/v2\/pages\/1490\/revisions"}],"predecessor-version":[{"id":10762,"href":"http:\/\/www.collectiviteslocales.gov.tn\/fr\/wp-json\/wp\/v2\/pages\/1490\/revisions\/10762"}],"wp:attachment":[{"href":"http:\/\/www.collectiviteslocales.gov.tn\/fr\/wp-json\/wp\/v2\/media?parent=1490"}],"curies":[{"name":"wp","href":"https:\/\/api.w.org\/{rel}","templated":true}]}}