{"id":2167,"date":"2019-03-14T11:50:52","date_gmt":"2019-03-14T10:50:52","guid":{"rendered":"http:\/\/www.collectiviteslocales.gov.tn\/?page_id=2167"},"modified":"2022-11-08T16:29:31","modified_gmt":"2022-11-08T15:29:31","slug":"evaluation-de-performances-2","status":"publish","type":"page","link":"http:\/\/www.collectiviteslocales.gov.tn\/fr\/evaluation-de-performances-2\/","title":{"rendered":"\u00c9valuation de performances"},"content":{"rendered":"<p>Dans le cadre du Programme de D\u00e9veloppement Urbain et de Gouvernance Locale (PDUGL), un nouveau syst\u00e8me de transfert des subventions aux Communes a \u00e9t\u00e9 con\u00e7u. Selon le nouveau syst\u00e8me, le montant de la subvention annuelle non affect\u00e9e est calcul\u00e9 sur la base d\u2019une formule transparente, objective et \u00e9quitable et est d\u00e9sormais conditionn\u00e9 par une \u00e9valuation des performances des communes ainsi que par la satisfaction des Conditions Minimales requises.<br \/>Les Communes sont \u00e9valu\u00e9es selon des crit\u00e8res et en se basant sur une grille d\u2019\u00e9valuation qui couvre trois domaines : l\u2019am\u00e9lioration des services rendus, la participation et la transparence, et l\u2019am\u00e9lioration des ressources.<br \/>La communes doit obtenir un score minimal de 50 points sur 100 dans le cadre de l\u2019\u00e9valuation de la performance assur\u00e9e par le corps du contr\u00f4le g\u00e9n\u00e9ral des services publics et ce pour b\u00e9n\u00e9ficier d\u2019une part ou de la totalit\u00e9 de la subvention annuelle non affect\u00e9e au titre de l\u2019\u00e9valuation de la performance.<br \/>Il convient de noter qu\u2019une commune n\u2019ayant pas satisfait les conditions minimales requises CMO ne pourra pas b\u00e9n\u00e9ficier de sa subvention annuelle non affect\u00e9e.<\/p>\n<p><strong>Le dossier d\u2019\u00e9valuation de performance des municipalit\u00e9s au titre de l\u2019ann\u00e9e <\/strong><strong>2021<\/strong><strong>, doit \u00eatre d\u00e9pos\u00e9 aupr\u00e8s des services du Contr\u00f4le G\u00e9n\u00e9ral des Services Publics et il doit \u00eatre constitu\u00e9 des documents suivants :<\/strong><\/p>\n<p>\u00a0<\/p>\n<table>\n<tbody>\n<tr>\n<td width=\"438\"><strong>Lettre de d\u00e9p\u00f4t du dossier d\u2019\u00e9valuation de performance suivant le mod\u00e8le indiqu\u00e9 dans le guide \u00a0op\u00e9rationnel d\u2019\u00e9valuation de la performance des collectivit\u00e9s locales. \u00a0 <span style=\"color: #ff0000;\">*<\/span><\/strong><\/td>\n<td width=\"163\"><strong> <a href=\"http:\/\/www.collectiviteslocales.gov.tn\/wp-content\/uploads\/2022\/02\/depot.pdf\" target=\"_blank\" class=\"shortc-button small black \"><i class=\"fa fas fa-download\"><\/i> T\u00e9l\u00e9charger <\/a><\/strong><\/td>\n<\/tr>\n<tr>\n<td width=\"438\"><strong><span style=\"color: #ff0000;\"><span style=\"color: #000000;\">Formulaire d\u2019\u00e9valuation de performance de la commune au titre de l\u2019ann\u00e9e 2021.<\/span> *<\/span><\/strong><\/td>\n<td style=\"text-align: right;\" width=\"163\"><strong><a href=\"http:\/\/www.collectiviteslocales.gov.tn\/wp-content\/uploads\/2022\/02\/eval2021formulaire.pdf\" target=\"_blank\" class=\"shortc-button small black \"><i class=\"fa fas fa-download\"><\/i> T\u00e9l\u00e9charger <\/a><\/strong><\/td>\n<\/tr>\n<tr>\n<td style=\"text-align: left;\" width=\"438\"><strong><span style=\"color: #ff0000;\"><span style=\"color: #000000;\">Etat de suivi de l\u2019ex\u00e9cution du plan annuel d\u2019investissement au titre de l\u2019ann\u00e9e 2021 sign\u00e9 par le pr\u00e9sident de la commune et le receveur comptable de la commune.<\/span> *<\/span><\/strong><\/td>\n<td style=\"text-align: right;\" width=\"163\"><strong><a href=\"http:\/\/www.collectiviteslocales.gov.tn\/wp-content\/uploads\/2022\/02\/plan-annuel-dinvestissement2021.pdf\" target=\"_blank\" class=\"shortc-button small black \"><i class=\"fa fas fa-download\"><\/i>T\u00e9l\u00e9charger <\/a><\/strong><\/td>\n<\/tr>\n<tr>\n<td width=\"438\"><strong>Copie de la lettre de d\u00e9p\u00f4t \u00e0 la CPSCL du rapport annuel du suivi de l\u2019ex\u00e9cution du plan annuel d\u2019investissement au titre de l\u2019ann\u00e9e 2021 <span style=\"color: #ff0000;\">(la lettre doit comporter le cachet du bureau d\u2019ordre de la repr\u00e9sentation r\u00e9gionale de le CPSCL)<\/span>.<\/strong><\/td>\n<td width=\"163\">\u00a0<\/td>\n<\/tr>\n<tr>\n<td width=\"438\"><strong><span style=\"color: #ff0000;\"><span style=\"color: #000000;\">Copie du tableau de bord du suivi de l\u2019ex\u00e9cution des\u00a0 march\u00e9s publics au titre de l\u2019ann\u00e9e 2021.<\/span> *<\/span><br \/><\/strong><\/td>\n<td style=\"text-align: right;\" width=\"163\"><strong><a href=\"http:\/\/www.collectiviteslocales.gov.tn\/wp-content\/uploads\/2022\/02\/execution-des-marches-publics2021.pdf\" target=\"_blank\" class=\"shortc-button small black \"><i class=\"fa fas fa-download\"><\/i> T\u00e9l\u00e9charger <\/a><\/strong><\/td>\n<\/tr>\n<tr>\n<td width=\"438\">\n<p><strong>Extrait du plan pr\u00e9visionnel des march\u00e9s publics au titre de l\u2019ann\u00e9e 2021.<\/strong><\/p>\n<\/td>\n<td width=\"163\">\u00a0<\/td>\n<\/tr>\n<tr>\n<td width=\"438\"><strong><span style=\"color: #ff0000;\"><span style=\"color: #000000;\">Copie du plan triennal de maintenance pour la p\u00e9riode 2021-2023<\/span> *<\/span><br \/><\/strong><\/td>\n<td style=\"text-align: right;\" width=\"163\"><strong><a href=\"http:\/\/www.collectiviteslocales.gov.tn\/wp-content\/uploads\/2022\/02\/diagnostic-des-besoins.pdf\" target=\"_blank\" class=\"shortc-button small black \"><i class=\"fa fas fa-download\"><\/i> T\u00e9l\u00e9charger <\/a><\/strong><\/td>\n<\/tr>\n<tr>\n<td width=\"438\">\n<p><strong>Copie du programme annuel du renforcement des capacit\u00e9s de gestion au titre de l\u2019ann\u00e9e 2021 accompagn\u00e9e d\u2019un extrait de la d\u00e9lib\u00e9ration du conseil municipal relatif \u00e0 l\u2019approbation dudit programme.<\/strong><\/p>\n<\/td>\n<td width=\"163\">\u00a0<\/td>\n<\/tr>\n<tr>\n<td width=\"438\"><strong><span style=\"color: #ff0000;\"><span style=\"color: #000000;\">Copie du plan pr\u00e9visionnel actualis\u00e9 des m\u00e9tiers et des comp\u00e9tences au titre de l\u2019ann\u00e9e 2022.<\/span> *<\/span><br \/><\/strong><\/td>\n<td style=\"text-align: right;\" width=\"163\"><strong><a href=\"http:\/\/www.collectiviteslocales.gov.tn\/wp-content\/uploads\/2022\/02\/metiers-et-des-competences.pdf\" target=\"_blank\" class=\"shortc-button small black \"><i class=\"fa fas fa-download\"><\/i> T\u00e9l\u00e9charger <\/a><\/strong><\/td>\n<\/tr>\n<tr>\n<td width=\"438\"><strong>Copie du plan d\u2019assainissement des dettes au titre de l\u2019ann\u00e9e 2021 <\/strong><\/td>\n<td width=\"163\"><strong><a href=\"http:\/\/www.collectiviteslocales.gov.tn\/wp-content\/uploads\/2022\/02\/planification2021.pdf\" target=\"_blank\" class=\"shortc-button small black \"><i class=\"fa fas fa-download\"><\/i> T\u00e9l\u00e9charger <\/a><\/strong><\/td>\n<\/tr>\n<tr>\n<td width=\"438\">\n<p><strong>Copie des pages du cahier du budget au titre de l\u2019ann\u00e9e 2021 comportant les montants inscrits au paragraphe 80.<\/strong><\/p>\n<\/td>\n<td width=\"163\">\u00a0<\/td>\n<\/tr>\n<tr>\n<td width=\"438\">\n<p><strong>Extrait du syst\u00e8me \u00ab\u00a0Adab\u00a0\u00bb du paragraphe 80 du budget au titre de l\u2019ann\u00e9e 2021.<\/strong><\/p>\n<\/td>\n<td width=\"163\">\u00a0<\/td>\n<\/tr>\n<tr>\n<td width=\"438\">\n<p><strong>Les pi\u00e8ces justificatives relatives aux remarques soulev\u00e9es par la commune dans le formulaire d\u2019\u00e9valuation de performance.<\/strong><\/p>\n<\/td>\n<td width=\"163\">\u00a0<\/td>\n<\/tr>\n<\/tbody>\n<\/table>\n<p><span style=\"color: #ff0000;\">*<\/span><em>disponible<\/em>\u00a0uniquement en\u00a0<em>version arabe<\/em><\/p>\n<p style=\"text-align: left;\">Guide pratique pour l&rsquo;\u00e9valuation des performances des <em>collectivit\u00e9s locales<\/em>\u00a0<strong><span style=\"color: #ff0000;\">*<\/span><\/strong> \u00a0<b><a href=\"http:\/\/www.collectiviteslocales.gov.tn\/wp-content\/uploads\/2022\/02\/guide_eval.pdf\" target=\"_blank\" class=\"shortc-button small red \"><i class=\"fa fas fa-download\"><\/i>T\u00e9l\u00e9charger <\/a><\/b><\/p>\n<p><b>Pour consulter\u00a0<a href=\"http:\/\/www.collectiviteslocales.gov.tn\/fr\/2022\/11\/08\/evaluation-de-perfomances-2021\/\">le r\u00e9sultat de la derni\u00e8re evaluation de performance des municipalit\u00e9s (2021) Cliquez ici<\/a><\/b><\/p>\n<p><b>Pour consulter <a href=\"http:\/\/www.collectiviteslocales.gov.tn\/fr\/evaluation-de-perfomances-2019\/\">le r\u00e9sultat de la derni\u00e8re evaluation de performance des municipalit\u00e9s (2019) Cliquez ici<\/a><\/b><\/p>\n<p><b>Pour consulter <a href=\"http:\/\/www.collectiviteslocales.gov.tn\/fr\/evaluation-de-perfomances-2018\">le r\u00e9sultat de la derni\u00e8re evaluation de performance des municipalit\u00e9s (2018) Cliquez ici<\/a><\/b><\/p>\n\n\n<p><strong>Pour consulter <a href=\"http:\/\/www.collectiviteslocales.gov.tn\/fr\/evaluation-performances-communes-2017\/?preview_id=2021&amp;preview_nonce=73eb581707&amp;preview=true\">le r\u00e9sultat de la derni\u00e8re evaluation de performance des municipalit\u00e9s (2017) Cliquez ici<\/a><\/strong><\/p>\n","protected":false},"excerpt":{"rendered":"<p>Dans le cadre du Programme de D\u00e9veloppement Urbain et de Gouvernance Locale (PDUGL), un nouveau syst\u00e8me de transfert des subventions aux Communes a \u00e9t\u00e9 con\u00e7u. Selon le nouveau syst\u00e8me, le montant de la subvention annuelle non affect\u00e9e est calcul\u00e9 sur la base d\u2019une formule transparente, objective et \u00e9quitable et est d\u00e9sormais conditionn\u00e9 par une \u00e9valuation &hellip;<\/p>\n","protected":false},"author":1,"featured_media":0,"parent":0,"menu_order":0,"comment_status":"closed","ping_status":"closed","template":"","meta":[],"yoast_head":"<!-- This site is optimized with the Yoast SEO plugin v16.3 - https:\/\/yoast.com\/wordpress\/plugins\/seo\/ -->\n<title>\u00c9valuation de performances - \u0628\u0648\u0627\u0628\u0629 \u0627\u0644\u062c\u0645\u0627\u0639\u0627\u062a \u0627\u0644\u0645\u062d\u0644\u064a\u0629<\/title>\n<meta name=\"robots\" content=\"index, follow, max-snippet:-1, max-image-preview:large, max-video-preview:-1\" \/>\n<link rel=\"canonical\" href=\"http:\/\/www.collectiviteslocales.gov.tn\/fr\/\u0646\u0638\u0627\u0645-\u062a\u0642\u064a\u064a\u0645-\u0623\u062f\u0627\u0621-\u0627\u0644\u0628\u0644\u062f\u064a\u0627\u062a\/\" \/>\n<meta property=\"og:locale\" content=\"fr_FR\" \/>\n<meta property=\"og:type\" content=\"article\" \/>\n<meta property=\"og:title\" content=\"\u00c9valuation de performances - \u0628\u0648\u0627\u0628\u0629 \u0627\u0644\u062c\u0645\u0627\u0639\u0627\u062a \u0627\u0644\u0645\u062d\u0644\u064a\u0629\" \/>\n<meta property=\"og:description\" content=\"Dans le cadre du Programme de D\u00e9veloppement Urbain et de Gouvernance Locale (PDUGL), un nouveau syst\u00e8me de transfert des subventions aux Communes a \u00e9t\u00e9 con\u00e7u. Selon le nouveau syst\u00e8me, le montant de la subvention annuelle non affect\u00e9e est calcul\u00e9 sur la base d\u2019une formule transparente, objective et \u00e9quitable et est d\u00e9sormais conditionn\u00e9 par une \u00e9valuation &hellip;\" \/>\n<meta property=\"og:url\" content=\"http:\/\/www.collectiviteslocales.gov.tn\/\u0646\u0638\u0627\u0645-\u062a\u0642\u064a\u064a\u0645-\u0623\u062f\u0627\u0621-\u0627\u0644\u0628\u0644\u062f\u064a\u0627\u062a\/\" \/>\n<meta property=\"og:site_name\" content=\"\u0628\u0648\u0627\u0628\u0629 \u0627\u0644\u062c\u0645\u0627\u0639\u0627\u062a \u0627\u0644\u0645\u062d\u0644\u064a\u0629\" \/>\n<meta property=\"article:modified_time\" content=\"2022-11-08T15:29:31+00:00\" \/>\n<meta name=\"twitter:card\" content=\"summary_large_image\" \/>\n<meta name=\"twitter:label1\" content=\"Dur\u00e9e de lecture est.\">\n\t<meta name=\"twitter:data1\" content=\"3 minutes\">\n<script type=\"application\/ld+json\" class=\"yoast-schema-graph\">{\"@context\":\"https:\/\/schema.org\",\"@graph\":[{\"@type\":\"WebSite\",\"@id\":\"http:\/\/www.collectiviteslocales.gov.tn\/#website\",\"url\":\"http:\/\/www.collectiviteslocales.gov.tn\/\",\"name\":\"\\u0628\\u0648\\u0627\\u0628\\u0629 \\u0627\\u0644\\u062c\\u0645\\u0627\\u0639\\u0627\\u062a \\u0627\\u0644\\u0645\\u062d\\u0644\\u064a\\u0629\",\"description\":\"\\u0628\\u0648\\u0627\\u0628\\u0629 \\u0627\\u0644\\u062c\\u0645\\u0627\\u0639\\u0627\\u062a \\u0627\\u0644\\u0645\\u062d\\u0644\\u064a\\u0629\",\"potentialAction\":[{\"@type\":\"SearchAction\",\"target\":\"http:\/\/www.collectiviteslocales.gov.tn\/?s={search_term_string}\",\"query-input\":\"required name=search_term_string\"}],\"inLanguage\":\"fr-FR\"},{\"@type\":\"WebPage\",\"@id\":\"http:\/\/www.collectiviteslocales.gov.tn\/%d9%86%d8%b8%d8%a7%d9%85-%d8%aa%d9%82%d9%8a%d9%8a%d9%85-%d8%a3%d8%af%d8%a7%d8%a1-%d8%a7%d9%84%d8%a8%d9%84%d8%af%d9%8a%d8%a7%d8%aa\/#webpage\",\"url\":\"http:\/\/www.collectiviteslocales.gov.tn\/%d9%86%d8%b8%d8%a7%d9%85-%d8%aa%d9%82%d9%8a%d9%8a%d9%85-%d8%a3%d8%af%d8%a7%d8%a1-%d8%a7%d9%84%d8%a8%d9%84%d8%af%d9%8a%d8%a7%d8%aa\/\",\"name\":\"\\u00c9valuation de performances - \\u0628\\u0648\\u0627\\u0628\\u0629 \\u0627\\u0644\\u062c\\u0645\\u0627\\u0639\\u0627\\u062a \\u0627\\u0644\\u0645\\u062d\\u0644\\u064a\\u0629\",\"isPartOf\":{\"@id\":\"http:\/\/www.collectiviteslocales.gov.tn\/#website\"},\"datePublished\":\"2019-03-14T10:50:52+00:00\",\"dateModified\":\"2022-11-08T15:29:31+00:00\",\"breadcrumb\":{\"@id\":\"http:\/\/www.collectiviteslocales.gov.tn\/%d9%86%d8%b8%d8%a7%d9%85-%d8%aa%d9%82%d9%8a%d9%8a%d9%85-%d8%a3%d8%af%d8%a7%d8%a1-%d8%a7%d9%84%d8%a8%d9%84%d8%af%d9%8a%d8%a7%d8%aa\/#breadcrumb\"},\"inLanguage\":\"fr-FR\",\"potentialAction\":[{\"@type\":\"ReadAction\",\"target\":[\"http:\/\/www.collectiviteslocales.gov.tn\/%d9%86%d8%b8%d8%a7%d9%85-%d8%aa%d9%82%d9%8a%d9%8a%d9%85-%d8%a3%d8%af%d8%a7%d8%a1-%d8%a7%d9%84%d8%a8%d9%84%d8%af%d9%8a%d8%a7%d8%aa\/\"]}]},{\"@type\":\"BreadcrumbList\",\"@id\":\"http:\/\/www.collectiviteslocales.gov.tn\/%d9%86%d8%b8%d8%a7%d9%85-%d8%aa%d9%82%d9%8a%d9%8a%d9%85-%d8%a3%d8%af%d8%a7%d8%a1-%d8%a7%d9%84%d8%a8%d9%84%d8%af%d9%8a%d8%a7%d8%aa\/#breadcrumb\",\"itemListElement\":[{\"@type\":\"ListItem\",\"position\":1,\"item\":{\"@type\":\"WebPage\",\"@id\":\"http:\/\/www.collectiviteslocales.gov.tn\/\",\"url\":\"http:\/\/www.collectiviteslocales.gov.tn\/\",\"name\":\"Accueil\"}},{\"@type\":\"ListItem\",\"position\":2,\"item\":{\"@id\":\"http:\/\/www.collectiviteslocales.gov.tn\/%d9%86%d8%b8%d8%a7%d9%85-%d8%aa%d9%82%d9%8a%d9%8a%d9%85-%d8%a3%d8%af%d8%a7%d8%a1-%d8%a7%d9%84%d8%a8%d9%84%d8%af%d9%8a%d8%a7%d8%aa\/#webpage\"}}]}]}<\/script>\n<!-- \/ Yoast SEO plugin. -->","_links":{"self":[{"href":"http:\/\/www.collectiviteslocales.gov.tn\/fr\/wp-json\/wp\/v2\/pages\/2167"}],"collection":[{"href":"http:\/\/www.collectiviteslocales.gov.tn\/fr\/wp-json\/wp\/v2\/pages"}],"about":[{"href":"http:\/\/www.collectiviteslocales.gov.tn\/fr\/wp-json\/wp\/v2\/types\/page"}],"author":[{"embeddable":true,"href":"http:\/\/www.collectiviteslocales.gov.tn\/fr\/wp-json\/wp\/v2\/users\/1"}],"replies":[{"embeddable":true,"href":"http:\/\/www.collectiviteslocales.gov.tn\/fr\/wp-json\/wp\/v2\/comments?post=2167"}],"version-history":[{"count":48,"href":"http:\/\/www.collectiviteslocales.gov.tn\/fr\/wp-json\/wp\/v2\/pages\/2167\/revisions"}],"predecessor-version":[{"id":11458,"href":"http:\/\/www.collectiviteslocales.gov.tn\/fr\/wp-json\/wp\/v2\/pages\/2167\/revisions\/11458"}],"wp:attachment":[{"href":"http:\/\/www.collectiviteslocales.gov.tn\/fr\/wp-json\/wp\/v2\/media?parent=2167"}],"curies":[{"name":"wp","href":"https:\/\/api.w.org\/{rel}","templated":true}]}}