{"id":3036,"date":"2019-11-08T14:30:49","date_gmt":"2019-11-08T13:30:49","guid":{"rendered":"http:\/\/www.collectiviteslocales.gov.tn\/?page_id=3036"},"modified":"2020-10-20T13:08:11","modified_gmt":"2020-10-20T12:08:11","slug":"caisse-des-prets-et-de-soutien-des-collectivites-locales","status":"publish","type":"page","link":"http:\/\/www.collectiviteslocales.gov.tn\/fr\/caisse-des-prets-et-de-soutien-des-collectivites-locales\/","title":{"rendered":"Caisse des Pr\u00eats et de Soutien des Collectivit\u00e9s Locales"},"content":{"rendered":"\n<figure class=\"wp-block-image size-large\"><a href=\"http:\/\/www.cpscl.com.tn\/template.php?code_menu=160\" target=\"_blank\" rel=\"noreferrer noopener\"><img loading=\"lazy\" width=\"1024\" height=\"512\" src=\"http:\/\/www.collectiviteslocales.gov.tn\/wp-content\/uploads\/2019\/12\/cartecpscl-1024x512.png\" alt=\"\" class=\"wp-image-4217\" srcset=\"http:\/\/www.collectiviteslocales.gov.tn\/wp-content\/uploads\/2019\/12\/cartecpscl-1024x512.png 1024w, http:\/\/www.collectiviteslocales.gov.tn\/wp-content\/uploads\/2019\/12\/cartecpscl-300x150.png 300w, http:\/\/www.collectiviteslocales.gov.tn\/wp-content\/uploads\/2019\/12\/cartecpscl-768x384.png 768w, http:\/\/www.collectiviteslocales.gov.tn\/wp-content\/uploads\/2019\/12\/cartecpscl-1536x768.png 1536w, http:\/\/www.collectiviteslocales.gov.tn\/wp-content\/uploads\/2019\/12\/cartecpscl-660x330.png 660w, http:\/\/www.collectiviteslocales.gov.tn\/wp-content\/uploads\/2019\/12\/cartecpscl-1050x525.png 1050w, http:\/\/www.collectiviteslocales.gov.tn\/wp-content\/uploads\/2019\/12\/cartecpscl.png 1920w\" sizes=\"(max-width: 1024px) 100vw, 1024px\" \/><\/a><\/figure>\n\n\n\n<div class=\"clear\"><\/div><div class=\"toggle open\"><h3 class=\"toggle-head-open\">Historique<i class=\"fa fa-angle-up\"><\/i><\/h3><h3 class=\"toggle-head-close\">Historique<i class=\"fa fa-angle-down\"><\/i><\/h3><div class=\"toggle-content\">\n\t\t\t\n\n\n\n<p>La \u00ab\u00a0Caisse des Pr\u00eats Communaux Tunisiens\u00a0\u00bb a \u00e9t\u00e9 cr\u00e9\u00e9e  par le d\u00e9cret du 15 d\u00e9cembre 1902.<br> Par d\u00e9cret du 1er mars 1932, la Caisse a \u00e9t\u00e9 r\u00e9organis\u00e9e et a chang\u00e9 de nomination pour devenir la \u00ab\u00a0Caisse des Pr\u00eats aux Communes\u00a0\u00bb.<br> Par la loi n\u00b075-37 du 14 mai 1975, la Caisse a \u00e9t\u00e9 transform\u00e9e en \u00ab\u00a0Caisse des Pr\u00eats et de Soutien des Collectivit\u00e9s Locales\u00a0\u00bb dot\u00e9e de la personnalit\u00e9 civile et de l&rsquo;autonomie financi\u00e8re.<br> Par d\u00e9cret n\u00b092-688 du 16 avril 1992 abrogeant le d\u00e9cret n\u00b077-212 du 04 mars 1977, la Caisse f\u00fbt soumise \u00e0 la l\u00e9gislation et \u00e0 la r\u00e9glementation en vigueur relatives aux Etablissements Publics \u00e0 caract\u00e8re Industriel et Commercial et dirig\u00e9e par un Directeur G\u00e9n\u00e9ral charg\u00e9 de la gestion technique, administrative et financi\u00e8re.<br> Par d\u00e9cret n\u00b097-564 du 31 mars 1997, la Caisse est d\u00e9sign\u00e9e en tant qu&rsquo;Etablissement Public \u00e0 caract\u00e8re Non Administratif consid\u00e9r\u00e9e comme Entreprise Publique. \n\t\t\t<\/div><\/div>\n\n\n\n<p> <\/p>\n\n\n\n<div class=\"clear\"><\/div><div class=\"toggle close\"><h3 class=\"toggle-head-open\">Mission<i class=\"fa fa-angle-up\"><\/i><\/h3><h3 class=\"toggle-head-close\">Mission<i class=\"fa fa-angle-down\"><\/i><\/h3><div class=\"toggle-content\">\n\t\t\t Telle que r\u00e9organis\u00e9e par le d\u00e9cret n\u00b092-688 du 16 avril 1992, la Caisse des Pr\u00eats et de Soutien des Collectivit\u00e9s Locales exerce conform\u00e9ment aux objectifs qui lui ont \u00e9t\u00e9 fix\u00e9s par le Gouvernement dans le domaine du d\u00e9veloppement \u00e9conomique et social des collectivit\u00e9s locales.<br> Ces objectifs consistent, principalement, \u00e0:<br> Stimuler l\u2019effort d\u2019investissement des collectivit\u00e9s locales par la mobilisation des ressources n\u00e9cessaires au financement des projets inscrits dans leurs programmes d\u2019investissement;<br> Am\u00e9liorer les ressources communales par l\u2019augmentation du volume du Fonds Commun des Collectivit\u00e9s Locales (FCCL), l\u2019am\u00e9lioration des taux de perception des taxes et la rationalisation des d\u00e9penses de fonctionnement;<br> Am\u00e9liorer le potentiel de gestion des collectivit\u00e9s locales par l\u2019instauration de programmes de formation et de recyclage des cadres municipaux et r\u00e9gionaux et l\u2019introduction de moyens modernes de gestion tels que l\u2019informatique et la comptabilit\u00e9 analytique;<br> Doter la Caisse des Pr\u00eats et de Soutien des Collectivit\u00e9s Locales de moyens humains et mat\u00e9riels n\u00e9cessaires \u00e0 l\u2019accomplissement de son r\u00f4le de financement des projets d\u2019investissement des collectivit\u00e9s locales.<br> Les missions assign\u00e9es \u00e0 la Caisse sont:<br> La collecte des ressources n\u00e9cessaires pour contribuer au financement des programmes d\u2019investissement des collectivit\u00e9s locales;<br> L\u2019assistance technique aux collectivit\u00e9s locales au niveau de l\u2019identification, l\u2019\u00e9tude, la r\u00e9alisation et le suivi de leurs projets d\u2019investissement;<br> L\u2019assistance aux collectivit\u00e9s locales pour une bonne gestion de leurs ressources, et ce par l\u2019analyse de leurs situations financi\u00e8res et la proposition de mesures pratiques leur permettant l\u2019am\u00e9lioration de leurs ressources propres et la rationalisation de leurs d\u00e9penses d\u2019investissement. \n\t\t\t<\/div><\/div>\n\n\n\n<div class=\"google-map \"><iframe width=\"600\" height=\"250\" frameborder=\"0\" scrolling=\"no\" marginheight=\"0\" marginwidth=\"0\" src=\"https:\/\/www.google.com\/maps\/embed?pb=!1m18!1m12!1m3!1d3193.344470471632!2d10.185576514519587!3d36.83422537994161!2m3!1f0!2f0!3f0!3m2!1i1024!2i768!4f13.1!3m3!1m2!1s0x12fd34943dc721ad%3A0x5fa995c50a98fc99!2sCPSCL!5e0!3m2!1sen!2stn!4v1576689759357!5m2!1sen!2stn&amp;output=embed\"><\/iframe><\/div>\n","protected":false},"excerpt":{"rendered":"","protected":false},"author":4,"featured_media":0,"parent":0,"menu_order":0,"comment_status":"closed","ping_status":"closed","template":"","meta":[],"yoast_head":"<!-- This site is optimized with the Yoast SEO plugin v16.3 - https:\/\/yoast.com\/wordpress\/plugins\/seo\/ -->\n<title>Caisse des Pr\u00eats et de Soutien des Collectivit\u00e9s Locales - \u0628\u0648\u0627\u0628\u0629 \u0627\u0644\u062c\u0645\u0627\u0639\u0627\u062a \u0627\u0644\u0645\u062d\u0644\u064a\u0629<\/title>\n<meta name=\"robots\" content=\"index, follow, max-snippet:-1, max-image-preview:large, max-video-preview:-1\" \/>\n<link rel=\"canonical\" href=\"http:\/\/www.collectiviteslocales.gov.tn\/fr\/\u0635\u0646\u062f\u0648\u0642-\u0627\u0644\u0642\u0631\u0648\u0636-\u0648\u062f\u0639\u0645-\u0627\u0644\u062c\u0645\u0627\u0639\u0627\u062a-\u0627\u0644\u0645\u062d\u0644\u064a\u0629\/\" \/>\n<meta property=\"og:locale\" content=\"fr_FR\" \/>\n<meta property=\"og:type\" content=\"article\" \/>\n<meta property=\"og:title\" content=\"Caisse des Pr\u00eats et de Soutien des Collectivit\u00e9s Locales - \u0628\u0648\u0627\u0628\u0629 \u0627\u0644\u062c\u0645\u0627\u0639\u0627\u062a \u0627\u0644\u0645\u062d\u0644\u064a\u0629\" \/>\n<meta property=\"og:url\" content=\"http:\/\/www.collectiviteslocales.gov.tn\/\u0635\u0646\u062f\u0648\u0642-\u0627\u0644\u0642\u0631\u0648\u0636-\u0648\u062f\u0639\u0645-\u0627\u0644\u062c\u0645\u0627\u0639\u0627\u062a-\u0627\u0644\u0645\u062d\u0644\u064a\u0629\/\" \/>\n<meta property=\"og:site_name\" content=\"\u0628\u0648\u0627\u0628\u0629 \u0627\u0644\u062c\u0645\u0627\u0639\u0627\u062a \u0627\u0644\u0645\u062d\u0644\u064a\u0629\" \/>\n<meta property=\"article:modified_time\" content=\"2020-10-20T12:08:11+00:00\" \/>\n<meta property=\"og:image\" content=\"http:\/\/www.collectiviteslocales.gov.tn\/wp-content\/uploads\/2019\/12\/cartecpscl-1024x512.png\" \/>\n<meta name=\"twitter:card\" content=\"summary_large_image\" \/>\n<meta name=\"twitter:label1\" content=\"Dur\u00e9e de lecture est.\">\n\t<meta name=\"twitter:data1\" content=\"3 minutes\">\n<script type=\"application\/ld+json\" class=\"yoast-schema-graph\">{\"@context\":\"https:\/\/schema.org\",\"@graph\":[{\"@type\":\"WebSite\",\"@id\":\"http:\/\/www.collectiviteslocales.gov.tn\/#website\",\"url\":\"http:\/\/www.collectiviteslocales.gov.tn\/\",\"name\":\"\\u0628\\u0648\\u0627\\u0628\\u0629 \\u0627\\u0644\\u062c\\u0645\\u0627\\u0639\\u0627\\u062a \\u0627\\u0644\\u0645\\u062d\\u0644\\u064a\\u0629\",\"description\":\"\\u0628\\u0648\\u0627\\u0628\\u0629 \\u0627\\u0644\\u062c\\u0645\\u0627\\u0639\\u0627\\u062a \\u0627\\u0644\\u0645\\u062d\\u0644\\u064a\\u0629\",\"potentialAction\":[{\"@type\":\"SearchAction\",\"target\":\"http:\/\/www.collectiviteslocales.gov.tn\/?s={search_term_string}\",\"query-input\":\"required name=search_term_string\"}],\"inLanguage\":\"fr-FR\"},{\"@type\":\"ImageObject\",\"@id\":\"http:\/\/www.collectiviteslocales.gov.tn\/%d8%b5%d9%86%d8%af%d9%88%d9%82-%d8%a7%d9%84%d9%82%d8%b1%d9%88%d8%b6-%d9%88%d8%af%d8%b9%d9%85-%d8%a7%d9%84%d8%ac%d9%85%d8%a7%d8%b9%d8%a7%d8%aa-%d8%a7%d9%84%d9%85%d8%ad%d9%84%d9%8a%d8%a9\/#primaryimage\",\"inLanguage\":\"fr-FR\",\"url\":\"http:\/\/www.collectiviteslocales.gov.tn\/wp-content\/uploads\/2019\/12\/cartecpscl.png\",\"contentUrl\":\"http:\/\/www.collectiviteslocales.gov.tn\/wp-content\/uploads\/2019\/12\/cartecpscl.png\",\"width\":1920,\"height\":960},{\"@type\":\"WebPage\",\"@id\":\"http:\/\/www.collectiviteslocales.gov.tn\/%d8%b5%d9%86%d8%af%d9%88%d9%82-%d8%a7%d9%84%d9%82%d8%b1%d9%88%d8%b6-%d9%88%d8%af%d8%b9%d9%85-%d8%a7%d9%84%d8%ac%d9%85%d8%a7%d8%b9%d8%a7%d8%aa-%d8%a7%d9%84%d9%85%d8%ad%d9%84%d9%8a%d8%a9\/#webpage\",\"url\":\"http:\/\/www.collectiviteslocales.gov.tn\/%d8%b5%d9%86%d8%af%d9%88%d9%82-%d8%a7%d9%84%d9%82%d8%b1%d9%88%d8%b6-%d9%88%d8%af%d8%b9%d9%85-%d8%a7%d9%84%d8%ac%d9%85%d8%a7%d8%b9%d8%a7%d8%aa-%d8%a7%d9%84%d9%85%d8%ad%d9%84%d9%8a%d8%a9\/\",\"name\":\"Caisse des Pr\\u00eats et de Soutien des Collectivit\\u00e9s Locales - \\u0628\\u0648\\u0627\\u0628\\u0629 \\u0627\\u0644\\u062c\\u0645\\u0627\\u0639\\u0627\\u062a \\u0627\\u0644\\u0645\\u062d\\u0644\\u064a\\u0629\",\"isPartOf\":{\"@id\":\"http:\/\/www.collectiviteslocales.gov.tn\/#website\"},\"primaryImageOfPage\":{\"@id\":\"http:\/\/www.collectiviteslocales.gov.tn\/%d8%b5%d9%86%d8%af%d9%88%d9%82-%d8%a7%d9%84%d9%82%d8%b1%d9%88%d8%b6-%d9%88%d8%af%d8%b9%d9%85-%d8%a7%d9%84%d8%ac%d9%85%d8%a7%d8%b9%d8%a7%d8%aa-%d8%a7%d9%84%d9%85%d8%ad%d9%84%d9%8a%d8%a9\/#primaryimage\"},\"datePublished\":\"2019-11-08T13:30:49+00:00\",\"dateModified\":\"2020-10-20T12:08:11+00:00\",\"breadcrumb\":{\"@id\":\"http:\/\/www.collectiviteslocales.gov.tn\/%d8%b5%d9%86%d8%af%d9%88%d9%82-%d8%a7%d9%84%d9%82%d8%b1%d9%88%d8%b6-%d9%88%d8%af%d8%b9%d9%85-%d8%a7%d9%84%d8%ac%d9%85%d8%a7%d8%b9%d8%a7%d8%aa-%d8%a7%d9%84%d9%85%d8%ad%d9%84%d9%8a%d8%a9\/#breadcrumb\"},\"inLanguage\":\"fr-FR\",\"potentialAction\":[{\"@type\":\"ReadAction\",\"target\":[\"http:\/\/www.collectiviteslocales.gov.tn\/%d8%b5%d9%86%d8%af%d9%88%d9%82-%d8%a7%d9%84%d9%82%d8%b1%d9%88%d8%b6-%d9%88%d8%af%d8%b9%d9%85-%d8%a7%d9%84%d8%ac%d9%85%d8%a7%d8%b9%d8%a7%d8%aa-%d8%a7%d9%84%d9%85%d8%ad%d9%84%d9%8a%d8%a9\/\"]}]},{\"@type\":\"BreadcrumbList\",\"@id\":\"http:\/\/www.collectiviteslocales.gov.tn\/%d8%b5%d9%86%d8%af%d9%88%d9%82-%d8%a7%d9%84%d9%82%d8%b1%d9%88%d8%b6-%d9%88%d8%af%d8%b9%d9%85-%d8%a7%d9%84%d8%ac%d9%85%d8%a7%d8%b9%d8%a7%d8%aa-%d8%a7%d9%84%d9%85%d8%ad%d9%84%d9%8a%d8%a9\/#breadcrumb\",\"itemListElement\":[{\"@type\":\"ListItem\",\"position\":1,\"item\":{\"@type\":\"WebPage\",\"@id\":\"http:\/\/www.collectiviteslocales.gov.tn\/\",\"url\":\"http:\/\/www.collectiviteslocales.gov.tn\/\",\"name\":\"Accueil\"}},{\"@type\":\"ListItem\",\"position\":2,\"item\":{\"@id\":\"http:\/\/www.collectiviteslocales.gov.tn\/%d8%b5%d9%86%d8%af%d9%88%d9%82-%d8%a7%d9%84%d9%82%d8%b1%d9%88%d8%b6-%d9%88%d8%af%d8%b9%d9%85-%d8%a7%d9%84%d8%ac%d9%85%d8%a7%d8%b9%d8%a7%d8%aa-%d8%a7%d9%84%d9%85%d8%ad%d9%84%d9%8a%d8%a9\/#webpage\"}}]}]}<\/script>\n<!-- \/ Yoast SEO plugin. -->","_links":{"self":[{"href":"http:\/\/www.collectiviteslocales.gov.tn\/fr\/wp-json\/wp\/v2\/pages\/3036"}],"collection":[{"href":"http:\/\/www.collectiviteslocales.gov.tn\/fr\/wp-json\/wp\/v2\/pages"}],"about":[{"href":"http:\/\/www.collectiviteslocales.gov.tn\/fr\/wp-json\/wp\/v2\/types\/page"}],"author":[{"embeddable":true,"href":"http:\/\/www.collectiviteslocales.gov.tn\/fr\/wp-json\/wp\/v2\/users\/4"}],"replies":[{"embeddable":true,"href":"http:\/\/www.collectiviteslocales.gov.tn\/fr\/wp-json\/wp\/v2\/comments?post=3036"}],"version-history":[{"count":21,"href":"http:\/\/www.collectiviteslocales.gov.tn\/fr\/wp-json\/wp\/v2\/pages\/3036\/revisions"}],"predecessor-version":[{"id":8070,"href":"http:\/\/www.collectiviteslocales.gov.tn\/fr\/wp-json\/wp\/v2\/pages\/3036\/revisions\/8070"}],"wp:attachment":[{"href":"http:\/\/www.collectiviteslocales.gov.tn\/fr\/wp-json\/wp\/v2\/media?parent=3036"}],"curies":[{"name":"wp","href":"https:\/\/api.w.org\/{rel}","templated":true}]}}