{"id":3078,"date":"2019-11-08T15:47:59","date_gmt":"2019-11-08T14:47:59","guid":{"rendered":"http:\/\/www.collectiviteslocales.gov.tn\/?page_id=3078"},"modified":"2019-12-23T11:20:59","modified_gmt":"2019-12-23T10:20:59","slug":"la-haute-instance-des-finances-locales","status":"publish","type":"page","link":"http:\/\/www.collectiviteslocales.gov.tn\/fr\/la-haute-instance-des-finances-locales\/","title":{"rendered":"La Haute Instance des Finances Locales"},"content":{"rendered":"<div class=\"clear\"><\/div><div class=\"toggle open\"><h3 class=\"toggle-head-open\">Pr\u00e9sentation<i class=\"fa fa-angle-up\"><\/i><\/h3><h3 class=\"toggle-head-close\">Pr\u00e9sentation<i class=\"fa fa-angle-down\"><\/i><\/h3><div class=\"toggle-content\">\n\t\t\t\nLa Haute Instance des finances locales a \u00e9t\u00e9 cr\u00e9\u00e9, sous la tutelle du Haut Conseil des collectivit\u00e9s locales, sa mission est d\u2019examiner toutes les questions relatives \u00e0 la finance locale, sa consolidation,<br \/>\nsa modernisation et sa bonne gestion conform\u00e9ment aux r\u00e8gles de bonne gouvernance, afin de promouvoir l\u2019autonomie financi\u00e8re des collectivit\u00e9s locales et de r\u00e9duire les disparit\u00e9s entre elles.\n\t\t\t<\/div><\/div>\n<div class=\"clear\"><\/div><div class=\"toggle close\"><h3 class=\"toggle-head-open\">Missions<i class=\"fa fa-angle-up\"><\/i><\/h3><h3 class=\"toggle-head-close\">Missions<i class=\"fa fa-angle-down\"><\/i><\/h3><div class=\"toggle-content\">\n\t\t\t\n<div class=\"plus tie-list-shortcode\"><\/div>\n<ul>\n<li>Pr\u00e9senter des propositions au gouvernement pour am\u00e9liorer les finances locales \u00e0 l\u2019effet de renforcer les capacit\u00e9s financi\u00e8res des collectivit\u00e9s locales \u00e0 satisfaire les affaires locales,<\/li>\n<li>Proposer les estimations des ressources financi\u00e8res pouvant \u00eatre transf\u00e9r\u00e9es aux collectivit\u00e9s locales dans le projet du budget de l\u2019Etat,<\/li>\n<li>Proposer les crit\u00e8res de r\u00e9partition des transferts de l\u2019Etat aux collectivit\u00e9s locales,<\/li>\n<li>Assurer le suivi de l\u2019ex\u00e9cution de la r\u00e9partition des quotes-parts revenant \u00e0 chaque collectivit\u00e9 locale des cr\u00e9dits du fonds d\u2019appui \u00e0 la d\u00e9centralisation, de r\u00e9gularisation, de p\u00e9r\u00e9quation et de solidarit\u00e9 entre les collectivit\u00e9s locales et, le cas \u00e9ch\u00e9ant, en proposer les modifications n\u00e9cessaires,<\/li>\n<li>Etablir des \u00e9tudes pr\u00e9alables du co\u00fbt estimatif des transferts ou \u00e9largissement des comp\u00e9tences en concertation avec les services de l\u2019autorit\u00e9 centrale,<\/li>\n<li>Effectuer les analyses financi\u00e8res des diff\u00e9rentes collectivit\u00e9s locales \u00e0 la lumi\u00e8re des \u00e9tats financiers qui lui sont obligatoirement transf\u00e9r\u00e9s par lesdites collectivit\u00e9s,<\/li>\n<li>Examiner le volume des r\u00e9mun\u00e9rations publiques des collectivit\u00e9s locales conform\u00e9ment aux dispositions de l\u2019article 9 de la pr\u00e9sente loi,<\/li>\n<li>Assurer le suivi de l\u2019endettement des collectivit\u00e9s locales,<\/li>\n<li>R\u00e9aliser, de mani\u00e8re p\u00e9riodique, et tous les trois ans, les \u00e9tudes d\u2019\u00e9valuation et de prospection des finances locales.<\/li>\n<\/ul>\n\n\t\t\t<\/div><\/div>\n<div class=\"clear\"><\/div><div class=\"toggle open\"><h3 class=\"toggle-head-open\">Contact<i class=\"fa fa-angle-up\"><\/i><\/h3><h3 class=\"toggle-head-close\">Contact<i class=\"fa fa-angle-down\"><\/i><\/h3><div class=\"toggle-content\">\n\t\t\t\n<div class=\"google-map \"><iframe width=\"600\" height=\"250\" frameborder=\"0\" scrolling=\"no\" marginheight=\"0\" marginwidth=\"0\" src=\"https:\/\/www.google.com\/maps\/embed?pb=!1m18!1m12!1m3!1d3193.344470471632!2d10.185576514519587!3d36.83422537994161!2m3!1f0!2f0!3f0!3m2!1i1024!2i768!4f13.1!3m3!1m2!1s0x12fd34943dc721ad%3A0x5fa995c50a98fc99!2sCPSCL!5e0!3m2!1sen!2stn!4v1576689759357!5m2!1sen!2stn&amp;output=embed\"><\/iframe><\/div>\n\n\t\t\t<\/div><\/div>\n","protected":false},"excerpt":{"rendered":"","protected":false},"author":5,"featured_media":0,"parent":0,"menu_order":0,"comment_status":"closed","ping_status":"closed","template":"","meta":[],"yoast_head":"<!-- This site is optimized with the Yoast SEO plugin v16.3 - https:\/\/yoast.com\/wordpress\/plugins\/seo\/ -->\n<title>La Haute Instance des Finances Locales - \u0628\u0648\u0627\u0628\u0629 \u0627\u0644\u062c\u0645\u0627\u0639\u0627\u062a \u0627\u0644\u0645\u062d\u0644\u064a\u0629<\/title>\n<meta name=\"robots\" content=\"index, follow, max-snippet:-1, max-image-preview:large, max-video-preview:-1\" \/>\n<link rel=\"canonical\" href=\"http:\/\/www.collectiviteslocales.gov.tn\/fr\/\u0627\u0644\u0647\u064a\u0626\u0629-\u0627\u0644\u0639\u0644\u064a\u0627-\u0644\u0644\u0645\u0627\u0644\u064a\u0629-\u0627\u0644\u0645\u062d\u0644\u064a\u0629\/\" \/>\n<meta property=\"og:locale\" content=\"fr_FR\" \/>\n<meta property=\"og:type\" content=\"article\" \/>\n<meta property=\"og:title\" content=\"La Haute Instance des Finances Locales - \u0628\u0648\u0627\u0628\u0629 \u0627\u0644\u062c\u0645\u0627\u0639\u0627\u062a \u0627\u0644\u0645\u062d\u0644\u064a\u0629\" \/>\n<meta property=\"og:url\" content=\"http:\/\/www.collectiviteslocales.gov.tn\/\u0627\u0644\u0647\u064a\u0626\u0629-\u0627\u0644\u0639\u0644\u064a\u0627-\u0644\u0644\u0645\u0627\u0644\u064a\u0629-\u0627\u0644\u0645\u062d\u0644\u064a\u0629\/\" \/>\n<meta property=\"og:site_name\" content=\"\u0628\u0648\u0627\u0628\u0629 \u0627\u0644\u062c\u0645\u0627\u0639\u0627\u062a \u0627\u0644\u0645\u062d\u0644\u064a\u0629\" \/>\n<meta property=\"article:modified_time\" content=\"2019-12-23T10:20:59+00:00\" \/>\n<meta name=\"twitter:card\" content=\"summary_large_image\" \/>\n<meta name=\"twitter:label1\" content=\"Dur\u00e9e de lecture est.\">\n\t<meta name=\"twitter:data1\" content=\"2 minutes\">\n<script type=\"application\/ld+json\" class=\"yoast-schema-graph\">{\"@context\":\"https:\/\/schema.org\",\"@graph\":[{\"@type\":\"WebSite\",\"@id\":\"http:\/\/www.collectiviteslocales.gov.tn\/#website\",\"url\":\"http:\/\/www.collectiviteslocales.gov.tn\/\",\"name\":\"\\u0628\\u0648\\u0627\\u0628\\u0629 \\u0627\\u0644\\u062c\\u0645\\u0627\\u0639\\u0627\\u062a \\u0627\\u0644\\u0645\\u062d\\u0644\\u064a\\u0629\",\"description\":\"\\u0628\\u0648\\u0627\\u0628\\u0629 \\u0627\\u0644\\u062c\\u0645\\u0627\\u0639\\u0627\\u062a \\u0627\\u0644\\u0645\\u062d\\u0644\\u064a\\u0629\",\"potentialAction\":[{\"@type\":\"SearchAction\",\"target\":\"http:\/\/www.collectiviteslocales.gov.tn\/?s={search_term_string}\",\"query-input\":\"required name=search_term_string\"}],\"inLanguage\":\"fr-FR\"},{\"@type\":\"WebPage\",\"@id\":\"http:\/\/www.collectiviteslocales.gov.tn\/%d8%a7%d9%84%d9%87%d9%8a%d8%a6%d8%a9-%d8%a7%d9%84%d8%b9%d9%84%d9%8a%d8%a7-%d9%84%d9%84%d9%85%d8%a7%d9%84%d9%8a%d8%a9-%d8%a7%d9%84%d9%85%d8%ad%d9%84%d9%8a%d8%a9\/#webpage\",\"url\":\"http:\/\/www.collectiviteslocales.gov.tn\/%d8%a7%d9%84%d9%87%d9%8a%d8%a6%d8%a9-%d8%a7%d9%84%d8%b9%d9%84%d9%8a%d8%a7-%d9%84%d9%84%d9%85%d8%a7%d9%84%d9%8a%d8%a9-%d8%a7%d9%84%d9%85%d8%ad%d9%84%d9%8a%d8%a9\/\",\"name\":\"La Haute Instance des Finances Locales - \\u0628\\u0648\\u0627\\u0628\\u0629 \\u0627\\u0644\\u062c\\u0645\\u0627\\u0639\\u0627\\u062a \\u0627\\u0644\\u0645\\u062d\\u0644\\u064a\\u0629\",\"isPartOf\":{\"@id\":\"http:\/\/www.collectiviteslocales.gov.tn\/#website\"},\"datePublished\":\"2019-11-08T14:47:59+00:00\",\"dateModified\":\"2019-12-23T10:20:59+00:00\",\"breadcrumb\":{\"@id\":\"http:\/\/www.collectiviteslocales.gov.tn\/%d8%a7%d9%84%d9%87%d9%8a%d8%a6%d8%a9-%d8%a7%d9%84%d8%b9%d9%84%d9%8a%d8%a7-%d9%84%d9%84%d9%85%d8%a7%d9%84%d9%8a%d8%a9-%d8%a7%d9%84%d9%85%d8%ad%d9%84%d9%8a%d8%a9\/#breadcrumb\"},\"inLanguage\":\"fr-FR\",\"potentialAction\":[{\"@type\":\"ReadAction\",\"target\":[\"http:\/\/www.collectiviteslocales.gov.tn\/%d8%a7%d9%84%d9%87%d9%8a%d8%a6%d8%a9-%d8%a7%d9%84%d8%b9%d9%84%d9%8a%d8%a7-%d9%84%d9%84%d9%85%d8%a7%d9%84%d9%8a%d8%a9-%d8%a7%d9%84%d9%85%d8%ad%d9%84%d9%8a%d8%a9\/\"]}]},{\"@type\":\"BreadcrumbList\",\"@id\":\"http:\/\/www.collectiviteslocales.gov.tn\/%d8%a7%d9%84%d9%87%d9%8a%d8%a6%d8%a9-%d8%a7%d9%84%d8%b9%d9%84%d9%8a%d8%a7-%d9%84%d9%84%d9%85%d8%a7%d9%84%d9%8a%d8%a9-%d8%a7%d9%84%d9%85%d8%ad%d9%84%d9%8a%d8%a9\/#breadcrumb\",\"itemListElement\":[{\"@type\":\"ListItem\",\"position\":1,\"item\":{\"@type\":\"WebPage\",\"@id\":\"http:\/\/www.collectiviteslocales.gov.tn\/\",\"url\":\"http:\/\/www.collectiviteslocales.gov.tn\/\",\"name\":\"Accueil\"}},{\"@type\":\"ListItem\",\"position\":2,\"item\":{\"@id\":\"http:\/\/www.collectiviteslocales.gov.tn\/%d8%a7%d9%84%d9%87%d9%8a%d8%a6%d8%a9-%d8%a7%d9%84%d8%b9%d9%84%d9%8a%d8%a7-%d9%84%d9%84%d9%85%d8%a7%d9%84%d9%8a%d8%a9-%d8%a7%d9%84%d9%85%d8%ad%d9%84%d9%8a%d8%a9\/#webpage\"}}]}]}<\/script>\n<!-- \/ Yoast SEO plugin. -->","_links":{"self":[{"href":"http:\/\/www.collectiviteslocales.gov.tn\/fr\/wp-json\/wp\/v2\/pages\/3078"}],"collection":[{"href":"http:\/\/www.collectiviteslocales.gov.tn\/fr\/wp-json\/wp\/v2\/pages"}],"about":[{"href":"http:\/\/www.collectiviteslocales.gov.tn\/fr\/wp-json\/wp\/v2\/types\/page"}],"author":[{"embeddable":true,"href":"http:\/\/www.collectiviteslocales.gov.tn\/fr\/wp-json\/wp\/v2\/users\/5"}],"replies":[{"embeddable":true,"href":"http:\/\/www.collectiviteslocales.gov.tn\/fr\/wp-json\/wp\/v2\/comments?post=3078"}],"version-history":[{"count":24,"href":"http:\/\/www.collectiviteslocales.gov.tn\/fr\/wp-json\/wp\/v2\/pages\/3078\/revisions"}],"predecessor-version":[{"id":4290,"href":"http:\/\/www.collectiviteslocales.gov.tn\/fr\/wp-json\/wp\/v2\/pages\/3078\/revisions\/4290"}],"wp:attachment":[{"href":"http:\/\/www.collectiviteslocales.gov.tn\/fr\/wp-json\/wp\/v2\/media?parent=3078"}],"curies":[{"name":"wp","href":"https:\/\/api.w.org\/{rel}","templated":true}]}}