{"id":3340,"date":"2019-11-11T16:24:51","date_gmt":"2019-11-11T15:24:51","guid":{"rendered":"http:\/\/www.collectiviteslocales.gov.tn\/?page_id=3340"},"modified":"2019-12-19T12:00:20","modified_gmt":"2019-12-19T11:00:20","slug":"les-region","status":"publish","type":"page","link":"http:\/\/www.collectiviteslocales.gov.tn\/fr\/les-region\/","title":{"rendered":"Les R\u00e9gions"},"content":{"rendered":"\n<figure class=\"wp-block-image size-large\"><img loading=\"lazy\" width=\"1024\" height=\"592\" src=\"http:\/\/www.collectiviteslocales.gov.tn\/wp-content\/uploads\/2019\/12\/tunisie2-1-1024x592.png\" alt=\"\" class=\"wp-image-4235\" srcset=\"http:\/\/www.collectiviteslocales.gov.tn\/wp-content\/uploads\/2019\/12\/tunisie2-1-1024x592.png 1024w, http:\/\/www.collectiviteslocales.gov.tn\/wp-content\/uploads\/2019\/12\/tunisie2-1-300x173.png 300w, http:\/\/www.collectiviteslocales.gov.tn\/wp-content\/uploads\/2019\/12\/tunisie2-1-768x444.png 768w, http:\/\/www.collectiviteslocales.gov.tn\/wp-content\/uploads\/2019\/12\/tunisie2-1.png 1494w\" sizes=\"(max-width: 1024px) 100vw, 1024px\" \/><\/figure>\n\n\n\n<p>La r\u00e9gion est une collectivit\u00e9 locale dot\u00e9e de la personnalit\u00e9 juridique et de l\u2019autonomie administrative et financi\u00e8re. Elle g\u00e8re conform\u00e9ment au principe de la libre administration, les affaires r\u00e9gionales et \u0153uvre, dans les limites de son p\u00e9rim\u00e8tre territorial, pour la r\u00e9alisation d\u2019un d\u00e9veloppement global et solidaire et \u00e0 la compl\u00e9mentarit\u00e9 des divers projets de d\u00e9veloppement et services publics ainsi qu\u2019\u00e0 leur consolidation avec le concours et en concertation avec l\u2019autorit\u00e9 centrale et les autres collectivit\u00e9s locales.<br> Article 293 du code des collectivit\u00e9s locales <\/p>\n","protected":false},"excerpt":{"rendered":"<p>La r\u00e9gion est une collectivit\u00e9 locale dot\u00e9e de la personnalit\u00e9 juridique et de l\u2019autonomie administrative et financi\u00e8re. Elle g\u00e8re conform\u00e9ment au principe de la libre administration, les affaires r\u00e9gionales et \u0153uvre, dans les limites de son p\u00e9rim\u00e8tre territorial, pour la r\u00e9alisation d\u2019un d\u00e9veloppement global et solidaire et \u00e0 la compl\u00e9mentarit\u00e9 des divers projets de d\u00e9veloppement &hellip;<\/p>\n","protected":false},"author":4,"featured_media":0,"parent":0,"menu_order":0,"comment_status":"closed","ping_status":"closed","template":"","meta":[],"yoast_head":"<!-- This site is optimized with the Yoast SEO plugin v16.3 - https:\/\/yoast.com\/wordpress\/plugins\/seo\/ -->\n<title>Les R\u00e9gions - \u0628\u0648\u0627\u0628\u0629 \u0627\u0644\u062c\u0645\u0627\u0639\u0627\u062a \u0627\u0644\u0645\u062d\u0644\u064a\u0629<\/title>\n<meta name=\"robots\" content=\"index, follow, max-snippet:-1, max-image-preview:large, max-video-preview:-1\" \/>\n<link rel=\"canonical\" href=\"http:\/\/www.collectiviteslocales.gov.tn\/fr\/\u0627\u0644\u062c\u0647\u0627\u062a\/\" \/>\n<meta property=\"og:locale\" content=\"fr_FR\" \/>\n<meta property=\"og:type\" content=\"article\" \/>\n<meta property=\"og:title\" content=\"Les R\u00e9gions - \u0628\u0648\u0627\u0628\u0629 \u0627\u0644\u062c\u0645\u0627\u0639\u0627\u062a \u0627\u0644\u0645\u062d\u0644\u064a\u0629\" \/>\n<meta property=\"og:description\" content=\"La r\u00e9gion est une collectivit\u00e9 locale dot\u00e9e de la personnalit\u00e9 juridique et de l\u2019autonomie administrative et financi\u00e8re. Elle g\u00e8re conform\u00e9ment au principe de la libre administration, les affaires r\u00e9gionales et \u0153uvre, dans les limites de son p\u00e9rim\u00e8tre territorial, pour la r\u00e9alisation d\u2019un d\u00e9veloppement global et solidaire et \u00e0 la compl\u00e9mentarit\u00e9 des divers projets de d\u00e9veloppement &hellip;\" \/>\n<meta property=\"og:url\" content=\"http:\/\/www.collectiviteslocales.gov.tn\/\u0627\u0644\u062c\u0647\u0627\u062a\/\" \/>\n<meta property=\"og:site_name\" content=\"\u0628\u0648\u0627\u0628\u0629 \u0627\u0644\u062c\u0645\u0627\u0639\u0627\u062a \u0627\u0644\u0645\u062d\u0644\u064a\u0629\" \/>\n<meta property=\"article:modified_time\" content=\"2019-12-19T11:00:20+00:00\" \/>\n<meta property=\"og:image\" content=\"http:\/\/www.collectiviteslocales.gov.tn\/wp-content\/uploads\/2019\/12\/tunisie2-1-1024x592.png\" \/>\n<meta name=\"twitter:card\" content=\"summary_large_image\" \/>\n<script type=\"application\/ld+json\" class=\"yoast-schema-graph\">{\"@context\":\"https:\/\/schema.org\",\"@graph\":[{\"@type\":\"WebSite\",\"@id\":\"http:\/\/www.collectiviteslocales.gov.tn\/#website\",\"url\":\"http:\/\/www.collectiviteslocales.gov.tn\/\",\"name\":\"\\u0628\\u0648\\u0627\\u0628\\u0629 \\u0627\\u0644\\u062c\\u0645\\u0627\\u0639\\u0627\\u062a \\u0627\\u0644\\u0645\\u062d\\u0644\\u064a\\u0629\",\"description\":\"\\u0628\\u0648\\u0627\\u0628\\u0629 \\u0627\\u0644\\u062c\\u0645\\u0627\\u0639\\u0627\\u062a \\u0627\\u0644\\u0645\\u062d\\u0644\\u064a\\u0629\",\"potentialAction\":[{\"@type\":\"SearchAction\",\"target\":\"http:\/\/www.collectiviteslocales.gov.tn\/?s={search_term_string}\",\"query-input\":\"required name=search_term_string\"}],\"inLanguage\":\"fr-FR\"},{\"@type\":\"ImageObject\",\"@id\":\"http:\/\/www.collectiviteslocales.gov.tn\/%d8%a7%d9%84%d8%ac%d9%87%d8%a7%d8%aa\/#primaryimage\",\"inLanguage\":\"fr-FR\",\"url\":\"http:\/\/www.collectiviteslocales.gov.tn\/wp-content\/uploads\/2019\/12\/tunisie2-1.png\",\"contentUrl\":\"http:\/\/www.collectiviteslocales.gov.tn\/wp-content\/uploads\/2019\/12\/tunisie2-1.png\",\"width\":1494,\"height\":864},{\"@type\":\"WebPage\",\"@id\":\"http:\/\/www.collectiviteslocales.gov.tn\/%d8%a7%d9%84%d8%ac%d9%87%d8%a7%d8%aa\/#webpage\",\"url\":\"http:\/\/www.collectiviteslocales.gov.tn\/%d8%a7%d9%84%d8%ac%d9%87%d8%a7%d8%aa\/\",\"name\":\"Les R\\u00e9gions - \\u0628\\u0648\\u0627\\u0628\\u0629 \\u0627\\u0644\\u062c\\u0645\\u0627\\u0639\\u0627\\u062a \\u0627\\u0644\\u0645\\u062d\\u0644\\u064a\\u0629\",\"isPartOf\":{\"@id\":\"http:\/\/www.collectiviteslocales.gov.tn\/#website\"},\"primaryImageOfPage\":{\"@id\":\"http:\/\/www.collectiviteslocales.gov.tn\/%d8%a7%d9%84%d8%ac%d9%87%d8%a7%d8%aa\/#primaryimage\"},\"datePublished\":\"2019-11-11T15:24:51+00:00\",\"dateModified\":\"2019-12-19T11:00:20+00:00\",\"breadcrumb\":{\"@id\":\"http:\/\/www.collectiviteslocales.gov.tn\/%d8%a7%d9%84%d8%ac%d9%87%d8%a7%d8%aa\/#breadcrumb\"},\"inLanguage\":\"fr-FR\",\"potentialAction\":[{\"@type\":\"ReadAction\",\"target\":[\"http:\/\/www.collectiviteslocales.gov.tn\/%d8%a7%d9%84%d8%ac%d9%87%d8%a7%d8%aa\/\"]}]},{\"@type\":\"BreadcrumbList\",\"@id\":\"http:\/\/www.collectiviteslocales.gov.tn\/%d8%a7%d9%84%d8%ac%d9%87%d8%a7%d8%aa\/#breadcrumb\",\"itemListElement\":[{\"@type\":\"ListItem\",\"position\":1,\"item\":{\"@type\":\"WebPage\",\"@id\":\"http:\/\/www.collectiviteslocales.gov.tn\/\",\"url\":\"http:\/\/www.collectiviteslocales.gov.tn\/\",\"name\":\"Accueil\"}},{\"@type\":\"ListItem\",\"position\":2,\"item\":{\"@id\":\"http:\/\/www.collectiviteslocales.gov.tn\/%d8%a7%d9%84%d8%ac%d9%87%d8%a7%d8%aa\/#webpage\"}}]}]}<\/script>\n<!-- \/ Yoast SEO plugin. -->","_links":{"self":[{"href":"http:\/\/www.collectiviteslocales.gov.tn\/fr\/wp-json\/wp\/v2\/pages\/3340"}],"collection":[{"href":"http:\/\/www.collectiviteslocales.gov.tn\/fr\/wp-json\/wp\/v2\/pages"}],"about":[{"href":"http:\/\/www.collectiviteslocales.gov.tn\/fr\/wp-json\/wp\/v2\/types\/page"}],"author":[{"embeddable":true,"href":"http:\/\/www.collectiviteslocales.gov.tn\/fr\/wp-json\/wp\/v2\/users\/4"}],"replies":[{"embeddable":true,"href":"http:\/\/www.collectiviteslocales.gov.tn\/fr\/wp-json\/wp\/v2\/comments?post=3340"}],"version-history":[{"count":6,"href":"http:\/\/www.collectiviteslocales.gov.tn\/fr\/wp-json\/wp\/v2\/pages\/3340\/revisions"}],"predecessor-version":[{"id":4237,"href":"http:\/\/www.collectiviteslocales.gov.tn\/fr\/wp-json\/wp\/v2\/pages\/3340\/revisions\/4237"}],"wp:attachment":[{"href":"http:\/\/www.collectiviteslocales.gov.tn\/fr\/wp-json\/wp\/v2\/media?parent=3340"}],"curies":[{"name":"wp","href":"https:\/\/api.w.org\/{rel}","templated":true}]}}