{"id":3351,"date":"2019-11-11T16:29:09","date_gmt":"2019-11-11T15:29:09","guid":{"rendered":"http:\/\/www.collectiviteslocales.gov.tn\/?page_id=3351"},"modified":"2019-12-19T12:31:55","modified_gmt":"2019-12-19T11:31:55","slug":"les-districts","status":"publish","type":"page","link":"http:\/\/www.collectiviteslocales.gov.tn\/fr\/les-districts\/","title":{"rendered":"Les districts"},"content":{"rendered":"\n<figure class=\"wp-block-image size-large\"><img loading=\"lazy\" width=\"1024\" height=\"471\" src=\"http:\/\/www.collectiviteslocales.gov.tn\/wp-content\/uploads\/2019\/12\/structurepouvoirlocales-1024x471.png\" alt=\"\" class=\"wp-image-4245\" srcset=\"http:\/\/www.collectiviteslocales.gov.tn\/wp-content\/uploads\/2019\/12\/structurepouvoirlocales-1024x471.png 1024w, http:\/\/www.collectiviteslocales.gov.tn\/wp-content\/uploads\/2019\/12\/structurepouvoirlocales-300x138.png 300w, http:\/\/www.collectiviteslocales.gov.tn\/wp-content\/uploads\/2019\/12\/structurepouvoirlocales-768x353.png 768w, http:\/\/www.collectiviteslocales.gov.tn\/wp-content\/uploads\/2019\/12\/structurepouvoirlocales.png 1494w\" sizes=\"(max-width: 1024px) 100vw, 1024px\" \/><\/figure>\n\n\n\n<p>Le district est une collectivit\u00e9 locale dot\u00e9e de la personnalit\u00e9 juridique et de l\u2019autonomie administrative et financi\u00e8re qui \u0153uvre pour l\u2019int\u00e9gration et la compl\u00e9mentarit\u00e9 du d\u00e9veloppement \u00e9conomique global, \u00e9quilibr\u00e9 et juste entre toutes les zones qui le composent.<\/p>\n\n\n\n<p> Article 356 du code des collectivit\u00e9s locales <\/p>\n","protected":false},"excerpt":{"rendered":"<p>Le district est une collectivit\u00e9 locale dot\u00e9e de la personnalit\u00e9 juridique et de l\u2019autonomie administrative et financi\u00e8re qui \u0153uvre pour l\u2019int\u00e9gration et la compl\u00e9mentarit\u00e9 du d\u00e9veloppement \u00e9conomique global, \u00e9quilibr\u00e9 et juste entre toutes les zones qui le composent. Article 356 du code des collectivit\u00e9s locales<\/p>\n","protected":false},"author":4,"featured_media":0,"parent":0,"menu_order":0,"comment_status":"closed","ping_status":"closed","template":"","meta":[],"yoast_head":"<!-- This site is optimized with the Yoast SEO plugin v16.3 - https:\/\/yoast.com\/wordpress\/plugins\/seo\/ -->\n<title>Les districts - \u0628\u0648\u0627\u0628\u0629 \u0627\u0644\u062c\u0645\u0627\u0639\u0627\u062a \u0627\u0644\u0645\u062d\u0644\u064a\u0629<\/title>\n<meta name=\"robots\" content=\"index, follow, max-snippet:-1, max-image-preview:large, max-video-preview:-1\" \/>\n<link rel=\"canonical\" href=\"http:\/\/www.collectiviteslocales.gov.tn\/fr\/\u0627\u0644\u0623\u0642\u0627\u0644\u064a\u0645\/\" \/>\n<meta property=\"og:locale\" content=\"fr_FR\" \/>\n<meta property=\"og:type\" content=\"article\" \/>\n<meta property=\"og:title\" content=\"Les districts - \u0628\u0648\u0627\u0628\u0629 \u0627\u0644\u062c\u0645\u0627\u0639\u0627\u062a \u0627\u0644\u0645\u062d\u0644\u064a\u0629\" \/>\n<meta property=\"og:description\" content=\"Le district est une collectivit\u00e9 locale dot\u00e9e de la personnalit\u00e9 juridique et de l\u2019autonomie administrative et financi\u00e8re qui \u0153uvre pour l\u2019int\u00e9gration et la compl\u00e9mentarit\u00e9 du d\u00e9veloppement \u00e9conomique global, \u00e9quilibr\u00e9 et juste entre toutes les zones qui le composent. Article 356 du code des collectivit\u00e9s locales\" \/>\n<meta property=\"og:url\" content=\"http:\/\/www.collectiviteslocales.gov.tn\/\u0627\u0644\u0623\u0642\u0627\u0644\u064a\u0645\/\" \/>\n<meta property=\"og:site_name\" content=\"\u0628\u0648\u0627\u0628\u0629 \u0627\u0644\u062c\u0645\u0627\u0639\u0627\u062a \u0627\u0644\u0645\u062d\u0644\u064a\u0629\" \/>\n<meta property=\"article:modified_time\" content=\"2019-12-19T11:31:55+00:00\" \/>\n<meta property=\"og:image\" content=\"http:\/\/www.collectiviteslocales.gov.tn\/wp-content\/uploads\/2019\/12\/structurepouvoirlocales-1024x471.png\" \/>\n<meta name=\"twitter:card\" content=\"summary_large_image\" \/>\n<script type=\"application\/ld+json\" class=\"yoast-schema-graph\">{\"@context\":\"https:\/\/schema.org\",\"@graph\":[{\"@type\":\"WebSite\",\"@id\":\"http:\/\/www.collectiviteslocales.gov.tn\/#website\",\"url\":\"http:\/\/www.collectiviteslocales.gov.tn\/\",\"name\":\"\\u0628\\u0648\\u0627\\u0628\\u0629 \\u0627\\u0644\\u062c\\u0645\\u0627\\u0639\\u0627\\u062a \\u0627\\u0644\\u0645\\u062d\\u0644\\u064a\\u0629\",\"description\":\"\\u0628\\u0648\\u0627\\u0628\\u0629 \\u0627\\u0644\\u062c\\u0645\\u0627\\u0639\\u0627\\u062a \\u0627\\u0644\\u0645\\u062d\\u0644\\u064a\\u0629\",\"potentialAction\":[{\"@type\":\"SearchAction\",\"target\":\"http:\/\/www.collectiviteslocales.gov.tn\/?s={search_term_string}\",\"query-input\":\"required name=search_term_string\"}],\"inLanguage\":\"fr-FR\"},{\"@type\":\"ImageObject\",\"@id\":\"http:\/\/www.collectiviteslocales.gov.tn\/%d8%a7%d9%84%d8%a3%d9%82%d8%a7%d9%84%d9%8a%d9%85\/#primaryimage\",\"inLanguage\":\"fr-FR\",\"url\":\"http:\/\/www.collectiviteslocales.gov.tn\/wp-content\/uploads\/2019\/12\/structurepouvoirlocales.png\",\"contentUrl\":\"http:\/\/www.collectiviteslocales.gov.tn\/wp-content\/uploads\/2019\/12\/structurepouvoirlocales.png\",\"width\":1494,\"height\":687},{\"@type\":\"WebPage\",\"@id\":\"http:\/\/www.collectiviteslocales.gov.tn\/%d8%a7%d9%84%d8%a3%d9%82%d8%a7%d9%84%d9%8a%d9%85\/#webpage\",\"url\":\"http:\/\/www.collectiviteslocales.gov.tn\/%d8%a7%d9%84%d8%a3%d9%82%d8%a7%d9%84%d9%8a%d9%85\/\",\"name\":\"Les districts - \\u0628\\u0648\\u0627\\u0628\\u0629 \\u0627\\u0644\\u062c\\u0645\\u0627\\u0639\\u0627\\u062a \\u0627\\u0644\\u0645\\u062d\\u0644\\u064a\\u0629\",\"isPartOf\":{\"@id\":\"http:\/\/www.collectiviteslocales.gov.tn\/#website\"},\"primaryImageOfPage\":{\"@id\":\"http:\/\/www.collectiviteslocales.gov.tn\/%d8%a7%d9%84%d8%a3%d9%82%d8%a7%d9%84%d9%8a%d9%85\/#primaryimage\"},\"datePublished\":\"2019-11-11T15:29:09+00:00\",\"dateModified\":\"2019-12-19T11:31:55+00:00\",\"breadcrumb\":{\"@id\":\"http:\/\/www.collectiviteslocales.gov.tn\/%d8%a7%d9%84%d8%a3%d9%82%d8%a7%d9%84%d9%8a%d9%85\/#breadcrumb\"},\"inLanguage\":\"fr-FR\",\"potentialAction\":[{\"@type\":\"ReadAction\",\"target\":[\"http:\/\/www.collectiviteslocales.gov.tn\/%d8%a7%d9%84%d8%a3%d9%82%d8%a7%d9%84%d9%8a%d9%85\/\"]}]},{\"@type\":\"BreadcrumbList\",\"@id\":\"http:\/\/www.collectiviteslocales.gov.tn\/%d8%a7%d9%84%d8%a3%d9%82%d8%a7%d9%84%d9%8a%d9%85\/#breadcrumb\",\"itemListElement\":[{\"@type\":\"ListItem\",\"position\":1,\"item\":{\"@type\":\"WebPage\",\"@id\":\"http:\/\/www.collectiviteslocales.gov.tn\/\",\"url\":\"http:\/\/www.collectiviteslocales.gov.tn\/\",\"name\":\"Accueil\"}},{\"@type\":\"ListItem\",\"position\":2,\"item\":{\"@id\":\"http:\/\/www.collectiviteslocales.gov.tn\/%d8%a7%d9%84%d8%a3%d9%82%d8%a7%d9%84%d9%8a%d9%85\/#webpage\"}}]}]}<\/script>\n<!-- \/ Yoast SEO plugin. -->","_links":{"self":[{"href":"http:\/\/www.collectiviteslocales.gov.tn\/fr\/wp-json\/wp\/v2\/pages\/3351"}],"collection":[{"href":"http:\/\/www.collectiviteslocales.gov.tn\/fr\/wp-json\/wp\/v2\/pages"}],"about":[{"href":"http:\/\/www.collectiviteslocales.gov.tn\/fr\/wp-json\/wp\/v2\/types\/page"}],"author":[{"embeddable":true,"href":"http:\/\/www.collectiviteslocales.gov.tn\/fr\/wp-json\/wp\/v2\/users\/4"}],"replies":[{"embeddable":true,"href":"http:\/\/www.collectiviteslocales.gov.tn\/fr\/wp-json\/wp\/v2\/comments?post=3351"}],"version-history":[{"count":3,"href":"http:\/\/www.collectiviteslocales.gov.tn\/fr\/wp-json\/wp\/v2\/pages\/3351\/revisions"}],"predecessor-version":[{"id":4249,"href":"http:\/\/www.collectiviteslocales.gov.tn\/fr\/wp-json\/wp\/v2\/pages\/3351\/revisions\/4249"}],"wp:attachment":[{"href":"http:\/\/www.collectiviteslocales.gov.tn\/fr\/wp-json\/wp\/v2\/media?parent=3351"}],"curies":[{"name":"wp","href":"https:\/\/api.w.org\/{rel}","templated":true}]}}