{"id":6891,"date":"2020-07-27T23:27:48","date_gmt":"2020-07-27T22:27:48","guid":{"rendered":"http:\/\/www.collectiviteslocales.gov.tn\/?page_id=6891"},"modified":"2020-08-06T22:57:45","modified_gmt":"2020-08-06T21:57:45","slug":"indicateurs-des-finances-locales22","status":"publish","type":"page","link":"http:\/\/www.collectiviteslocales.gov.tn\/fr\/indicateurs-des-finances-locales22\/","title":{"rendered":"Indicateurs des finances locales22"},"content":{"rendered":"<h3>Donn\u00e9es Financi\u00e8res Globales(MD)<\/h3>\n<h5><span style=\"color: #800000\">Ex\u00e9cution du Budget<\/span><\/h5>\n\n\t<script type=\"text\/javascript\">\tjQuery(document).ready(function($){\tjQuery(\"ul.tabs-nav\").tabs(\"> .pane\"); }); <\/script>\n\n\t\t<div class=\"post-tabs\">\n\t\t<ul class=\"tabs-nav\"><li>Graphe recettes<\/li><li>Graphe d\u00e9penses<\/li><li>Donn\u00e9es<\/li><\/ul>\n\t\t<div class=\"pane\">\n\t\t<a class=\"lightbox-enabled\" href=\"http:\/\/www.collectiviteslocales.gov.tn\/wp-content\/uploads\/2020\/07\/recettes.png\" data-caption=\"Donn\u00e9es Financi\u00e8res Globales Recettes (MD)\" title=\"Donn\u00e9es Financi\u00e8res Globales Recettes (MD)\"><img loading=\"lazy\" class=\"alignnone wp-image-6972 size-full\" src=\"http:\/\/www.collectiviteslocales.gov.tn\/wp-content\/uploads\/2020\/07\/recettes.png\" alt=\"\" width=\"830\" height=\"521\"><\/a>\n<a href=\"http:\/\/www.collectiviteslocales.gov.tn\/wp-content\/uploads\/2020\/07\/Donn\u00e9es-Financi\u00e8res-Globales.csv\" target=\"_blank\" class=\"shortc-button small green \"><i class=\"fa fas fa-download\"><\/i>.CSV <\/a> <a href=\"http:\/\/www.collectiviteslocales.gov.tn\/wp-content\/uploads\/2020\/07\/Donn\u00e9es-Financi\u00e8res-Globales.xls\" target=\"_blank\" class=\"shortc-button small black \"><i class=\"fa fas fa-download\"><\/i>.EXCEL<\/a>\n\n\t\t<\/div>\n\t\n\n\t\t<div class=\"pane\">\n\t\t<a class=\"lightbox-enabled\" href=\"http:\/\/www.collectiviteslocales.gov.tn\/wp-content\/uploads\/2020\/07\/depenses.png\" data-caption=\"Donn\u00e9es Financi\u00e8res Globales D\u00e9penses\" title=\"Donn\u00e9es Financi\u00e8res Globales D\u00e9penses\"><img loading=\"lazy\" class=\"alignnone wp-image-6972 size-full\" src=\"http:\/\/www.collectiviteslocales.gov.tn\/wp-content\/uploads\/2020\/07\/depenses.png\" alt=\"\" width=\"830\" height=\"521\"><\/a>\n\n\t\t<\/div>\n\t\n\n\t\t<div class=\"pane\">\n\t\t\n<table style=\"height: 385px\" width=\"551\">\n<tbody>\n<tr>\n<td rowspan=\"2\" width=\"192\">Ann\u00e9e\/ Montant<\/td>\n<td colspan=\"3\" width=\"465\">Recettes<\/td>\n<td colspan=\"3\" width=\"443\">D\u00e9penses<\/td>\n<\/tr>\n<tr>\n<td width=\"180\">Titre 1 (Fonctionnement)<\/td>\n<td width=\"152\">Titre2&nbsp; (Investissement)<\/td>\n<td width=\"133\">TOTAL<\/td>\n<td width=\"157\">Titre 1 (Fonctionnement)<\/td>\n<td width=\"162\">Titre2&nbsp; (Investissement)<\/td>\n<td width=\"124\">TOTAL<\/td>\n<\/tr>\n<tr>\n<td>2008<\/td>\n<td>458<\/td>\n<td>170<\/td>\n<td>628<\/td>\n<td>375<\/td>\n<td>132<\/td>\n<td>507<\/td>\n<\/tr>\n<tr>\n<td>2009<\/td>\n<td>479<\/td>\n<td>225<\/td>\n<td>704<\/td>\n<td>398<\/td>\n<td>185<\/td>\n<td>583<\/td>\n<\/tr>\n<tr>\n<td>2010<\/td>\n<td>535<\/td>\n<td>233<\/td>\n<td>768<\/td>\n<td>414<\/td>\n<td>188<\/td>\n<td>602<\/td>\n<\/tr>\n<tr>\n<td>2011<\/td>\n<td>561<\/td>\n<td>217<\/td>\n<td>778<\/td>\n<td>446<\/td>\n<td>138<\/td>\n<td>584<\/td>\n<\/tr>\n<tr>\n<td>2012<\/td>\n<td>642<\/td>\n<td>229<\/td>\n<td>871<\/td>\n<td>513<\/td>\n<td>128<\/td>\n<td>641<\/td>\n<\/tr>\n<tr>\n<td>2013<\/td>\n<td>693<\/td>\n<td>271<\/td>\n<td>964<\/td>\n<td>530<\/td>\n<td>171<\/td>\n<td>701<\/td>\n<\/tr>\n<tr>\n<td>2014<\/td>\n<td>740<\/td>\n<td>424<\/td>\n<td>1164<\/td>\n<td>547<\/td>\n<td>289<\/td>\n<td>836<\/td>\n<\/tr>\n<tr>\n<td>2015<\/td>\n<td>814<\/td>\n<td>541<\/td>\n<td>1355<\/td>\n<td>624<\/td>\n<td>281<\/td>\n<td>905<\/td>\n<\/tr>\n<tr>\n<td>2016<\/td>\n<td>853<\/td>\n<td>539<\/td>\n<td>1392<\/td>\n<td>658<\/td>\n<td>275<\/td>\n<td>933<\/td>\n<\/tr>\n<tr>\n<td>2017<\/td>\n<td>921<\/td>\n<td>655<\/td>\n<td>1576<\/td>\n<td>730<\/td>\n<td>315<\/td>\n<td>1045<\/td>\n<\/tr>\n<tr>\n<td>2018<\/td>\n<td>1046<\/td>\n<td>716<\/td>\n<td>1762<\/td>\n<td>788<\/td>\n<td>333<\/td>\n<td>1121<\/td>\n<\/tr>\n<tr>\n<td>2019<\/td>\n<td>1169<\/td>\n<td>848<\/td>\n<td>2017<\/td>\n<td>933<\/td>\n<td>327<\/td>\n<td>1260<\/td>\n<\/tr>\n<\/tbody>\n<\/table>\n\n\t\t<\/div>\n\t\n\t\t<\/div>\n\t\n<div class=\"clear\"><\/div><div style=\"margin-top:20px; margin-bottom:20px;\" class=\"divider divider-double\"><\/div>\n<h3>Dotation exeptionnelle (MD)<\/h3>\n\n\t<script type=\"text\/javascript\">\tjQuery(document).ready(function($){\tjQuery(\"ul.tabs-nav\").tabs(\"> .pane\"); }); <\/script>\n\n\t\t<div class=\"post-tabs\">\n\t\t<ul class=\"tabs-nav\"><li>Graphe<\/li><li>Donn\u00e9es<\/li><\/ul>\n\t\t<div class=\"pane\">\n\t\t<a class=\"lightbox-enabled\" href=\"http:\/\/www.collectiviteslocales.gov.tn\/wp-content\/uploads\/2020\/07\/dotation.png\" data-caption=\"Dotation exeptionnelle (MD)\" title=\"Dotation exeptionnelle (MD)\"><img loading=\"lazy\" class=\"alignnone wp-image-6972 size-full\" src=\"http:\/\/www.collectiviteslocales.gov.tn\/wp-content\/uploads\/2020\/07\/dotation.png\" alt=\"\" width=\"830\" height=\"521\"><\/a>\n<a href=\"http:\/\/www.collectiviteslocales.gov.tn\/wp-content\/uploads\/2020\/07\/dotation.csv\" target=\"_blank\" class=\"shortc-button small green \"><i class=\"fa fas fa-download\"><\/i>.CSV <\/a> <a href=\"http:\/\/www.collectiviteslocales.gov.tn\/wp-content\/uploads\/2020\/07\/Dotation.xls\" target=\"_blank\" class=\"shortc-button small black \"><i class=\"fa fas fa-download\"><\/i>.EXCEL<\/a>\n\n\t\t<\/div>\n\t\n\t\t<div class=\"pane\">\n\t\t\n<table width=\"495\">\n<tbody>\n<tr>\n<td width=\"133\">Ann\u00e9e\/ Montant<\/td>\n<td width=\"72\">Credit Global<\/td>\n<td width=\"135\">Dotation pour les communes<\/td>\n<td width=\"155\">Dotation pour les conseils r\u00e9gionaux<\/td>\n<\/tr>\n<tr>\n<td>2008<\/td>\n<td>&#8211;<\/td>\n<td>&#8211;<\/td>\n<td>&#8211;<\/td>\n<\/tr>\n<tr>\n<td>2009<\/td>\n<td>&#8211;<\/td>\n<td>&#8211;<\/td>\n<td>&#8211;<\/td>\n<\/tr>\n<tr>\n<td>2010<\/td>\n<td>&#8211;<\/td>\n<td>&#8211;<\/td>\n<td>&#8211;<\/td>\n<\/tr>\n<tr>\n<td>2011<\/td>\n<td>156<\/td>\n<td>147<\/td>\n<td>9<\/td>\n<\/tr>\n<tr>\n<td>2012<\/td>\n<td>100<\/td>\n<td>95<\/td>\n<td>5<\/td>\n<\/tr>\n<tr>\n<td>2013<\/td>\n<td>70<\/td>\n<td>67<\/td>\n<td>3<\/td>\n<\/tr>\n<tr>\n<td>2014<\/td>\n<td>35<\/td>\n<td>34<\/td>\n<td>1<\/td>\n<\/tr>\n<tr>\n<td>2015<\/td>\n<td>20<\/td>\n<td>19,5<\/td>\n<td>0,5<\/td>\n<\/tr>\n<tr>\n<td>2016<\/td>\n<td>15<\/td>\n<td>15<\/td>\n<td>0<\/td>\n<\/tr>\n<tr>\n<td>2017<\/td>\n<td>0<\/td>\n<td>0<\/td>\n<td>0<\/td>\n<\/tr>\n<tr>\n<td>2018<\/td>\n<td>0<\/td>\n<td>0<\/td>\n<td>0<\/td>\n<\/tr>\n<tr>\n<td>2019<\/td>\n<td>0<\/td>\n<td>0<\/td>\n<td>0<\/td>\n<\/tr>\n<\/tbody>\n<\/table>\n\n\t\t<\/div>\n\t\n\t\t<\/div>\n\t\n<div class=\"clear\"><\/div><div style=\"margin-top:20px; margin-bottom:20px;\" class=\"divider divider-double\"><\/div>\n<h3>Les transferts de l&rsquo;Etat<\/h3>\n<h5><span style=\"color: #800000\">Les subventions annuelles du budget de l\u2019Etat entre les collectivit\u00e9s locales<\/span><\/h5>\n\n\t<script type=\"text\/javascript\">\tjQuery(document).ready(function($){\tjQuery(\"ul.tabs-nav\").tabs(\"> .pane\"); }); <\/script>\n\n\t\t<div class=\"post-tabs\">\n\t\t<ul class=\"tabs-nav\"><li>Graphe<\/li><li>Donn\u00e9es<\/li><\/ul>\n\t\t<div class=\"pane\">\n\t\t<a class=\"lightbox-enabled\" href=\"http:\/\/www.collectiviteslocales.gov.tn\/wp-content\/uploads\/2020\/07\/fccletdotation.png\" data-caption=\"Les subventions annuelles du budget de l\u2019Etat entre les collectivit\u00e9s locales\" title=\"Les subventions annuelles du budget de l\u2019Etat entre les collectivit\u00e9s locales\"><img loading=\"lazy\" class=\"alignnone wp-image-6972 size-full\" src=\"http:\/\/www.collectiviteslocales.gov.tn\/wp-content\/uploads\/2020\/07\/fccletdotation.png\" alt=\"\" width=\"830\" height=\"521\" srcset=\"http:\/\/www.collectiviteslocales.gov.tn\/wp-content\/uploads\/2020\/07\/fccletdotation.png 830w, http:\/\/www.collectiviteslocales.gov.tn\/wp-content\/uploads\/2020\/07\/fccletdotation-300x188.png 300w, http:\/\/www.collectiviteslocales.gov.tn\/wp-content\/uploads\/2020\/07\/fccletdotation-768x482.png 768w\" sizes=\"(max-width: 830px) 100vw, 830px\" \/><\/a>\n<a href=\"http:\/\/www.collectiviteslocales.gov.tn\/wp-content\/uploads\/2020\/07\/fccl.csv\" target=\"_blank\" class=\"shortc-button small green \"><i class=\"fa fas fa-download\"><\/i>.CSV <\/a> <a href=\"http:\/\/www.collectiviteslocales.gov.tn\/wp-content\/uploads\/2020\/07\/fccl.xls\" target=\"_blank\" class=\"shortc-button small black \"><i class=\"fa fas fa-download\"><\/i>.EXCEL<\/a>\n\n\t\t<\/div>\n\t\n\t\t<div class=\"pane\">\n\t\t\n<table style=\"height: 353px\" width=\"570\">\n<tbody>\n<tr>\n<td width=\"149\">Ann\u00e9e\/ Montant<\/td>\n<td width=\"173\">Credit Global<\/td>\n<td width=\"151\">la Reserve<\/td>\n<td width=\"179\">la Quote-part des communes<\/td>\n<td width=\"244\">la Quote-part des conseils r\u00e9gionaux<\/td>\n<\/tr>\n<tr>\n<td>2008<\/td>\n<td>162<\/td>\n<td>29<\/td>\n<td>114<\/td>\n<td>19<\/td>\n<\/tr>\n<tr>\n<td>2009<\/td>\n<td>172<\/td>\n<td>31<\/td>\n<td>121<\/td>\n<td>20<\/td>\n<\/tr>\n<tr>\n<td>2010<\/td>\n<td>189<\/td>\n<td>34<\/td>\n<td>133<\/td>\n<td>22<\/td>\n<\/tr>\n<tr>\n<td>2011<\/td>\n<td>208<\/td>\n<td>37<\/td>\n<td>147<\/td>\n<td>24<\/td>\n<\/tr>\n<tr>\n<td>2012<\/td>\n<td>250<\/td>\n<td>45<\/td>\n<td>176<\/td>\n<td>29<\/td>\n<\/tr>\n<tr>\n<td>2013<\/td>\n<td>280<\/td>\n<td>50<\/td>\n<td>198<\/td>\n<td>32<\/td>\n<\/tr>\n<tr>\n<td>2014<\/td>\n<td>325<\/td>\n<td>59<\/td>\n<td>229<\/td>\n<td>37<\/td>\n<\/tr>\n<tr>\n<td>2015<\/td>\n<td>365<\/td>\n<td>66<\/td>\n<td>257<\/td>\n<td>42<\/td>\n<\/tr>\n<tr>\n<td>2016<\/td>\n<td>370<\/td>\n<td>67<\/td>\n<td>261<\/td>\n<td>42<\/td>\n<\/tr>\n<tr>\n<td>2017<\/td>\n<td>394<\/td>\n<td>71<\/td>\n<td>278<\/td>\n<td>45<\/td>\n<\/tr>\n<tr>\n<td>2018<\/td>\n<td>440<\/td>\n<td>66<\/td>\n<td>333<\/td>\n<td>41<\/td>\n<\/tr>\n<tr>\n<td>2019<\/td>\n<td>480<\/td>\n<td>72<\/td>\n<td>363<\/td>\n<td>45<\/td>\n<\/tr>\n<\/tbody>\n<\/table>\n\n\t\t<\/div>\n\t\n\t\t<\/div>\n\t\n<div class=\"clear\"><\/div><div style=\"margin-top:20px; margin-bottom:20px;\" class=\"divider divider-double\"><\/div>\n<h3>Les fiscalit\u00e9s locale<\/h3>\n\n\t<script type=\"text\/javascript\">\tjQuery(document).ready(function($){\tjQuery(\"ul.tabs-nav\").tabs(\"> .pane\"); }); <\/script>\n\n\t\t<div class=\"post-tabs\">\n\t\t<ul class=\"tabs-nav\"><li>Graphe<\/li><li>Donn\u00e9es<\/li><\/ul>\n\t\t<div class=\"pane\">\n\t\t<a class=\"lightbox-enabled\" href=\"http:\/\/www.collectiviteslocales.gov.tn\/wp-content\/uploads\/2020\/07\/lafiscaliteslocale.png\" data-caption=\"Fiscalit\u00e9s locale\" title=\"Fiscalit\u00e9s locale\"><img loading=\"lazy\" class=\"alignnone wp-image-6954 size-full\" src=\"http:\/\/www.collectiviteslocales.gov.tn\/wp-content\/uploads\/2020\/07\/lafiscaliteslocale.png\" alt=\"\" width=\"875\" height=\"536\" srcset=\"http:\/\/www.collectiviteslocales.gov.tn\/wp-content\/uploads\/2020\/07\/lafiscaliteslocale.png 875w, http:\/\/www.collectiviteslocales.gov.tn\/wp-content\/uploads\/2020\/07\/lafiscaliteslocale-300x184.png 300w, http:\/\/www.collectiviteslocales.gov.tn\/wp-content\/uploads\/2020\/07\/lafiscaliteslocale-768x470.png 768w\" sizes=\"(max-width: 875px) 100vw, 875px\" \/><\/a>\n<a href=\"http:\/\/www.collectiviteslocales.gov.tn\/wp-content\/uploads\/2020\/07\/fiscaliteslocale.csv\" target=\"_blank\" class=\"shortc-button small green \"><i class=\"fa fas fa-download\"><\/i>.CSV <\/a> <a href=\"http:\/\/www.collectiviteslocales.gov.tn\/wp-content\/uploads\/2020\/07\/fiscaliteslocale.xls\" target=\"_blank\" class=\"shortc-button small black \"><i class=\"fa fas fa-download\"><\/i>.EXCEL<\/a>\n\n\t\t<\/div>\n\t\n\t\t<div class=\"pane\">\n\t\t\n<table style=\"height: 573px\" width=\"657\">\n<tbody>\n<tr>\n<td width=\"156\">Ann\u00e9e\/ Montant<\/td>\n<td width=\"151\">Taxe sur les immeubles b\u00e2tis<\/td>\n<td width=\"152\">Taxe sur les terrains non b\u00e2tis<\/td>\n<td width=\"179\">Taxe sur les \u00e9tablissements \u00e0 caract\u00e8re industriel,commercial ou professionnel<\/td>\n<td width=\"140\">Taxe hoteli\u00e8re<\/td>\n<td width=\"130\">Produit des march\u00e9s<\/td>\n<td width=\"242\">Contribution aux travaux de g\u00e9neralisation, l&rsquo;\u00e9lectrification, l&rsquo;\u00e9clairage public,la maintenance<\/td>\n<\/tr>\n<tr>\n<td>2008<\/td>\n<td>33<\/td>\n<td>11<\/td>\n<td>89<\/td>\n<td>21<\/td>\n<td>58<\/td>\n<td>27<\/td>\n<\/tr>\n<tr>\n<td>2009<\/td>\n<td>36<\/td>\n<td>14<\/td>\n<td>94<\/td>\n<td>20<\/td>\n<td>60<\/td>\n<td>26<\/td>\n<\/tr>\n<tr>\n<td>2010<\/td>\n<td>39<\/td>\n<td>15<\/td>\n<td>111<\/td>\n<td>22<\/td>\n<td>62<\/td>\n<td>27<\/td>\n<\/tr>\n<tr>\n<td>2011<\/td>\n<td>20<\/td>\n<td>12<\/td>\n<td>93<\/td>\n<td>12<\/td>\n<td>37<\/td>\n<td>18<\/td>\n<\/tr>\n<tr>\n<td>2012<\/td>\n<td>30<\/td>\n<td>14<\/td>\n<td>138<\/td>\n<td>15<\/td>\n<td>44<\/td>\n<td>24<\/td>\n<\/tr>\n<tr>\n<td>2013<\/td>\n<td>31<\/td>\n<td>17<\/td>\n<td>154<\/td>\n<td>15<\/td>\n<td>50<\/td>\n<td>51<\/td>\n<\/tr>\n<tr>\n<td>2014<\/td>\n<td>35<\/td>\n<td>20<\/td>\n<td>179<\/td>\n<td>19<\/td>\n<td>53<\/td>\n<td>39<\/td>\n<\/tr>\n<tr>\n<td>2015<\/td>\n<td>36<\/td>\n<td>22<\/td>\n<td>222<\/td>\n<td>13<\/td>\n<td>59<\/td>\n<td>48<\/td>\n<\/tr>\n<tr>\n<td>2016<\/td>\n<td>41<\/td>\n<td>25<\/td>\n<td>232<\/td>\n<td>13<\/td>\n<td>64<\/td>\n<td>45<\/td>\n<\/tr>\n<tr>\n<td>2017<\/td>\n<td>43<\/td>\n<td>27<\/td>\n<td>262<\/td>\n<td>17<\/td>\n<td>72<\/td>\n<td>39<\/td>\n<\/tr>\n<tr>\n<td>2018<\/td>\n<td>46<\/td>\n<td>27<\/td>\n<td>292<\/td>\n<td>24<\/td>\n<td>81<\/td>\n<td>68<\/td>\n<\/tr>\n<tr>\n<td>2019<\/td>\n<td>76<\/td>\n<td>33<\/td>\n<td>314<\/td>\n<td>29<\/td>\n<td>89<\/td>\n<td>54<\/td>\n<\/tr>\n<\/tbody>\n<\/table>\n\n\t\t<\/div>\n\t\n\t\t<\/div>\n\t\n<div class=\"clear\"><\/div><div style=\"margin-top:20px; margin-bottom:20px;\" class=\"divider divider-double\"><\/div>\n<h3>Les d\u00e9penses ordinaires MD (gestions)<\/h3>\n\n\t<script type=\"text\/javascript\">\tjQuery(document).ready(function($){\tjQuery(\"ul.tabs-nav\").tabs(\"> .pane\"); }); <\/script>\n\n\t\t<div class=\"post-tabs\">\n\t\t<ul class=\"tabs-nav\"><li>Graphe<\/li><li>Donn\u00e9es<\/li><\/ul>\n\t\t<div class=\"pane\">\n\t\t<a class=\"lightbox-enabled\" href=\"http:\/\/www.collectiviteslocales.gov.tn\/wp-content\/uploads\/2020\/07\/lesdepenses.png\" data-caption=\"Les d\u00e9penses ordinaires MD (gestions)\" title=\"Les d\u00e9penses ordinaires MD (gestions)\"><img loading=\"lazy\" class=\"alignnone wp-image-6937 size-full\" src=\"http:\/\/www.collectiviteslocales.gov.tn\/wp-content\/uploads\/2020\/07\/lesdepenses.png\" alt=\"\" width=\"777\" height=\"538\" srcset=\"http:\/\/www.collectiviteslocales.gov.tn\/wp-content\/uploads\/2020\/07\/lesdepenses.png 777w, http:\/\/www.collectiviteslocales.gov.tn\/wp-content\/uploads\/2020\/07\/lesdepenses-300x208.png 300w, http:\/\/www.collectiviteslocales.gov.tn\/wp-content\/uploads\/2020\/07\/lesdepenses-768x532.png 768w, http:\/\/www.collectiviteslocales.gov.tn\/wp-content\/uploads\/2020\/07\/lesdepenses-110x75.png 110w\" sizes=\"(max-width: 777px) 100vw, 777px\" \/><\/a>\n<a href=\"http:\/\/www.collectiviteslocales.gov.tn\/wp-content\/uploads\/2020\/07\/Les-d\u00e9penses-ordinaires.csv\" target=\"_blank\" class=\"shortc-button small green \"><i class=\"fa fas fa-download\"><\/i>.CSV <\/a> <a href=\"http:\/\/www.collectiviteslocales.gov.tn\/wp-content\/uploads\/2020\/07\/Les-d\u00e9penses-ordinaires.xls\" target=\"_blank\" class=\"shortc-button small black \"><i class=\"fa fas fa-download\"><\/i>.EXCEL<\/a>\n\n\t\t<\/div>\n\t\n\t\t<div class=\"pane\">\n\t\t\n<table style=\"height: 359px\" width=\"568\">\n<tbody>\n<tr>\n<td width=\"156\">Ann\u00e9e\/ D\u00e9penses<\/td>\n<td width=\"147\">R\u00e9num\u00e9ration<\/td>\n<td width=\"156\">Moyens de services<\/td>\n<td width=\"180\">Interventions publiques<\/td>\n<\/tr>\n<tr>\n<td>2008<\/td>\n<td>201<\/td>\n<td>129<\/td>\n<td>20<\/td>\n<\/tr>\n<tr>\n<td>2009<\/td>\n<td>221<\/td>\n<td>138<\/td>\n<td>21<\/td>\n<\/tr>\n<tr>\n<td>2010<\/td>\n<td>233<\/td>\n<td>142<\/td>\n<td>22<\/td>\n<\/tr>\n<tr>\n<td>2011<\/td>\n<td>277<\/td>\n<td>135<\/td>\n<td>16<\/td>\n<\/tr>\n<tr>\n<td>2012<\/td>\n<td>321<\/td>\n<td>150<\/td>\n<td>17<\/td>\n<\/tr>\n<tr>\n<td>2013<\/td>\n<td>314<\/td>\n<td>169<\/td>\n<td>22<\/td>\n<\/tr>\n<tr>\n<td>2014<\/td>\n<td>318<\/td>\n<td>179<\/td>\n<td>24<\/td>\n<\/tr>\n<tr>\n<td>2015<\/td>\n<td>369<\/td>\n<td>199<\/td>\n<td>30<\/td>\n<\/tr>\n<tr>\n<td>2016<\/td>\n<td>405<\/td>\n<td>220<\/td>\n<td>38<\/td>\n<\/tr>\n<tr>\n<td>2017<\/td>\n<td>430<\/td>\n<td>231<\/td>\n<td>44<\/td>\n<\/tr>\n<tr>\n<td>2018<\/td>\n<td>450<\/td>\n<td>263<\/td>\n<td>50<\/td>\n<\/tr>\n<tr>\n<td>2019<\/td>\n<td>544<\/td>\n<td>297<\/td>\n<td>92<\/td>\n<\/tr>\n<\/tbody>\n<\/table>\n\n\t\t<\/div>\n\t\n\t\t<\/div>\n\t\n<div class=\"clear\"><\/div><div style=\"margin-top:20px; margin-bottom:20px;\" class=\"divider divider-double\"><\/div>\n<h3><\/h3>\n<h3>Ratios financiers<\/h3>\n\n\t<script type=\"text\/javascript\">\tjQuery(document).ready(function($){\tjQuery(\"ul.tabs-nav\").tabs(\"> .pane\"); }); <\/script>\n\n\t\t<div class=\"post-tabs\">\n\t\t<ul class=\"tabs-nav\"><li>Graphe<\/li><li>Donn\u00e9es<\/li><\/ul>\n\t\t<div class=\"pane\">\n\t\t<a class=\"lightbox-enabled\" href=\"http:\/\/www.collectiviteslocales.gov.tn\/wp-content\/uploads\/2020\/07\/ratios-2.png\" data-caption=\"Ratios financiers\" title=\"Ratios financiers\"><img loading=\"lazy\" class=\"alignnone wp-image-6920 size-full\" src=\"http:\/\/www.collectiviteslocales.gov.tn\/wp-content\/uploads\/2020\/07\/ratios-3.png\" alt=\"\" width=\"857\" height=\"537\" srcset=\"http:\/\/www.collectiviteslocales.gov.tn\/wp-content\/uploads\/2020\/07\/ratios-3.png 857w, http:\/\/www.collectiviteslocales.gov.tn\/wp-content\/uploads\/2020\/07\/ratios-3-300x188.png 300w, http:\/\/www.collectiviteslocales.gov.tn\/wp-content\/uploads\/2020\/07\/ratios-3-768x481.png 768w\" sizes=\"(max-width: 857px) 100vw, 857px\" \/><\/a>\n<a href=\"http:\/\/www.collectiviteslocales.gov.tn\/wp-content\/uploads\/2020\/07\/Ratios-financiers.csv\" target=\"_blank\" class=\"shortc-button small green \"><i class=\"fa fas fa-download\"><\/i>.CSV <\/a> <a href=\"http:\/\/www.collectiviteslocales.gov.tn\/wp-content\/uploads\/2020\/07\/Ratios-financiers.xls\" target=\"_blank\" class=\"shortc-button small black \"><i class=\"fa fas fa-download\"><\/i>.EXCEL<\/a>\n\n\t\t<\/div>\n\t\n\t\t<div class=\"pane\">\n\t\t\n<table style=\"height: 441px\" width=\"579\">\n<tbody>\n<tr>\n<td width=\"203\">Ann\u00e9e\/ ratio<\/td>\n<td width=\"196\">Autonomie financi\u00e9re<\/td>\n<td width=\"231\">Dotation de l&rsquo;etat et de subvention<\/td>\n<td width=\"161\">R\u00e9mun\u00e9ration<\/td>\n<td width=\"188\">% de r\u00e9alisation des ressources propres<\/td>\n<td width=\"224\">% de recouvrement de la taxe sur les immeubles b\u00e2tis<\/td>\n<\/tr>\n<tr>\n<td>2008<\/td>\n<td>76%<\/td>\n<td>24%<\/td>\n<td>44%<\/td>\n<td>99%<\/td>\n<td>24%<\/td>\n<\/tr>\n<tr>\n<td>2009<\/td>\n<td>75%<\/td>\n<td>25%<\/td>\n<td>46%<\/td>\n<td>100%<\/td>\n<td>22%<\/td>\n<\/tr>\n<tr>\n<td>2010<\/td>\n<td>75%<\/td>\n<td>25%<\/td>\n<td>43%<\/td>\n<td>104%<\/td>\n<td>22%<\/td>\n<\/tr>\n<tr>\n<td>2011<\/td>\n<td>54%<\/td>\n<td>46%<\/td>\n<td>49%<\/td>\n<td>102%<\/td>\n<td>11%<\/td>\n<\/tr>\n<tr>\n<td>2012<\/td>\n<td>58%<\/td>\n<td>42%<\/td>\n<td>50%<\/td>\n<td>111%<\/td>\n<td>14%<\/td>\n<\/tr>\n<tr>\n<td>2013<\/td>\n<td>61%<\/td>\n<td>39%<\/td>\n<td>45%<\/td>\n<td>110%<\/td>\n<td>13%<\/td>\n<\/tr>\n<tr>\n<td>2014<\/td>\n<td>64%<\/td>\n<td>36%<\/td>\n<td>43%<\/td>\n<td>109%<\/td>\n<td>12%<\/td>\n<\/tr>\n<tr>\n<td>2015<\/td>\n<td>65%<\/td>\n<td>35%<\/td>\n<td>45%<\/td>\n<td>105%<\/td>\n<td>11%<\/td>\n<\/tr>\n<tr>\n<td>2016<\/td>\n<td>65%<\/td>\n<td>35%<\/td>\n<td>47%<\/td>\n<td>99%<\/td>\n<td>12%<\/td>\n<\/tr>\n<tr>\n<td>2017<\/td>\n<td>66%<\/td>\n<td>34%<\/td>\n<td>47%<\/td>\n<td>97%<\/td>\n<td>12%<\/td>\n<\/tr>\n<tr>\n<td>2018<\/td>\n<td>68%<\/td>\n<td>32%<\/td>\n<td>43%<\/td>\n<td>110%<\/td>\n<td>12%<\/td>\n<\/tr>\n<tr>\n<td>2019<\/td>\n<td>69%<\/td>\n<td>31%<\/td>\n<td>46%<\/td>\n<td>101%<\/td>\n<td>18%<\/td>\n<\/tr>\n<\/tbody>\n<\/table>\n\n\t\t<\/div>\n\t\n\t\t<\/div>\n\t\n<div class=\"clear\"><\/div><div style=\"margin-top:20px; margin-bottom:20px;\" class=\"divider divider-double\"><\/div>\n","protected":false},"excerpt":{"rendered":"<p>Donn\u00e9es Financi\u00e8res Globales(MD) Ex\u00e9cution du Budget Dotation exeptionnelle (MD) Les transferts de l&rsquo;Etat Les subventions annuelles du budget de l\u2019Etat entre les collectivit\u00e9s locales Les fiscalit\u00e9s locale Les d\u00e9penses ordinaires MD (gestions) Ratios financiers<\/p>\n","protected":false},"author":4,"featured_media":0,"parent":0,"menu_order":0,"comment_status":"closed","ping_status":"closed","template":"","meta":[],"yoast_head":"<!-- This site is optimized with the Yoast SEO plugin v16.3 - https:\/\/yoast.com\/wordpress\/plugins\/seo\/ -->\n<title>Indicateurs des finances locales22 - \u0628\u0648\u0627\u0628\u0629 \u0627\u0644\u062c\u0645\u0627\u0639\u0627\u062a \u0627\u0644\u0645\u062d\u0644\u064a\u0629<\/title>\n<meta name=\"robots\" content=\"index, follow, max-snippet:-1, max-image-preview:large, max-video-preview:-1\" \/>\n<link rel=\"canonical\" href=\"http:\/\/www.collectiviteslocales.gov.tn\/fr\/indicateurs2\/\" \/>\n<meta property=\"og:locale\" content=\"fr_FR\" \/>\n<meta property=\"og:type\" content=\"article\" \/>\n<meta property=\"og:title\" content=\"Indicateurs des finances locales22 - \u0628\u0648\u0627\u0628\u0629 \u0627\u0644\u062c\u0645\u0627\u0639\u0627\u062a \u0627\u0644\u0645\u062d\u0644\u064a\u0629\" \/>\n<meta property=\"og:description\" content=\"Donn\u00e9es Financi\u00e8res Globales(MD) Ex\u00e9cution du Budget Dotation exeptionnelle (MD) Les transferts de l&rsquo;Etat Les subventions annuelles du budget de l\u2019Etat entre les collectivit\u00e9s locales Les fiscalit\u00e9s locale Les d\u00e9penses ordinaires MD (gestions) Ratios financiers\" \/>\n<meta property=\"og:url\" content=\"http:\/\/www.collectiviteslocales.gov.tn\/indicateurs2\/\" \/>\n<meta property=\"og:site_name\" content=\"\u0628\u0648\u0627\u0628\u0629 \u0627\u0644\u062c\u0645\u0627\u0639\u0627\u062a \u0627\u0644\u0645\u062d\u0644\u064a\u0629\" \/>\n<meta property=\"article:modified_time\" content=\"2020-08-06T21:57:45+00:00\" \/>\n<meta property=\"og:image\" content=\"http:\/\/www.collectiviteslocales.gov.tn\/wp-content\/uploads\/2020\/07\/recettes.png\" \/>\n<meta name=\"twitter:card\" content=\"summary_large_image\" \/>\n<meta name=\"twitter:label1\" content=\"Dur\u00e9e de lecture est.\">\n\t<meta name=\"twitter:data1\" content=\"4 minutes\">\n<script type=\"application\/ld+json\" class=\"yoast-schema-graph\">{\"@context\":\"https:\/\/schema.org\",\"@graph\":[{\"@type\":\"WebSite\",\"@id\":\"http:\/\/www.collectiviteslocales.gov.tn\/#website\",\"url\":\"http:\/\/www.collectiviteslocales.gov.tn\/\",\"name\":\"\\u0628\\u0648\\u0627\\u0628\\u0629 \\u0627\\u0644\\u062c\\u0645\\u0627\\u0639\\u0627\\u062a \\u0627\\u0644\\u0645\\u062d\\u0644\\u064a\\u0629\",\"description\":\"\\u0628\\u0648\\u0627\\u0628\\u0629 \\u0627\\u0644\\u062c\\u0645\\u0627\\u0639\\u0627\\u062a \\u0627\\u0644\\u0645\\u062d\\u0644\\u064a\\u0629\",\"potentialAction\":[{\"@type\":\"SearchAction\",\"target\":\"http:\/\/www.collectiviteslocales.gov.tn\/?s={search_term_string}\",\"query-input\":\"required name=search_term_string\"}],\"inLanguage\":\"fr-FR\"},{\"@type\":\"ImageObject\",\"@id\":\"http:\/\/www.collectiviteslocales.gov.tn\/indicateurs2\/#primaryimage\",\"inLanguage\":\"fr-FR\",\"url\":\"http:\/\/www.collectiviteslocales.gov.tn\/wp-content\/uploads\/2020\/07\/recettes.png\",\"contentUrl\":\"http:\/\/www.collectiviteslocales.gov.tn\/wp-content\/uploads\/2020\/07\/recettes.png\",\"width\":760,\"height\":542},{\"@type\":\"WebPage\",\"@id\":\"http:\/\/www.collectiviteslocales.gov.tn\/indicateurs2\/#webpage\",\"url\":\"http:\/\/www.collectiviteslocales.gov.tn\/indicateurs2\/\",\"name\":\"Indicateurs des finances locales22 - \\u0628\\u0648\\u0627\\u0628\\u0629 \\u0627\\u0644\\u062c\\u0645\\u0627\\u0639\\u0627\\u062a \\u0627\\u0644\\u0645\\u062d\\u0644\\u064a\\u0629\",\"isPartOf\":{\"@id\":\"http:\/\/www.collectiviteslocales.gov.tn\/#website\"},\"primaryImageOfPage\":{\"@id\":\"http:\/\/www.collectiviteslocales.gov.tn\/indicateurs2\/#primaryimage\"},\"datePublished\":\"2020-07-27T22:27:48+00:00\",\"dateModified\":\"2020-08-06T21:57:45+00:00\",\"breadcrumb\":{\"@id\":\"http:\/\/www.collectiviteslocales.gov.tn\/indicateurs2\/#breadcrumb\"},\"inLanguage\":\"fr-FR\",\"potentialAction\":[{\"@type\":\"ReadAction\",\"target\":[\"http:\/\/www.collectiviteslocales.gov.tn\/indicateurs2\/\"]}]},{\"@type\":\"BreadcrumbList\",\"@id\":\"http:\/\/www.collectiviteslocales.gov.tn\/indicateurs2\/#breadcrumb\",\"itemListElement\":[{\"@type\":\"ListItem\",\"position\":1,\"item\":{\"@type\":\"WebPage\",\"@id\":\"http:\/\/www.collectiviteslocales.gov.tn\/\",\"url\":\"http:\/\/www.collectiviteslocales.gov.tn\/\",\"name\":\"Accueil\"}},{\"@type\":\"ListItem\",\"position\":2,\"item\":{\"@id\":\"http:\/\/www.collectiviteslocales.gov.tn\/indicateurs2\/#webpage\"}}]}]}<\/script>\n<!-- \/ Yoast SEO plugin. -->","_links":{"self":[{"href":"http:\/\/www.collectiviteslocales.gov.tn\/fr\/wp-json\/wp\/v2\/pages\/6891"}],"collection":[{"href":"http:\/\/www.collectiviteslocales.gov.tn\/fr\/wp-json\/wp\/v2\/pages"}],"about":[{"href":"http:\/\/www.collectiviteslocales.gov.tn\/fr\/wp-json\/wp\/v2\/types\/page"}],"author":[{"embeddable":true,"href":"http:\/\/www.collectiviteslocales.gov.tn\/fr\/wp-json\/wp\/v2\/users\/4"}],"replies":[{"embeddable":true,"href":"http:\/\/www.collectiviteslocales.gov.tn\/fr\/wp-json\/wp\/v2\/comments?post=6891"}],"version-history":[{"count":51,"href":"http:\/\/www.collectiviteslocales.gov.tn\/fr\/wp-json\/wp\/v2\/pages\/6891\/revisions"}],"predecessor-version":[{"id":7344,"href":"http:\/\/www.collectiviteslocales.gov.tn\/fr\/wp-json\/wp\/v2\/pages\/6891\/revisions\/7344"}],"wp:attachment":[{"href":"http:\/\/www.collectiviteslocales.gov.tn\/fr\/wp-json\/wp\/v2\/media?parent=6891"}],"curies":[{"name":"wp","href":"https:\/\/api.w.org\/{rel}","templated":true}]}}