{"id":7243,"date":"2020-08-06T18:21:09","date_gmt":"2020-08-06T17:21:09","guid":{"rendered":"http:\/\/www.collectiviteslocales.gov.tn\/?page_id=7243"},"modified":"2020-08-06T22:58:19","modified_gmt":"2020-08-06T21:58:19","slug":"indicateurs-des-finances-locales","status":"publish","type":"page","link":"http:\/\/www.collectiviteslocales.gov.tn\/fr\/indicateurs-des-finances-locales\/","title":{"rendered":"Indicateurs des finances locales"},"content":{"rendered":"<h3>D\u00e9penses Ordinaires (Gestion)<\/h3>\n\n\t<script type=\"text\/javascript\">\tjQuery(document).ready(function($){\tjQuery(\"ul.tabs-nav\").tabs(\"> .pane\"); }); <\/script>\n\n\t\t<div class=\"post-tabs\">\n\t\t<ul class=\"tabs-nav\"><li>Graphe recettes<\/li><li>Donn\u00e9es<\/li><\/ul>\n\t\t<div class=\"pane\">\n\t\t<a class=\"lightbox-enabled\" href=\"http:\/\/www.collectiviteslocales.gov.tn\/wp-content\/uploads\/2020\/08\/depenses-ordinaires-gestion.png\" data-caption=\"D\u00e9penses Ordinaires (Gestion)\" title=\"D\u00e9penses Ordinaires (Gestion)\"><img loading=\"lazy\" class=\"alignnone wp-image-6972 size-full\" src=\"http:\/\/www.collectiviteslocales.gov.tn\/wp-content\/uploads\/2020\/08\/depenses-ordinaires-gestion.png\" alt=\"\" width=\"830\" height=\"521\"><\/a>\n<a href=\"http:\/\/www.collectiviteslocales.gov.tn\/wp-content\/uploads\/2020\/08\/depenses_ordinaires_gestion.csv\" target=\"_blank\" class=\"shortc-button small green \"><i class=\"fa fas fa-download\"><\/i>.CSV <\/a> <a href=\"http:\/\/www.collectiviteslocales.gov.tn\/wp-content\/uploads\/2020\/08\/depenses-ordinaires-gestion.xlsx\" target=\"_blank\" class=\"shortc-button small black \"><i class=\"fa fas fa-download\"><\/i>.EXCEL<\/a>\n\n\t\t<\/div>\n\t\n\n\t\t<div class=\"pane\">\n\t\t\n<table width=\"579\">\n<tbody>\n<tr>\n<td>Ann\u00e9es<\/td>\n<td>Interventions publiques<\/td>\n<td>Moyens de services<\/td>\n<td>R\u00e9num\u00e9ration<\/td>\n<\/tr>\n<tr>\n<td>2008<\/td>\n<td>20<\/td>\n<td>129<\/td>\n<td>201<\/td>\n<\/tr>\n<tr>\n<td>2009<\/td>\n<td>21<\/td>\n<td>138<\/td>\n<td>221<\/td>\n<\/tr>\n<tr>\n<td>2010<\/td>\n<td>22<\/td>\n<td>142<\/td>\n<td>233<\/td>\n<\/tr>\n<tr>\n<td>2011<\/td>\n<td>16<\/td>\n<td>135<\/td>\n<td>277<\/td>\n<\/tr>\n<tr>\n<td>2012<\/td>\n<td>17<\/td>\n<td>150<\/td>\n<td>321<\/td>\n<\/tr>\n<tr>\n<td>2013<\/td>\n<td>22<\/td>\n<td>169<\/td>\n<td>314<\/td>\n<\/tr>\n<tr>\n<td>2014<\/td>\n<td>24<\/td>\n<td>179<\/td>\n<td>318<\/td>\n<\/tr>\n<tr>\n<td>2015<\/td>\n<td>30<\/td>\n<td>199<\/td>\n<td>369<\/td>\n<\/tr>\n<tr>\n<td>2016<\/td>\n<td>38<\/td>\n<td>220<\/td>\n<td>405<\/td>\n<\/tr>\n<tr>\n<td>2017<\/td>\n<td>44<\/td>\n<td>231<\/td>\n<td>430<\/td>\n<\/tr>\n<tr>\n<td>2018<\/td>\n<td>50<\/td>\n<td>263<\/td>\n<td>450<\/td>\n<\/tr>\n<tr>\n<td>2019<\/td>\n<td>92<\/td>\n<td>297<\/td>\n<td>544<\/td>\n<\/tr>\n<\/tbody>\n<\/table>\n\n\t\t<\/div>\n\t\n\t\t<\/div>\n\t\n<div class=\"clear\"><\/div><div style=\"margin-top:20px; margin-bottom:20px;\" class=\"divider divider-double\"><\/div>\n<h3>La Dotation exeptionnelle<\/h3>\n\n\t<script type=\"text\/javascript\">\tjQuery(document).ready(function($){\tjQuery(\"ul.tabs-nav\").tabs(\"> .pane\"); }); <\/script>\n\n\t\t<div class=\"post-tabs\">\n\t\t<ul class=\"tabs-nav\"><li>Graphe recettes<\/li><li>Donn\u00e9es<\/li><\/ul>\n\t\t<div class=\"pane\">\n\t\t<a class=\"lightbox-enabled\" href=\"http:\/\/www.collectiviteslocales.gov.tn\/wp-content\/uploads\/2020\/08\/Dotation-exeptionnelles.png\" data-caption=\"La Dotation exeptionnelle\" title=\"La Dotation exeptionnelle\"><img loading=\"lazy\" class=\"alignnone wp-image-6972 size-full\" src=\"http:\/\/www.collectiviteslocales.gov.tn\/wp-content\/uploads\/2020\/08\/Dotation-exeptionnelles.png\" alt=\"\" width=\"830\" height=\"521\"><\/a>\n<a href=\"http:\/\/www.collectiviteslocales.gov.tn\/wp-content\/uploads\/2020\/08\/Dotations-exeptionnelles.csv\" target=\"_blank\" class=\"shortc-button small green \"><i class=\"fa fas fa-download\"><\/i>.CSV <\/a> <a href=\"http:\/\/www.collectiviteslocales.gov.tn\/wp-content\/uploads\/2020\/08\/Dotations-exeptionnelles.xlsx\" target=\"_blank\" class=\"shortc-button small black \"><i class=\"fa fas fa-download\"><\/i>.EXCEL<\/a>\n\n\t\t<\/div>\n\t\n\n\t\t<div class=\"pane\">\n\t\t\n<table style=\"height: 363px\" width=\"557\">\n<tbody>\n<tr>\n<td width=\"184\">Ann\u00e9es<\/td>\n<td width=\"229\">Dotation pour les communes<\/td>\n<td width=\"270\">Dotation pour les conseils r\u00e9gionaux<\/td>\n<\/tr>\n<tr>\n<td>2008<\/td>\n<td width=\"229\">0<\/td>\n<td width=\"270\">0<\/td>\n<\/tr>\n<tr>\n<td>2009<\/td>\n<td width=\"229\">0<\/td>\n<td width=\"270\">0<\/td>\n<\/tr>\n<tr>\n<td>2010<\/td>\n<td width=\"229\">0<\/td>\n<td width=\"270\">0<\/td>\n<\/tr>\n<tr>\n<td>2011<\/td>\n<td width=\"229\">147<\/td>\n<td width=\"270\">9<\/td>\n<\/tr>\n<tr>\n<td>2012<\/td>\n<td width=\"229\">95<\/td>\n<td width=\"270\">5<\/td>\n<\/tr>\n<tr>\n<td>2013<\/td>\n<td width=\"229\">67<\/td>\n<td width=\"270\">3<\/td>\n<\/tr>\n<tr>\n<td>2014<\/td>\n<td width=\"229\">34<\/td>\n<td width=\"270\">1<\/td>\n<\/tr>\n<tr>\n<td>2015<\/td>\n<td width=\"229\">19,5<\/td>\n<td width=\"270\">0,5<\/td>\n<\/tr>\n<tr>\n<td>2016<\/td>\n<td width=\"229\">15<\/td>\n<td width=\"270\">0<\/td>\n<\/tr>\n<tr>\n<td>2017<\/td>\n<td width=\"229\">0<\/td>\n<td width=\"270\">0<\/td>\n<\/tr>\n<tr>\n<td>2018<\/td>\n<td width=\"229\">0<\/td>\n<td width=\"270\">0<\/td>\n<\/tr>\n<tr>\n<td>2019<\/td>\n<td width=\"229\">0<\/td>\n<td width=\"270\">0<\/td>\n<\/tr>\n<\/tbody>\n<\/table>\n\n\t\t<\/div>\n\t\n\t\t<\/div>\n\t\n<div class=\"clear\"><\/div><div style=\"margin-top:20px; margin-bottom:20px;\" class=\"divider divider-double\"><\/div>\n<h3>Les subventions annuelles du budget de l\u2019Etat entre les collectivit\u00e9s locales<\/h3>\n\n\t<script type=\"text\/javascript\">\tjQuery(document).ready(function($){\tjQuery(\"ul.tabs-nav\").tabs(\"> .pane\"); }); <\/script>\n\n\t\t<div class=\"post-tabs\">\n\t\t<ul class=\"tabs-nav\"><li>Graphe recettes<\/li><li>Donn\u00e9es<\/li><\/ul>\n\t\t<div class=\"pane\">\n\t\t<a class=\"lightbox-enabled\" href=\"http:\/\/www.collectiviteslocales.gov.tn\/wp-content\/uploads\/2020\/08\/Les-subventions-annuelles.png\" data-caption=\"Les subventions annuelles du budget de l\u2019Etat entre les collectivit\u00e9s locales\" title=\"Les subventions annuelles du budget de l\u2019Etat entre les collectivit\u00e9s locales\"><img loading=\"lazy\" class=\"alignnone wp-image-6972 size-full\" src=\"http:\/\/www.collectiviteslocales.gov.tn\/wp-content\/uploads\/2020\/08\/Les-subventions-annuelles.png\" alt=\"\" width=\"830\" height=\"521\"><\/a>\n<a href=\"http:\/\/www.collectiviteslocales.gov.tn\/wp-content\/uploads\/2020\/08\/Les-subventions-annuelles.csv\" target=\"_blank\" class=\"shortc-button small green \"><i class=\"fa fas fa-download\"><\/i>.CSV <\/a> <a href=\"http:\/\/www.collectiviteslocales.gov.tn\/wp-content\/uploads\/2020\/08\/Dotations-exeptionnelles.xlsx\" target=\"_blank\" class=\"shortc-button small black \"><i class=\"fa fas fa-download\"><\/i>.EXCEL<\/a>\n\n\t\t<\/div>\n\t\n\n\t\t<div class=\"pane\">\n\t\t\n<table style=\"height: 366px\" width=\"582\">\n<tbody>\n<tr>\n<td width=\"64\">Ann\u00e9es<\/td>\n<td width=\"224\">la Quote-part des communes<\/td>\n<td width=\"269\">la Quote-part des conseils r\u00e9gionaux<\/td>\n<td width=\"170\">la Reserve<\/td>\n<\/tr>\n<tr>\n<td>2008<\/td>\n<td width=\"224\">114<\/td>\n<td width=\"269\">19<\/td>\n<td width=\"170\">29<\/td>\n<\/tr>\n<tr>\n<td>2009<\/td>\n<td width=\"224\">121<\/td>\n<td width=\"269\">20<\/td>\n<td width=\"170\">31<\/td>\n<\/tr>\n<tr>\n<td>2010<\/td>\n<td width=\"224\">133<\/td>\n<td width=\"269\">22<\/td>\n<td width=\"170\">34<\/td>\n<\/tr>\n<tr>\n<td>2011<\/td>\n<td width=\"224\">147<\/td>\n<td width=\"269\">24<\/td>\n<td width=\"170\">37<\/td>\n<\/tr>\n<tr>\n<td>2012<\/td>\n<td width=\"224\">176<\/td>\n<td width=\"269\">29<\/td>\n<td width=\"170\">45<\/td>\n<\/tr>\n<tr>\n<td>2013<\/td>\n<td width=\"224\">198<\/td>\n<td width=\"269\">32<\/td>\n<td width=\"170\">50<\/td>\n<\/tr>\n<tr>\n<td>2014<\/td>\n<td width=\"224\">229<\/td>\n<td width=\"269\">37<\/td>\n<td width=\"170\">59<\/td>\n<\/tr>\n<tr>\n<td>2015<\/td>\n<td width=\"224\">257<\/td>\n<td width=\"269\">42<\/td>\n<td width=\"170\">66<\/td>\n<\/tr>\n<tr>\n<td>2016<\/td>\n<td width=\"224\">261<\/td>\n<td width=\"269\">42<\/td>\n<td width=\"170\">67<\/td>\n<\/tr>\n<tr>\n<td>2017<\/td>\n<td width=\"224\">278<\/td>\n<td width=\"269\">45<\/td>\n<td width=\"170\">71<\/td>\n<\/tr>\n<tr>\n<td>2018<\/td>\n<td width=\"224\">333<\/td>\n<td width=\"269\">41<\/td>\n<td width=\"170\">66<\/td>\n<\/tr>\n<tr>\n<td>2019<\/td>\n<td width=\"224\">363<\/td>\n<td width=\"269\">45<\/td>\n<td width=\"170\">72<\/td>\n<\/tr>\n<\/tbody>\n<\/table>\n\n\t\t<\/div>\n\t\n\t\t<\/div>\n\t\n<div class=\"clear\"><\/div><div style=\"margin-top:20px; margin-bottom:20px;\" class=\"divider divider-double\"><\/div>\n<h3>Taux de recouvrement de la Taxe sur les Immeubles Batis<\/h3>\n\n\t<script type=\"text\/javascript\">\tjQuery(document).ready(function($){\tjQuery(\"ul.tabs-nav\").tabs(\"> .pane\"); }); <\/script>\n\n\t\t<div class=\"post-tabs\">\n\t\t<ul class=\"tabs-nav\"><li>Graphe recettes<\/li><li>Donn\u00e9es<\/li><\/ul>\n\t\t<div class=\"pane\">\n\t\t<a class=\"lightbox-enabled\" href=\"http:\/\/www.collectiviteslocales.gov.tn\/wp-content\/uploads\/2020\/08\/taux-de-recouvrement-de-la-taxe-sur-les-immeubles-batis.png\" data-caption=\"Taux de recouvrement de la Taxe sur les Immeubles Batis\" title=\"Taux de recouvrement de la Taxe sur les Immeubles Batis\"><img loading=\"lazy\" class=\"alignnone wp-image-6972 size-full\" src=\"http:\/\/www.collectiviteslocales.gov.tn\/wp-content\/uploads\/2020\/08\/taux-de-recouvrement-de-la-taxe-sur-les-immeubles-batis.png\" alt=\"\" width=\"830\" height=\"521\"><\/a>\n<a href=\"http:\/\/www.collectiviteslocales.gov.tn\/wp-content\/uploads\/2020\/08\/taux-de-recouvrement-de-la-taxe-sur-les-immeubles-batis.csv\" target=\"_blank\" class=\"shortc-button small green \"><i class=\"fa fas fa-download\"><\/i>.CSV <\/a> <a href=\"http:\/\/www.collectiviteslocales.gov.tn\/wp-content\/uploads\/2020\/08\/taux-de-recouvrement-de-la-taxe-sur-les-immeubles-batis.xlsx\" target=\"_blank\" class=\"shortc-button small black \"><i class=\"fa fas fa-download\"><\/i>.EXCEL<\/a>\n\n\t\t<\/div>\n\t\n\n\t\t<div class=\"pane\">\n\t\t\n<table width=\"403\">\n<tbody>\n<tr>\n<td width=\"64\">Ann\u00e9es<\/td>\n<td width=\"339\">% de recouvrement de la taxe sur les immeubles b\u00e2tis<\/td>\n<\/tr>\n<tr>\n<td>2008<\/td>\n<td width=\"339\">24%<\/td>\n<\/tr>\n<tr>\n<td>2009<\/td>\n<td width=\"339\">22%<\/td>\n<\/tr>\n<tr>\n<td>2010<\/td>\n<td width=\"339\">22%<\/td>\n<\/tr>\n<tr>\n<td>2011<\/td>\n<td width=\"339\">11%<\/td>\n<\/tr>\n<tr>\n<td>2012<\/td>\n<td width=\"339\">14%<\/td>\n<\/tr>\n<tr>\n<td>2013<\/td>\n<td width=\"339\">13%<\/td>\n<\/tr>\n<tr>\n<td>2014<\/td>\n<td width=\"339\">12%<\/td>\n<\/tr>\n<tr>\n<td>2015<\/td>\n<td width=\"339\">11%<\/td>\n<\/tr>\n<tr>\n<td>2016<\/td>\n<td width=\"339\">12%<\/td>\n<\/tr>\n<tr>\n<td>2017<\/td>\n<td width=\"339\">12%<\/td>\n<\/tr>\n<tr>\n<td>2018<\/td>\n<td width=\"339\">12%<\/td>\n<\/tr>\n<tr>\n<td>2019<\/td>\n<td width=\"339\">18%<\/td>\n<\/tr>\n<\/tbody>\n<\/table>\n\n\t\t<\/div>\n\t\n\t\t<\/div>\n\t\n<div class=\"clear\"><\/div><div style=\"margin-top:20px; margin-bottom:20px;\" class=\"divider divider-double\"><\/div>\n<h3>Autonomie &amp; Dotation<\/h3>\n\n\t<script type=\"text\/javascript\">\tjQuery(document).ready(function($){\tjQuery(\"ul.tabs-nav\").tabs(\"> .pane\"); }); <\/script>\n\n\t\t<div class=\"post-tabs\">\n\t\t<ul class=\"tabs-nav\"><li>Graphe recettes<\/li><li>Donn\u00e9es<\/li><\/ul>\n\t\t<div class=\"pane\">\n\t\t<a class=\"lightbox-enabled\" href=\"http:\/\/www.collectiviteslocales.gov.tn\/wp-content\/uploads\/2020\/08\/Autonomie_dotation.png\" data-caption=\"Autonomie &amp; Dotation<br \/>\n\" title=\"Autonomie &amp; Dotation<br \/>\n\"><img loading=\"lazy\" class=\"alignnone wp-image-6972 size-full\" src=\"http:\/\/www.collectiviteslocales.gov.tn\/wp-content\/uploads\/2020\/08\/Autonomie_dotation.png\" alt=\"\" width=\"830\" height=\"521\"><\/a>\n<a href=\"http:\/\/www.collectiviteslocales.gov.tn\/wp-content\/uploads\/2020\/08\/Autonomie-Dotation.csv\" target=\"_blank\" class=\"shortc-button small green \"><i class=\"fa fas fa-download\"><\/i>.CSV <\/a> <a href=\"http:\/\/www.collectiviteslocales.gov.tn\/wp-content\/uploads\/2020\/08\/Autonomie-Dotation.xlsx\" target=\"_blank\" class=\"shortc-button small black \"><i class=\"fa fas fa-download\"><\/i>.EXCEL<\/a>\n\n\t\t<\/div>\n\t\n\n\t\t<div class=\"pane\">\n\t\t\n<table width=\"317\">\n<tbody>\n<tr>\n<td width=\"64\">Autonomie financi\u00e9re<\/td>\n<td width=\"253\">Dotation de l&rsquo;etat et de subvention<\/td>\n<\/tr>\n<tr>\n<td width=\"64\">76%<\/td>\n<td width=\"253\">24%<\/td>\n<\/tr>\n<tr>\n<td width=\"64\">75%<\/td>\n<td width=\"253\">25%<\/td>\n<\/tr>\n<tr>\n<td width=\"64\">75%<\/td>\n<td width=\"253\">25%<\/td>\n<\/tr>\n<tr>\n<td width=\"64\">54%<\/td>\n<td width=\"253\">46%<\/td>\n<\/tr>\n<tr>\n<td width=\"64\">58%<\/td>\n<td width=\"253\">42%<\/td>\n<\/tr>\n<tr>\n<td width=\"64\">61%<\/td>\n<td width=\"253\">39%<\/td>\n<\/tr>\n<tr>\n<td width=\"64\">64%<\/td>\n<td width=\"253\">36%<\/td>\n<\/tr>\n<tr>\n<td width=\"64\">65%<\/td>\n<td width=\"253\">35%<\/td>\n<\/tr>\n<tr>\n<td width=\"64\">65%<\/td>\n<td width=\"253\">35%<\/td>\n<\/tr>\n<tr>\n<td width=\"64\">66%<\/td>\n<td width=\"253\">34%<\/td>\n<\/tr>\n<tr>\n<td width=\"64\">68%<\/td>\n<td width=\"253\">32%<\/td>\n<\/tr>\n<tr>\n<td width=\"64\">69%<\/td>\n<td width=\"253\">31%<\/td>\n<\/tr>\n<\/tbody>\n<\/table>\n\n\t\t<\/div>\n\t\n\t\t<\/div>\n\t\n<div class=\"clear\"><\/div><div style=\"margin-top:20px; margin-bottom:20px;\" class=\"divider divider-double\"><\/div>\n<h3>R\u00e9mun\u00e9ration<\/h3>\n\n\t<script type=\"text\/javascript\">\tjQuery(document).ready(function($){\tjQuery(\"ul.tabs-nav\").tabs(\"> .pane\"); }); <\/script>\n\n\t\t<div class=\"post-tabs\">\n\t\t<ul class=\"tabs-nav\"><li>Graphe recettes<\/li><li>Donn\u00e9es<\/li><\/ul>\n\t\t<div class=\"pane\">\n\t\t<a class=\"lightbox-enabled\" href=\"http:\/\/www.collectiviteslocales.gov.tn\/wp-content\/uploads\/2020\/08\/Remun\u00e9ration.png\" data-caption=\"R\u00e9mun\u00e9ration\" title=\"R\u00e9mun\u00e9ration\"><img loading=\"lazy\" class=\"alignnone wp-image-6972 size-full\" src=\"http:\/\/www.collectiviteslocales.gov.tn\/wp-content\/uploads\/2020\/08\/Remun\u00e9ration.png\" alt=\"\" width=\"830\" height=\"521\"><\/a>\n<a href=\"http:\/\/www.collectiviteslocales.gov.tn\/wp-content\/uploads\/2020\/08\/Remun\u00e9ration.csv\" target=\"_blank\" class=\"shortc-button small green \"><i class=\"fa fas fa-download\"><\/i>.CSV <\/a> <a href=\"http:\/\/www.collectiviteslocales.gov.tn\/wp-content\/uploads\/2020\/08\/Remun\u00e9ration.xlsx\" target=\"_blank\" class=\"shortc-button small black \"><i class=\"fa fas fa-download\"><\/i>.EXCEL<\/a>\n\n\t\t<\/div>\n\t\n\n\t\t<div class=\"pane\">\n\t\t\n<table width=\"328\">\n<tbody>\n<tr>\n<td width=\"120\">Ann\u00e9es<\/td>\n<td width=\"208\">R\u00e9mun\u00e9ration<\/td>\n<\/tr>\n<tr>\n<td>2008<\/td>\n<td width=\"208\">44%<\/td>\n<\/tr>\n<tr>\n<td>2009<\/td>\n<td width=\"208\">46%<\/td>\n<\/tr>\n<tr>\n<td>2010<\/td>\n<td width=\"208\">43%<\/td>\n<\/tr>\n<tr>\n<td>2011<\/td>\n<td width=\"208\">49%<\/td>\n<\/tr>\n<tr>\n<td>2012<\/td>\n<td width=\"208\">50%<\/td>\n<\/tr>\n<tr>\n<td>2013<\/td>\n<td width=\"208\">45%<\/td>\n<\/tr>\n<tr>\n<td>2014<\/td>\n<td width=\"208\">43%<\/td>\n<\/tr>\n<tr>\n<td>2015<\/td>\n<td width=\"208\">45%<\/td>\n<\/tr>\n<tr>\n<td>2016<\/td>\n<td width=\"208\">47%<\/td>\n<\/tr>\n<tr>\n<td>2017<\/td>\n<td width=\"208\">47%<\/td>\n<\/tr>\n<tr>\n<td>2018<\/td>\n<td width=\"208\">43%<\/td>\n<\/tr>\n<tr>\n<td>2019<\/td>\n<td width=\"208\">46%<\/td>\n<\/tr>\n<\/tbody>\n<\/table>\n\n\t\t<\/div>\n\t\n\t\t<\/div>\n\t\n<div class=\"clear\"><\/div><div style=\"margin-top:20px; margin-bottom:20px;\" class=\"divider divider-double\"><\/div>\n","protected":false},"excerpt":{"rendered":"<p>D\u00e9penses Ordinaires (Gestion) La Dotation exeptionnelle Les subventions annuelles du budget de l\u2019Etat entre les collectivit\u00e9s locales Taux de recouvrement de la Taxe sur les Immeubles Batis Autonomie &amp; Dotation R\u00e9mun\u00e9ration<\/p>\n","protected":false},"author":5,"featured_media":0,"parent":0,"menu_order":0,"comment_status":"closed","ping_status":"closed","template":"","meta":[],"yoast_head":"<!-- This site is optimized with the Yoast SEO plugin v16.3 - https:\/\/yoast.com\/wordpress\/plugins\/seo\/ -->\n<title>Indicateurs des finances locales - \u0628\u0648\u0627\u0628\u0629 \u0627\u0644\u062c\u0645\u0627\u0639\u0627\u062a \u0627\u0644\u0645\u062d\u0644\u064a\u0629<\/title>\n<meta name=\"robots\" content=\"index, follow, max-snippet:-1, max-image-preview:large, max-video-preview:-1\" \/>\n<link rel=\"canonical\" href=\"http:\/\/www.collectiviteslocales.gov.tn\/fr\/\u0645\u0624\u0634\u0631\u0627\u062a-\u0627\u0644\u0645\u0627\u0644\u064a\u0629-\u0627\u0644\u0645\u062d\u0644\u064a\u0629\/\" \/>\n<meta property=\"og:locale\" content=\"fr_FR\" \/>\n<meta property=\"og:type\" content=\"article\" \/>\n<meta property=\"og:title\" content=\"Indicateurs des finances locales - \u0628\u0648\u0627\u0628\u0629 \u0627\u0644\u062c\u0645\u0627\u0639\u0627\u062a \u0627\u0644\u0645\u062d\u0644\u064a\u0629\" \/>\n<meta property=\"og:description\" content=\"D\u00e9penses Ordinaires (Gestion) La Dotation exeptionnelle Les subventions annuelles du budget de l\u2019Etat entre les collectivit\u00e9s locales Taux de recouvrement de la Taxe sur les Immeubles Batis Autonomie &amp; Dotation R\u00e9mun\u00e9ration\" \/>\n<meta property=\"og:url\" content=\"http:\/\/www.collectiviteslocales.gov.tn\/\u0645\u0624\u0634\u0631\u0627\u062a-\u0627\u0644\u0645\u0627\u0644\u064a\u0629-\u0627\u0644\u0645\u062d\u0644\u064a\u0629\/\" \/>\n<meta property=\"og:site_name\" content=\"\u0628\u0648\u0627\u0628\u0629 \u0627\u0644\u062c\u0645\u0627\u0639\u0627\u062a \u0627\u0644\u0645\u062d\u0644\u064a\u0629\" \/>\n<meta property=\"article:modified_time\" content=\"2020-08-06T21:58:19+00:00\" \/>\n<meta property=\"og:image\" content=\"http:\/\/www.collectiviteslocales.gov.tn\/wp-content\/uploads\/2020\/08\/depenses-ordinaires-gestion.png\" \/>\n<meta name=\"twitter:card\" content=\"summary_large_image\" \/>\n<meta name=\"twitter:label1\" content=\"Dur\u00e9e de lecture est.\">\n\t<meta name=\"twitter:data1\" content=\"3 minutes\">\n<script type=\"application\/ld+json\" class=\"yoast-schema-graph\">{\"@context\":\"https:\/\/schema.org\",\"@graph\":[{\"@type\":\"WebSite\",\"@id\":\"http:\/\/www.collectiviteslocales.gov.tn\/#website\",\"url\":\"http:\/\/www.collectiviteslocales.gov.tn\/\",\"name\":\"\\u0628\\u0648\\u0627\\u0628\\u0629 \\u0627\\u0644\\u062c\\u0645\\u0627\\u0639\\u0627\\u062a \\u0627\\u0644\\u0645\\u062d\\u0644\\u064a\\u0629\",\"description\":\"\\u0628\\u0648\\u0627\\u0628\\u0629 \\u0627\\u0644\\u062c\\u0645\\u0627\\u0639\\u0627\\u062a \\u0627\\u0644\\u0645\\u062d\\u0644\\u064a\\u0629\",\"potentialAction\":[{\"@type\":\"SearchAction\",\"target\":\"http:\/\/www.collectiviteslocales.gov.tn\/?s={search_term_string}\",\"query-input\":\"required name=search_term_string\"}],\"inLanguage\":\"fr-FR\"},{\"@type\":\"ImageObject\",\"@id\":\"http:\/\/www.collectiviteslocales.gov.tn\/%d9%85%d8%a4%d8%b4%d8%b1%d8%a7%d8%aa-%d8%a7%d9%84%d9%85%d8%a7%d9%84%d9%8a%d8%a9-%d8%a7%d9%84%d9%85%d8%ad%d9%84%d9%8a%d8%a9\/#primaryimage\",\"inLanguage\":\"fr-FR\",\"url\":\"http:\/\/www.collectiviteslocales.gov.tn\/wp-content\/uploads\/2020\/08\/depenses-ordinaires-gestion.png\",\"contentUrl\":\"http:\/\/www.collectiviteslocales.gov.tn\/wp-content\/uploads\/2020\/08\/depenses-ordinaires-gestion.png\",\"width\":827,\"height\":557},{\"@type\":\"WebPage\",\"@id\":\"http:\/\/www.collectiviteslocales.gov.tn\/%d9%85%d8%a4%d8%b4%d8%b1%d8%a7%d8%aa-%d8%a7%d9%84%d9%85%d8%a7%d9%84%d9%8a%d8%a9-%d8%a7%d9%84%d9%85%d8%ad%d9%84%d9%8a%d8%a9\/#webpage\",\"url\":\"http:\/\/www.collectiviteslocales.gov.tn\/%d9%85%d8%a4%d8%b4%d8%b1%d8%a7%d8%aa-%d8%a7%d9%84%d9%85%d8%a7%d9%84%d9%8a%d8%a9-%d8%a7%d9%84%d9%85%d8%ad%d9%84%d9%8a%d8%a9\/\",\"name\":\"Indicateurs des finances locales - \\u0628\\u0648\\u0627\\u0628\\u0629 \\u0627\\u0644\\u062c\\u0645\\u0627\\u0639\\u0627\\u062a \\u0627\\u0644\\u0645\\u062d\\u0644\\u064a\\u0629\",\"isPartOf\":{\"@id\":\"http:\/\/www.collectiviteslocales.gov.tn\/#website\"},\"primaryImageOfPage\":{\"@id\":\"http:\/\/www.collectiviteslocales.gov.tn\/%d9%85%d8%a4%d8%b4%d8%b1%d8%a7%d8%aa-%d8%a7%d9%84%d9%85%d8%a7%d9%84%d9%8a%d8%a9-%d8%a7%d9%84%d9%85%d8%ad%d9%84%d9%8a%d8%a9\/#primaryimage\"},\"datePublished\":\"2020-08-06T17:21:09+00:00\",\"dateModified\":\"2020-08-06T21:58:19+00:00\",\"breadcrumb\":{\"@id\":\"http:\/\/www.collectiviteslocales.gov.tn\/%d9%85%d8%a4%d8%b4%d8%b1%d8%a7%d8%aa-%d8%a7%d9%84%d9%85%d8%a7%d9%84%d9%8a%d8%a9-%d8%a7%d9%84%d9%85%d8%ad%d9%84%d9%8a%d8%a9\/#breadcrumb\"},\"inLanguage\":\"fr-FR\",\"potentialAction\":[{\"@type\":\"ReadAction\",\"target\":[\"http:\/\/www.collectiviteslocales.gov.tn\/%d9%85%d8%a4%d8%b4%d8%b1%d8%a7%d8%aa-%d8%a7%d9%84%d9%85%d8%a7%d9%84%d9%8a%d8%a9-%d8%a7%d9%84%d9%85%d8%ad%d9%84%d9%8a%d8%a9\/\"]}]},{\"@type\":\"BreadcrumbList\",\"@id\":\"http:\/\/www.collectiviteslocales.gov.tn\/%d9%85%d8%a4%d8%b4%d8%b1%d8%a7%d8%aa-%d8%a7%d9%84%d9%85%d8%a7%d9%84%d9%8a%d8%a9-%d8%a7%d9%84%d9%85%d8%ad%d9%84%d9%8a%d8%a9\/#breadcrumb\",\"itemListElement\":[{\"@type\":\"ListItem\",\"position\":1,\"item\":{\"@type\":\"WebPage\",\"@id\":\"http:\/\/www.collectiviteslocales.gov.tn\/\",\"url\":\"http:\/\/www.collectiviteslocales.gov.tn\/\",\"name\":\"Accueil\"}},{\"@type\":\"ListItem\",\"position\":2,\"item\":{\"@id\":\"http:\/\/www.collectiviteslocales.gov.tn\/%d9%85%d8%a4%d8%b4%d8%b1%d8%a7%d8%aa-%d8%a7%d9%84%d9%85%d8%a7%d9%84%d9%8a%d8%a9-%d8%a7%d9%84%d9%85%d8%ad%d9%84%d9%8a%d8%a9\/#webpage\"}}]}]}<\/script>\n<!-- \/ Yoast SEO plugin. -->","_links":{"self":[{"href":"http:\/\/www.collectiviteslocales.gov.tn\/fr\/wp-json\/wp\/v2\/pages\/7243"}],"collection":[{"href":"http:\/\/www.collectiviteslocales.gov.tn\/fr\/wp-json\/wp\/v2\/pages"}],"about":[{"href":"http:\/\/www.collectiviteslocales.gov.tn\/fr\/wp-json\/wp\/v2\/types\/page"}],"author":[{"embeddable":true,"href":"http:\/\/www.collectiviteslocales.gov.tn\/fr\/wp-json\/wp\/v2\/users\/5"}],"replies":[{"embeddable":true,"href":"http:\/\/www.collectiviteslocales.gov.tn\/fr\/wp-json\/wp\/v2\/comments?post=7243"}],"version-history":[{"count":30,"href":"http:\/\/www.collectiviteslocales.gov.tn\/fr\/wp-json\/wp\/v2\/pages\/7243\/revisions"}],"predecessor-version":[{"id":7587,"href":"http:\/\/www.collectiviteslocales.gov.tn\/fr\/wp-json\/wp\/v2\/pages\/7243\/revisions\/7587"}],"wp:attachment":[{"href":"http:\/\/www.collectiviteslocales.gov.tn\/fr\/wp-json\/wp\/v2\/media?parent=7243"}],"curies":[{"name":"wp","href":"https:\/\/api.w.org\/{rel}","templated":true}]}}