{"id":9178,"date":"2021-05-03T15:56:21","date_gmt":"2021-05-03T14:56:21","guid":{"rendered":"http:\/\/www.collectiviteslocales.gov.tn\/?page_id=9178"},"modified":"2021-06-20T11:00:33","modified_gmt":"2021-06-20T10:00:33","slug":"open-data-2","status":"publish","type":"page","link":"http:\/\/www.collectiviteslocales.gov.tn\/fr\/open-data-2\/","title":{"rendered":"Open Data"},"content":{"rendered":"<div class=\"wpg-list-wrapper wpg-list-wrapper-template-category\"><div class=\"wpg-list-filter-container\"><div class=\"wpg-list-filter\"><span class=\"wpg-list-filter-row\"><a class=\" filter active\" data-filter=\"all\">&lt;&lt;<\/a><a class=\" filter\" data-filter=\".wpg-filter-glossary_cat_103\">Donn\u00e9es de base<\/a><a class=\" filter\" data-filter=\".wpg-filter-glossary_cat_105\">\u00c9valuation des Performances<\/a><a class=\" filter\" data-filter=\".wpg-filter-glossary_cat_106\">Finance locale<\/a><a class=\" filter\" data-filter=\".wpg-filter-glossary_cat_107\">Projets et Programmes<\/a><a class=\" filter\" data-filter=\".wpg-filter-glossary_cat_104\">Rapports et \u00c9tudes<\/a><\/span><\/div><\/div><div class=\"wpg-list-search-form wpg-list-search-form-position-below\"><input type=\"text\" placeholder=\"search\" value=\"\" \/><\/div><div class=\"wpg-list wpg-list-template-one-column\"><div class=\"wpg-list-block wpg-filter-glossary_cat_103 mix\" data-filter-base=\"glossary_cat_103\"><h3 class=\"wpg-list-block-heading\">Donn\u00e9es de base<\/h3><ul class=\"wpg-list-items\"><li class=\"wpg-list-item\"><a class=\"wpg-list-item-title\" title=\"Estimation de la population des municipalit\u00e9s  2020\" href=\"http:\/\/www.collectiviteslocales.gov.tn\/fr\/-\/estimation-de-la-population-des-municipalites-2020\/\" >Estimation de la population des municipalit\u00e9s  2020<\/a><\/li><li class=\"wpg-list-item\"><a class=\"wpg-list-item-title\" title=\"Estimation de la population des municipalit\u00e9s  2022.\" href=\"http:\/\/www.collectiviteslocales.gov.tn\/fr\/-\/estimation-de-la-population-des-municipalites-2022\/\" >Estimation de la population des municipalit\u00e9s  2022.<\/a><\/li><li class=\"wpg-list-item\"><a class=\"wpg-list-item-title\" title=\"Les donn\u00e9es des communes pour l&rsquo;ann\u00e9e 2018\" href=\"http:\/\/www.collectiviteslocales.gov.tn\/fr\/-\/open-data-cl-2018\/\" >Les donn\u00e9es des communes pour l&rsquo;ann\u00e9e 2018<\/a><\/li><li class=\"wpg-list-item\"><a class=\"wpg-list-item-title\" title=\"Liste des communes\" href=\"http:\/\/www.collectiviteslocales.gov.tn\/fr\/-\/liste-des-communes\/\" >Liste des communes<\/a><\/li><li class=\"wpg-list-item\"><a class=\"wpg-list-item-title\" title=\"Ressources humaines des municipalit\u00e9s avec taux d&rsquo;encadrement\" href=\"http:\/\/www.collectiviteslocales.gov.tn\/fr\/-\/municipalites_rh2020-2\/\" >Ressources humaines des municipalit\u00e9s avec taux d&rsquo;encadrement<\/a><\/li><\/ul><\/div><div class=\"wpg-list-block wpg-filter-glossary_cat_105 mix\" data-filter-base=\"glossary_cat_105\"><h3 class=\"wpg-list-block-heading\">\u00c9valuation des Performances<\/h3><ul class=\"wpg-list-items\"><li class=\"wpg-list-item\"><a class=\"wpg-list-item-title\" title=\"Les r\u00e9sultats d\u00e9finitifs de l&rsquo;Evaluation des Performances des municipalit\u00e9s au titre de l&rsquo;ann\u00e9e 2017\" href=\"http:\/\/www.collectiviteslocales.gov.tn\/fr\/-\/ev-performances2017\/\" >Les r\u00e9sultats d\u00e9finitifs de l&rsquo;Evaluation des Performances des municipalit\u00e9s au titre de l&rsquo;ann\u00e9e 2017<\/a><\/li><li class=\"wpg-list-item\"><a class=\"wpg-list-item-title\" title=\"Les r\u00e9sultats d\u00e9finitifs de l&rsquo;Evaluation des Performances des municipalit\u00e9s au titre de l&rsquo;ann\u00e9e 2018\" href=\"http:\/\/www.collectiviteslocales.gov.tn\/fr\/-\/eval_performance2018-2\/\" >Les r\u00e9sultats d\u00e9finitifs de l&rsquo;Evaluation des Performances des municipalit\u00e9s au titre de l&rsquo;ann\u00e9e 2018<\/a><\/li><li class=\"wpg-list-item\"><a class=\"wpg-list-item-title\" title=\"Les r\u00e9sultats d\u00e9finitifs de l&rsquo;Evaluation des Performances des municipalit\u00e9s au titre de l&rsquo;ann\u00e9e 2019\" href=\"http:\/\/www.collectiviteslocales.gov.tn\/fr\/-\/les-resultats-definitifs-de-levaluation-des-performances-des-municipalites-au-titre-de-lannee-2019\/\" >Les r\u00e9sultats d\u00e9finitifs de l&rsquo;Evaluation des Performances des municipalit\u00e9s au titre de l&rsquo;ann\u00e9e 2019<\/a><\/li><li class=\"wpg-list-item\"><a class=\"wpg-list-item-title\" title=\"Les r\u00e9sultats d\u00e9finitifs de l&rsquo;Evaluation des Performances des municipalit\u00e9s au titre de l&rsquo;ann\u00e9e 2021\" href=\"http:\/\/www.collectiviteslocales.gov.tn\/fr\/-\/les-resultats-definitifs-de-levaluation-des-performances-des-municipalites-au-titre-de-lannee-2021\/\" >Les r\u00e9sultats d\u00e9finitifs de l&rsquo;Evaluation des Performances des municipalit\u00e9s au titre de l&rsquo;ann\u00e9e 2021<\/a><\/li><\/ul><\/div><div class=\"wpg-list-block wpg-filter-glossary_cat_106 mix\" data-filter-base=\"glossary_cat_106\"><h3 class=\"wpg-list-block-heading\">Finance locale<\/h3><ul class=\"wpg-list-items\"><li class=\"wpg-list-item\"><a class=\"wpg-list-item-title\" title=\"Budgets des municipalit\u00e9s\" href=\"http:\/\/www.collectiviteslocales.gov.tn\/fr\/-\/budgets-des-municipalites\/\" >Budgets des municipalit\u00e9s<\/a><\/li><li class=\"wpg-list-item\"><a class=\"wpg-list-item-title\" title=\"Les donn\u00e9es  des Conditions Minimales Obligatoires et les parts de la Dotation Globale non affect\u00e9e des communes concern\u00e9es pour l&rsquo;ann\u00e9e 2019\" href=\"http:\/\/www.collectiviteslocales.gov.tn\/fr\/-\/les-donnees-des-conditions-minimales-obligatoires-et-les-parts-de-la-dotation-globale-non-affectee-des-communes-2019\/\" >Les donn\u00e9es  des Conditions Minimales Obligatoires et les parts de la Dotation Globale non affect\u00e9e des communes concern\u00e9es pour l&rsquo;ann\u00e9e 2019<\/a><\/li><li class=\"wpg-list-item\"><a class=\"wpg-list-item-title\" title=\"Les donn\u00e9es  des Conditions Minimales Obligatoires et les parts de la Dotation Globale non affect\u00e9e des communes concern\u00e9es pour l&rsquo;ann\u00e9e 2020\" href=\"http:\/\/www.collectiviteslocales.gov.tn\/fr\/-\/cmos-dgna_2020_approuvees\/\" >Les donn\u00e9es  des Conditions Minimales Obligatoires et les parts de la Dotation Globale non affect\u00e9e des communes concern\u00e9es pour l&rsquo;ann\u00e9e 2020<\/a><\/li><li class=\"wpg-list-item\"><a class=\"wpg-list-item-title\" title=\"Rapport des Analyses Financi\u00e8res sur les Municipalit\u00e9s au titre de l&rsquo;ann\u00e9e 2018 r\u00e9alis\u00e9 par la cours des Comptes\" href=\"http:\/\/www.collectiviteslocales.gov.tn\/fr\/-\/rapport-des-analyses-financieres-sur-les-municipalites-au-titre-de-lannee-2018\/\" >Rapport des Analyses Financi\u00e8res sur les Municipalit\u00e9s au titre de l&rsquo;ann\u00e9e 2018 r\u00e9alis\u00e9 par la cours des Comptes<\/a><\/li><li class=\"wpg-list-item\"><a class=\"wpg-list-item-title\" title=\"Subvention accord\u00e9es aux associations au titre de l\u2019exercice 2019\" href=\"http:\/\/www.collectiviteslocales.gov.tn\/fr\/-\/male_suventions_associations_2019-2\/\" >Subvention accord\u00e9es aux associations au titre de l\u2019exercice 2019<\/a><\/li><\/ul><\/div><div class=\"wpg-list-block wpg-filter-glossary_cat_107 mix\" data-filter-base=\"glossary_cat_107\"><h3 class=\"wpg-list-block-heading\">Projets et Programmes<\/h3><ul class=\"wpg-list-items\"><li class=\"wpg-list-item\"><a class=\"wpg-list-item-title\" title=\"-Document r\u00e9capitulant le PAI 2022 de toutes les communes concern\u00e9es par le PDUGL\" href=\"http:\/\/www.collectiviteslocales.gov.tn\/fr\/-\/document-recapitulant-le-pai-2022-de-toutes-les-communes-concernees-par-le-pdugl\/\" >-Document r\u00e9capitulant le PAI 2022 de toutes les communes concern\u00e9es par le PDUGL<\/a><\/li><li class=\"wpg-list-item\"><a class=\"wpg-list-item-title\" title=\"-Ex\u00e9cution du volet formation dans le cadre du PARC 2021 par le Centre de Formation et d\u2019Appui \u00e0 la D\u00e9centralisation (CFAD)\" href=\"http:\/\/www.collectiviteslocales.gov.tn\/fr\/-\/execution-du-volet-formation-dans-le-cadre-du-parc-2021-par-le-centre-de-formation-et-dappui-a-la-decentralisation-cfad\/\" >-Ex\u00e9cution du volet formation dans le cadre du PARC 2021 par le Centre de Formation et d\u2019Appui \u00e0 la D\u00e9centralisation (CFAD)<\/a><\/li><li class=\"wpg-list-item\"><a class=\"wpg-list-item-title\" title=\"-Le document r\u00e9capitulant l&rsquo;ex\u00e9cution des PAI 2021 des communes concern\u00e9es par le PDUGL.\" href=\"http:\/\/www.collectiviteslocales.gov.tn\/fr\/-\/le-document-recapitulant-lexecution-des-pai-2021-des-communes-concernees-par-le-pdugl\/\" >-Le document r\u00e9capitulant l&rsquo;ex\u00e9cution des PAI 2021 des communes concern\u00e9es par le PDUGL.<\/a><\/li><li class=\"wpg-list-item\"><a class=\"wpg-list-item-title\" title=\"Document r\u00e9capitulant le PAI 2020 de toutes les communes concern\u00e9es par le PDUGL\" href=\"http:\/\/www.collectiviteslocales.gov.tn\/fr\/-\/pai-2020-global-2\/\" >Document r\u00e9capitulant le PAI 2020 de toutes les communes concern\u00e9es par le PDUGL<\/a><\/li><li class=\"wpg-list-item\"><a class=\"wpg-list-item-title\" title=\"Ex\u00e9cution du volet formation dans le cadre du PARC 2019 par le Centre de Formation et d\u2019Appui \u00e0 la D\u00e9centralisation (CFAD)\" href=\"http:\/\/www.collectiviteslocales.gov.tn\/fr\/-\/donnees_formation_cfad_parc2019\/\" >Ex\u00e9cution du volet formation dans le cadre du PARC 2019 par le Centre de Formation et d\u2019Appui \u00e0 la D\u00e9centralisation (CFAD)<\/a><\/li><li class=\"wpg-list-item\"><a class=\"wpg-list-item-title\" title=\"Le document r\u00e9capitulant l&rsquo;ex\u00e9cution des PAI 2019 des communes concern\u00e9es par le PDUGL.\" href=\"http:\/\/www.collectiviteslocales.gov.tn\/fr\/-\/ilr_5_5_execution_pai2019-2\/\" >Le document r\u00e9capitulant l&rsquo;ex\u00e9cution des PAI 2019 des communes concern\u00e9es par le PDUGL.<\/a><\/li><\/ul><\/div><div class=\"wpg-list-block wpg-filter-glossary_cat_104 mix\" data-filter-base=\"glossary_cat_104\"><h3 class=\"wpg-list-block-heading\">Rapports et \u00c9tudes<\/h3><ul class=\"wpg-list-items\"><li class=\"wpg-list-item\"><a class=\"wpg-list-item-title\" title=\"Les rapports d&rsquo;audit des comptes financiers des communes pour l&rsquo;exercice 2017 \u00e9labor\u00e9s par la Cour des Comptes\" href=\"http:\/\/www.collectiviteslocales.gov.tn\/fr\/-\/les-rapports-daudit-2017\/\" >Les rapports d&rsquo;audit des comptes financiers des communes pour l&rsquo;exercice 2017 \u00e9labor\u00e9s par la Cour des Comptes<\/a><\/li><li class=\"wpg-list-item\"><a class=\"wpg-list-item-title\" title=\"Les rapports d&rsquo;audit des comptes financiers des communes pour l&rsquo;exercice 2017 \u00e9labor\u00e9s par la Cour des Comptes\" href=\"http:\/\/www.collectiviteslocales.gov.tn\/fr\/-\/les-rapports-daudit-des-comptes-financiers-des-communes-pour-lexercice-2017\/\" >Les rapports d&rsquo;audit des comptes financiers des communes pour l&rsquo;exercice 2017 \u00e9labor\u00e9s par la Cour des Comptes<\/a><\/li><\/ul><\/div><\/div><div class=\"wpg-clearfix\"><\/div><\/div>\n","protected":false},"excerpt":{"rendered":"<p>Les rapports d&rsquo;audit des comptes financiers des communes pour l&rsquo;exercice 2017 \u00e9labor\u00e9s par la Cour des Comptes<\/p>\n","protected":false},"author":4,"featured_media":0,"parent":0,"menu_order":0,"comment_status":"closed","ping_status":"closed","template":"","meta":[],"yoast_head":"<!-- This site is optimized with the Yoast SEO plugin v16.3 - https:\/\/yoast.com\/wordpress\/plugins\/seo\/ -->\n<title>Open Data - \u0628\u0648\u0627\u0628\u0629 \u0627\u0644\u062c\u0645\u0627\u0639\u0627\u062a \u0627\u0644\u0645\u062d\u0644\u064a\u0629<\/title>\n<meta name=\"robots\" content=\"index, follow, max-snippet:-1, max-image-preview:large, max-video-preview:-1\" \/>\n<link rel=\"canonical\" href=\"http:\/\/www.collectiviteslocales.gov.tn\/fr\/data\/\" \/>\n<meta property=\"og:locale\" content=\"fr_FR\" \/>\n<meta property=\"og:type\" content=\"article\" \/>\n<meta property=\"og:title\" content=\"Open Data - \u0628\u0648\u0627\u0628\u0629 \u0627\u0644\u062c\u0645\u0627\u0639\u0627\u062a \u0627\u0644\u0645\u062d\u0644\u064a\u0629\" \/>\n<meta property=\"og:description\" content=\"Les rapports d&rsquo;audit des comptes financiers des communes pour l&rsquo;exercice 2017 \u00e9labor\u00e9s par la Cour des Comptes\" \/>\n<meta property=\"og:url\" content=\"http:\/\/www.collectiviteslocales.gov.tn\/data\/\" \/>\n<meta property=\"og:site_name\" content=\"\u0628\u0648\u0627\u0628\u0629 \u0627\u0644\u062c\u0645\u0627\u0639\u0627\u062a \u0627\u0644\u0645\u062d\u0644\u064a\u0629\" \/>\n<meta property=\"article:modified_time\" content=\"2021-06-20T10:00:33+00:00\" \/>\n<meta name=\"twitter:card\" content=\"summary_large_image\" \/>\n<meta name=\"twitter:label1\" content=\"Dur\u00e9e de lecture est.\">\n\t<meta name=\"twitter:data1\" content=\"1 minute\">\n<script type=\"application\/ld+json\" class=\"yoast-schema-graph\">{\"@context\":\"https:\/\/schema.org\",\"@graph\":[{\"@type\":\"WebSite\",\"@id\":\"http:\/\/www.collectiviteslocales.gov.tn\/#website\",\"url\":\"http:\/\/www.collectiviteslocales.gov.tn\/\",\"name\":\"\\u0628\\u0648\\u0627\\u0628\\u0629 \\u0627\\u0644\\u062c\\u0645\\u0627\\u0639\\u0627\\u062a \\u0627\\u0644\\u0645\\u062d\\u0644\\u064a\\u0629\",\"description\":\"\\u0628\\u0648\\u0627\\u0628\\u0629 \\u0627\\u0644\\u062c\\u0645\\u0627\\u0639\\u0627\\u062a \\u0627\\u0644\\u0645\\u062d\\u0644\\u064a\\u0629\",\"potentialAction\":[{\"@type\":\"SearchAction\",\"target\":\"http:\/\/www.collectiviteslocales.gov.tn\/?s={search_term_string}\",\"query-input\":\"required name=search_term_string\"}],\"inLanguage\":\"fr-FR\"},{\"@type\":\"WebPage\",\"@id\":\"http:\/\/www.collectiviteslocales.gov.tn\/data\/#webpage\",\"url\":\"http:\/\/www.collectiviteslocales.gov.tn\/data\/\",\"name\":\"Open Data - \\u0628\\u0648\\u0627\\u0628\\u0629 \\u0627\\u0644\\u062c\\u0645\\u0627\\u0639\\u0627\\u062a \\u0627\\u0644\\u0645\\u062d\\u0644\\u064a\\u0629\",\"isPartOf\":{\"@id\":\"http:\/\/www.collectiviteslocales.gov.tn\/#website\"},\"datePublished\":\"2021-05-03T14:56:21+00:00\",\"dateModified\":\"2021-06-20T10:00:33+00:00\",\"breadcrumb\":{\"@id\":\"http:\/\/www.collectiviteslocales.gov.tn\/data\/#breadcrumb\"},\"inLanguage\":\"fr-FR\",\"potentialAction\":[{\"@type\":\"ReadAction\",\"target\":[\"http:\/\/www.collectiviteslocales.gov.tn\/data\/\"]}]},{\"@type\":\"BreadcrumbList\",\"@id\":\"http:\/\/www.collectiviteslocales.gov.tn\/data\/#breadcrumb\",\"itemListElement\":[{\"@type\":\"ListItem\",\"position\":1,\"item\":{\"@type\":\"WebPage\",\"@id\":\"http:\/\/www.collectiviteslocales.gov.tn\/\",\"url\":\"http:\/\/www.collectiviteslocales.gov.tn\/\",\"name\":\"Accueil\"}},{\"@type\":\"ListItem\",\"position\":2,\"item\":{\"@id\":\"http:\/\/www.collectiviteslocales.gov.tn\/data\/#webpage\"}}]}]}<\/script>\n<!-- \/ Yoast SEO plugin. -->","_links":{"self":[{"href":"http:\/\/www.collectiviteslocales.gov.tn\/fr\/wp-json\/wp\/v2\/pages\/9178"}],"collection":[{"href":"http:\/\/www.collectiviteslocales.gov.tn\/fr\/wp-json\/wp\/v2\/pages"}],"about":[{"href":"http:\/\/www.collectiviteslocales.gov.tn\/fr\/wp-json\/wp\/v2\/types\/page"}],"author":[{"embeddable":true,"href":"http:\/\/www.collectiviteslocales.gov.tn\/fr\/wp-json\/wp\/v2\/users\/4"}],"replies":[{"embeddable":true,"href":"http:\/\/www.collectiviteslocales.gov.tn\/fr\/wp-json\/wp\/v2\/comments?post=9178"}],"version-history":[{"count":32,"href":"http:\/\/www.collectiviteslocales.gov.tn\/fr\/wp-json\/wp\/v2\/pages\/9178\/revisions"}],"predecessor-version":[{"id":9683,"href":"http:\/\/www.collectiviteslocales.gov.tn\/fr\/wp-json\/wp\/v2\/pages\/9178\/revisions\/9683"}],"wp:attachment":[{"href":"http:\/\/www.collectiviteslocales.gov.tn\/fr\/wp-json\/wp\/v2\/media?parent=9178"}],"curies":[{"name":"wp","href":"https:\/\/api.w.org\/{rel}","templated":true}]}}