{"id":971,"date":"2018-11-12T16:48:09","date_gmt":"2018-11-12T15:48:09","guid":{"rendered":"http:\/\/www.collectiviteslocales.gov.tn\/?page_id=971"},"modified":"2021-03-04T19:57:00","modified_gmt":"2021-03-04T18:57:00","slug":"le-ministere-des-affaires-locales-et-de-lenvironnement","status":"publish","type":"page","link":"http:\/\/www.collectiviteslocales.gov.tn\/fr\/le-ministere-des-affaires-locales-et-de-lenvironnement\/","title":{"rendered":"Le Minist\u00e8re des Affaires Locales et de l&rsquo;Environnement"},"content":{"rendered":"\n<figure class=\"wp-block-image size-large\"><img loading=\"lazy\" width=\"918\" height=\"348\" src=\"http:\/\/www.collectiviteslocales.gov.tn\/wp-content\/uploads\/2021\/03\/cartevisiteministere-1.png\" alt=\"\" class=\"wp-image-8934\" srcset=\"http:\/\/www.collectiviteslocales.gov.tn\/wp-content\/uploads\/2021\/03\/cartevisiteministere-1.png 918w, http:\/\/www.collectiviteslocales.gov.tn\/wp-content\/uploads\/2021\/03\/cartevisiteministere-1-300x114.png 300w, http:\/\/www.collectiviteslocales.gov.tn\/wp-content\/uploads\/2021\/03\/cartevisiteministere-1-768x291.png 768w\" sizes=\"(max-width: 918px) 100vw, 918px\" \/><\/figure>\n\n\n<div class=\"clear\"><\/div><div class=\"toggle open\"><h3 class=\"toggle-head-open\">Pr\u00e9sentation<i class=\"fa fa-angle-up\"><\/i><\/h3><h3 class=\"toggle-head-close\">Pr\u00e9sentation<i class=\"fa fa-angle-down\"><\/i><\/h3><div class=\"toggle-content\">\n\t\t\t\n<p>Le minist\u00e8re des affaires locales assure l\u2019\u00e9laboration et le suivi de la politique g\u00e9n\u00e9rale du gouvernement en mati\u00e8re de d\u00e9centralisation, et veille \u00e0 l\u2019impulsion du d\u00e9veloppement local dans tout le territoire de la R\u00e9publique dans le cadre de la concr\u00e9tisation de la constitution et notamment son chapitre VII relatif au pouvoir local.<\/p>\n\n\t\t\t<\/div><\/div>\n<div class=\"clear\"><\/div><div class=\"toggle close\"><h3 class=\"toggle-head-open\">Mission<i class=\"fa fa-angle-up\"><\/i><\/h3><h3 class=\"toggle-head-close\">Mission<i class=\"fa fa-angle-down\"><\/i><\/h3><div class=\"toggle-content\">\n\t\t\t<br>Le minist\u00e8re des affaires locales assure l\u2019\u00e9laboration et l\u2019ex\u00e9cution du processus de mise en place de la d\u00e9centralisation sur tout le territoire de la R\u00e9publique, conform\u00e9ment \u00e0 la constitution et \u00e0 la l\u00e9gislation en vigueur, en collaboration avec toutes les instances et organes publics y ayant trait. Il veille au d\u00e9veloppement des capacit\u00e9s des collectivit\u00e9s locales et \u00e0 leur habilitation \u00e0 s\u2019int\u00e9grer dans ce processus, et ce, particuli\u00e8rement \u00e0 travers l\u2019exercice des attributions suivantes :<\/p>\n<ul>\n<li>l\u2019\u00e9valuation de la r\u00e9alit\u00e9 des collectivit\u00e9s locales et l\u2019\u00e9laboration d\u2019un plan de leur adh\u00e9sion progressive au processus de d\u00e9centralisation, dans le cadre d\u2019une approche pragmatique,<\/li>\n<li>la r\u00e9alisation des \u00e9tudes prospectives et strat\u00e9giques en mati\u00e8re de d\u00e9centralisation, et l\u2019\u00e9laboration d\u2019une conception du processus de sa mise en place dans tout le territoire de la R\u00e9publique et veiller \u00e0 son ex\u00e9cution,<\/li>\n<li>la proposition et l\u2019\u00e9laboration de projets de textes juridiques ayant trait \u00e0 la mise en place de la d\u00e9centralisation et \u00e0 la gestion des affaires des collectivit\u00e9s locales et la fourniture de conseils juridiques sur les questions li\u00e9es \u00e0 ses domaines de comp\u00e9tence,<\/li>\n<li>l\u2019\u00e9laboration d\u2019une conception du programme de transfert et de d\u00e9l\u00e9gation des comp\u00e9tences centrales et des ressources financi\u00e8res et humaines au profit des collectivit\u00e9s locales en ce qui concerne ses domaines de comp\u00e9tence, en collaboration avec les organes et services publics des diff\u00e9rents secteurs,<\/li>\n<li>la mobilisation des ressources financi\u00e8res n\u00e9cessaires et appropri\u00e9es pour la mise en place du processus de d\u00e9centralisation et l\u2019\u00e9tude des moyens susceptibles de garantir une bonne r\u00e9partition et utilisation du financement public octroy\u00e9 aux collectivit\u00e9s locales,<\/li>\n<li>l\u2019\u00e9tablissement et la mise en \u0153uvre de programmes de formation pour renforcer les capacit\u00e9s des diff\u00e9rentes cat\u00e9gories de ressources humaines des collectivit\u00e9s locales,<\/li>\n<li>l\u2019identification des domaines et th\u00e8mes de coop\u00e9ration internationale dans le domaine de la d\u00e9centralisation, et l\u2019impulsion et la coordination des relations de coop\u00e9ration et de partenariat d\u00e9centralis\u00e9s entre les collectivit\u00e9s locales, aux niveaux national et international.<\/li>\n<\/ul>\n<p>Le minist\u00e8re des affaires locales est charg\u00e9 d\u2019apporter l\u2019impulsion et l\u2019appui aux collectivit\u00e9s locales dans la gestion de leurs affaires locales, et l\u2019\u00e9laboration et la mise en \u0153uvre de leurs plans, programmes et projets de d\u00e9veloppement, en coordination avec les organes et minist\u00e8res int\u00e9ress\u00e9s, et ce, notamment \u00e0 travers l\u2019exercice des attributions suivantes :<\/p>\n<ul>\n<li>&nbsp;le suivi de l\u2019\u00e9laboration et de la mise en \u0153uvre de programmes, plans et projets de d\u00e9veloppement local, et le renforcement de la coop\u00e9ration entre les diff\u00e9rentes structures et \u00e9tablissements intervenants dans ce domaine, ainsi que l\u2019impulsion du partenariat entre les secteurs public et priv\u00e9 dans ce domaine,<\/li>\n<li>&nbsp;la fourniture de l\u2019impulsion et de l\u2019appui aux diff\u00e9rentes cat\u00e9gories de collectivit\u00e9s locales notamment dans la bonne gestion administrative et financi\u00e8re et le d\u00e9veloppement de leurs propres capacit\u00e9s en mati\u00e8re de gestion des affaires locales,<\/li>\n<li>la mise en place des exigences de l\u2019action participative locale entre les collectivit\u00e9s locales et le reste des organes publics et priv\u00e9s, et les diff\u00e9rentes composantes de la soci\u00e9t\u00e9 civile,<\/li>\n<li>&nbsp;la coordination des actions et interventions des diff\u00e9rentes cat\u00e9gories de collectivit\u00e9s locales aux niveaux local, r\u00e9gional et national et l\u2019arbitrage entre elles,<\/li>\n<li>l\u2019\u00e9tablissement de programmes de modernisation et de d\u00e9veloppement des modalit\u00e9s et m\u00e9thodes de travail, la mise en place d\u2019une administration \u00e9lectronique et l\u2019am\u00e9lioration de la qualit\u00e9 des prestations des collectivit\u00e9s locales sur tous les niveaux et le suivi de leur mise en \u0153uvre,<\/li>\n<li>la supervision des programmes nationaux ayant trait aux comp\u00e9tences des collectivit\u00e9s locales, notamment en mati\u00e8re de propret\u00e9, d\u2019hygi\u00e8ne, de protection de l\u2019environnement et l\u2019esth\u00e9tique des villes.<\/li>\n<\/ul>\n\n\t\t\t<\/div><\/div><br><div class=\"google-map \"><iframe width=\"600\" height=\"250\" frameborder=\"0\" scrolling=\"no\" marginheight=\"0\" marginwidth=\"0\" src=\"https:\/\/www.google.com\/maps\/embed?pb=!1m18!1m12!1m3!1d3193.365878262261!2d10.187123214641666!3d36.83371257351337!2m3!1f0!2f0!3f0!3m2!1i1024!2i768!4f13.1!3m3!1m2!1s0x12fd349467c1cc1b%3A0x4ee251a4244b9076!2sMinistry%20of%20Local%20Affairs%20and%20the%20Environment!5e0!3m2!1sen!2stn!4v1577187222311!5m2!1sen!2stn&amp;output=embed\"><\/iframe><\/div>","protected":false},"excerpt":{"rendered":"","protected":false},"author":5,"featured_media":0,"parent":0,"menu_order":0,"comment_status":"closed","ping_status":"closed","template":"","meta":[],"yoast_head":"<!-- This site is optimized with the Yoast SEO plugin v16.3 - https:\/\/yoast.com\/wordpress\/plugins\/seo\/ -->\n<title>Le Minist\u00e8re des Affaires Locales et de l&#039;Environnement - \u0628\u0648\u0627\u0628\u0629 \u0627\u0644\u062c\u0645\u0627\u0639\u0627\u062a \u0627\u0644\u0645\u062d\u0644\u064a\u0629<\/title>\n<meta name=\"robots\" content=\"index, follow, max-snippet:-1, max-image-preview:large, max-video-preview:-1\" \/>\n<link rel=\"canonical\" href=\"http:\/\/www.collectiviteslocales.gov.tn\/fr\/\u0648\u0632\u0627\u0631\u0629-\u0627\u0644\u0634\u0624\u0648\u0646-\u0627\u0644\u0645\u062d\u0644\u064a\u0629-\u0648\u0627\u0644\u0628\u064a\u0626\u0629\/\" \/>\n<meta property=\"og:locale\" content=\"fr_FR\" \/>\n<meta property=\"og:type\" content=\"article\" \/>\n<meta property=\"og:title\" content=\"Le Minist\u00e8re des Affaires Locales et de l&#039;Environnement - \u0628\u0648\u0627\u0628\u0629 \u0627\u0644\u062c\u0645\u0627\u0639\u0627\u062a \u0627\u0644\u0645\u062d\u0644\u064a\u0629\" \/>\n<meta property=\"og:url\" content=\"http:\/\/www.collectiviteslocales.gov.tn\/\u0648\u0632\u0627\u0631\u0629-\u0627\u0644\u0634\u0624\u0648\u0646-\u0627\u0644\u0645\u062d\u0644\u064a\u0629-\u0648\u0627\u0644\u0628\u064a\u0626\u0629\/\" \/>\n<meta property=\"og:site_name\" content=\"\u0628\u0648\u0627\u0628\u0629 \u0627\u0644\u062c\u0645\u0627\u0639\u0627\u062a \u0627\u0644\u0645\u062d\u0644\u064a\u0629\" \/>\n<meta property=\"article:modified_time\" content=\"2021-03-04T18:57:00+00:00\" \/>\n<meta property=\"og:image\" content=\"http:\/\/www.collectiviteslocales.gov.tn\/wp-content\/uploads\/2021\/03\/cartevisiteministere-1.png\" \/>\n<meta name=\"twitter:card\" content=\"summary_large_image\" \/>\n<meta name=\"twitter:label1\" content=\"Dur\u00e9e de lecture est.\">\n\t<meta name=\"twitter:data1\" content=\"4 minutes\">\n<script type=\"application\/ld+json\" class=\"yoast-schema-graph\">{\"@context\":\"https:\/\/schema.org\",\"@graph\":[{\"@type\":\"WebSite\",\"@id\":\"http:\/\/www.collectiviteslocales.gov.tn\/#website\",\"url\":\"http:\/\/www.collectiviteslocales.gov.tn\/\",\"name\":\"\\u0628\\u0648\\u0627\\u0628\\u0629 \\u0627\\u0644\\u062c\\u0645\\u0627\\u0639\\u0627\\u062a \\u0627\\u0644\\u0645\\u062d\\u0644\\u064a\\u0629\",\"description\":\"\\u0628\\u0648\\u0627\\u0628\\u0629 \\u0627\\u0644\\u062c\\u0645\\u0627\\u0639\\u0627\\u062a \\u0627\\u0644\\u0645\\u062d\\u0644\\u064a\\u0629\",\"potentialAction\":[{\"@type\":\"SearchAction\",\"target\":\"http:\/\/www.collectiviteslocales.gov.tn\/?s={search_term_string}\",\"query-input\":\"required name=search_term_string\"}],\"inLanguage\":\"fr-FR\"},{\"@type\":\"ImageObject\",\"@id\":\"http:\/\/www.collectiviteslocales.gov.tn\/%d9%88%d8%b2%d8%a7%d8%b1%d8%a9-%d8%a7%d9%84%d8%b4%d8%a4%d9%88%d9%86-%d8%a7%d9%84%d9%85%d8%ad%d9%84%d9%8a%d8%a9-%d9%88%d8%a7%d9%84%d8%a8%d9%8a%d8%a6%d8%a9\/#primaryimage\",\"inLanguage\":\"fr-FR\",\"url\":\"http:\/\/www.collectiviteslocales.gov.tn\/wp-content\/uploads\/2021\/03\/cartevisiteministere-1.png\",\"contentUrl\":\"http:\/\/www.collectiviteslocales.gov.tn\/wp-content\/uploads\/2021\/03\/cartevisiteministere-1.png\",\"width\":918,\"height\":348},{\"@type\":\"WebPage\",\"@id\":\"http:\/\/www.collectiviteslocales.gov.tn\/%d9%88%d8%b2%d8%a7%d8%b1%d8%a9-%d8%a7%d9%84%d8%b4%d8%a4%d9%88%d9%86-%d8%a7%d9%84%d9%85%d8%ad%d9%84%d9%8a%d8%a9-%d9%88%d8%a7%d9%84%d8%a8%d9%8a%d8%a6%d8%a9\/#webpage\",\"url\":\"http:\/\/www.collectiviteslocales.gov.tn\/%d9%88%d8%b2%d8%a7%d8%b1%d8%a9-%d8%a7%d9%84%d8%b4%d8%a4%d9%88%d9%86-%d8%a7%d9%84%d9%85%d8%ad%d9%84%d9%8a%d8%a9-%d9%88%d8%a7%d9%84%d8%a8%d9%8a%d8%a6%d8%a9\/\",\"name\":\"Le Minist\\u00e8re des Affaires Locales et de l'Environnement - \\u0628\\u0648\\u0627\\u0628\\u0629 \\u0627\\u0644\\u062c\\u0645\\u0627\\u0639\\u0627\\u062a \\u0627\\u0644\\u0645\\u062d\\u0644\\u064a\\u0629\",\"isPartOf\":{\"@id\":\"http:\/\/www.collectiviteslocales.gov.tn\/#website\"},\"primaryImageOfPage\":{\"@id\":\"http:\/\/www.collectiviteslocales.gov.tn\/%d9%88%d8%b2%d8%a7%d8%b1%d8%a9-%d8%a7%d9%84%d8%b4%d8%a4%d9%88%d9%86-%d8%a7%d9%84%d9%85%d8%ad%d9%84%d9%8a%d8%a9-%d9%88%d8%a7%d9%84%d8%a8%d9%8a%d8%a6%d8%a9\/#primaryimage\"},\"datePublished\":\"2018-11-12T15:48:09+00:00\",\"dateModified\":\"2021-03-04T18:57:00+00:00\",\"breadcrumb\":{\"@id\":\"http:\/\/www.collectiviteslocales.gov.tn\/%d9%88%d8%b2%d8%a7%d8%b1%d8%a9-%d8%a7%d9%84%d8%b4%d8%a4%d9%88%d9%86-%d8%a7%d9%84%d9%85%d8%ad%d9%84%d9%8a%d8%a9-%d9%88%d8%a7%d9%84%d8%a8%d9%8a%d8%a6%d8%a9\/#breadcrumb\"},\"inLanguage\":\"fr-FR\",\"potentialAction\":[{\"@type\":\"ReadAction\",\"target\":[\"http:\/\/www.collectiviteslocales.gov.tn\/%d9%88%d8%b2%d8%a7%d8%b1%d8%a9-%d8%a7%d9%84%d8%b4%d8%a4%d9%88%d9%86-%d8%a7%d9%84%d9%85%d8%ad%d9%84%d9%8a%d8%a9-%d9%88%d8%a7%d9%84%d8%a8%d9%8a%d8%a6%d8%a9\/\"]}]},{\"@type\":\"BreadcrumbList\",\"@id\":\"http:\/\/www.collectiviteslocales.gov.tn\/%d9%88%d8%b2%d8%a7%d8%b1%d8%a9-%d8%a7%d9%84%d8%b4%d8%a4%d9%88%d9%86-%d8%a7%d9%84%d9%85%d8%ad%d9%84%d9%8a%d8%a9-%d9%88%d8%a7%d9%84%d8%a8%d9%8a%d8%a6%d8%a9\/#breadcrumb\",\"itemListElement\":[{\"@type\":\"ListItem\",\"position\":1,\"item\":{\"@type\":\"WebPage\",\"@id\":\"http:\/\/www.collectiviteslocales.gov.tn\/\",\"url\":\"http:\/\/www.collectiviteslocales.gov.tn\/\",\"name\":\"Accueil\"}},{\"@type\":\"ListItem\",\"position\":2,\"item\":{\"@id\":\"http:\/\/www.collectiviteslocales.gov.tn\/%d9%88%d8%b2%d8%a7%d8%b1%d8%a9-%d8%a7%d9%84%d8%b4%d8%a4%d9%88%d9%86-%d8%a7%d9%84%d9%85%d8%ad%d9%84%d9%8a%d8%a9-%d9%88%d8%a7%d9%84%d8%a8%d9%8a%d8%a6%d8%a9\/#webpage\"}}]}]}<\/script>\n<!-- \/ Yoast SEO plugin. -->","_links":{"self":[{"href":"http:\/\/www.collectiviteslocales.gov.tn\/fr\/wp-json\/wp\/v2\/pages\/971"}],"collection":[{"href":"http:\/\/www.collectiviteslocales.gov.tn\/fr\/wp-json\/wp\/v2\/pages"}],"about":[{"href":"http:\/\/www.collectiviteslocales.gov.tn\/fr\/wp-json\/wp\/v2\/types\/page"}],"author":[{"embeddable":true,"href":"http:\/\/www.collectiviteslocales.gov.tn\/fr\/wp-json\/wp\/v2\/users\/5"}],"replies":[{"embeddable":true,"href":"http:\/\/www.collectiviteslocales.gov.tn\/fr\/wp-json\/wp\/v2\/comments?post=971"}],"version-history":[{"count":10,"href":"http:\/\/www.collectiviteslocales.gov.tn\/fr\/wp-json\/wp\/v2\/pages\/971\/revisions"}],"predecessor-version":[{"id":8936,"href":"http:\/\/www.collectiviteslocales.gov.tn\/fr\/wp-json\/wp\/v2\/pages\/971\/revisions\/8936"}],"wp:attachment":[{"href":"http:\/\/www.collectiviteslocales.gov.tn\/fr\/wp-json\/wp\/v2\/media?parent=971"}],"curies":[{"name":"wp","href":"https:\/\/api.w.org\/{rel}","templated":true}]}}