{"id":989,"date":"2018-11-12T16:51:05","date_gmt":"2018-11-12T15:51:05","guid":{"rendered":"http:\/\/www.collectiviteslocales.gov.tn\/?page_id=989"},"modified":"2019-03-19T10:13:15","modified_gmt":"2019-03-19T09:13:15","slug":"les-programmes-nationaux","status":"publish","type":"page","link":"http:\/\/www.collectiviteslocales.gov.tn\/fr\/les-programmes-nationaux\/","title":{"rendered":"Les programmes nationaux"},"content":{"rendered":"<p>Le Programme de D\u00e9veloppement Urbain et de la Gouvernance Locale (PDUGL) est un programme du Gouvernement Tunisien d&rsquo;un montant de 1220 millions de dinars soutenu en partie par un pr\u00eat de la Banque Mondiale. Son objectif est de mettre en \u0153uvre les dispositions constitutionnelles li\u00e9es \u00e0 : la d\u00e9centralisation \u00e9nonc\u00e9es dans la Constitution, l\u2019adoption des m\u00e9canismes de la d\u00e9mocratie participative, et le principe de libre administration des Communes. La dur\u00e9e du Programme s\u2019\u00e9tend sur 60 mois. Dans le cadre du Programme, un nouveau syst\u00e8me de transfert de subventions aux Communes a \u00e9t\u00e9 con\u00e7u. Selon le nouveau syst\u00e8me, le montant de la subvention est calcul\u00e9 sur la base d\u2019une formule transparente, objective et \u00e9quitable et est d\u00e9sormais conditionn\u00e9 par une \u00e9valuation des performances des communes ainsi que par le respect des Conditions Minimales Obligatoires (CMO) par celles-ci. Les moments-cl\u00e9s du programme sont r\u00e9sum\u00e9s ci-dessous:<\/p>\n<div class=\"clear\"><\/div><div class=\"toggle open\"><h3 class=\"toggle-head-open\"><b>31 juillet <\/b>Notification des montants provisoires de la subvention<i class=\"fa fa-angle-up\"><\/i><\/h3><h3 class=\"toggle-head-close\"><b>31 juillet <\/b>Notification des montants provisoires de la subvention<i class=\"fa fa-angle-down\"><\/i><\/h3><div class=\"toggle-content\">\n\t\t\tLes Communes sont notifi\u00e9es des montants provisoires de leurs subventions pour l\u2019ann\u00e9e \u00e0 venir. Ces montants sont calcul\u00e9s selon une formule transparente, objective et \u00e9quitable\n\t\t\t<\/div><\/div>\n<div class=\"clear\"><\/div><div class=\"toggle close\"><h3 class=\"toggle-head-open\"><strong>30 septembre<\/strong> L\u2019\u00e9valuation de la performance. Chaque Commune est \u00e9valu\u00e9e sur sa performance sur l\u2019ann\u00e9e \u00e9coul\u00e9e<i class=\"fa fa-angle-up\"><\/i><\/h3><h3 class=\"toggle-head-close\"><strong>30 septembre<\/strong> L\u2019\u00e9valuation de la performance. Chaque Commune est \u00e9valu\u00e9e sur sa performance sur l\u2019ann\u00e9e \u00e9coul\u00e9e<i class=\"fa fa-angle-down\"><\/i><\/h3><div class=\"toggle-content\">\n\t\t\tSuite \u00e0 l\u2019\u00e9valuation, la Commune re\u00e7oit un score sur 100 points. Pour obtenir la totalit\u00e9 de la subvention, la Commune doit obtenir un score minimum de 70 points\n\t\t\t<\/div><\/div>\n<div class=\"clear\"><\/div><div class=\"toggle close\"><h3 class=\"toggle-head-open\"><b>31 d\u00e9cembre<\/b> Pr\u00e9paration du budget et du plan annuel d\u2019investissement<i class=\"fa fa-angle-up\"><\/i><\/h3><h3 class=\"toggle-head-close\"><b>31 d\u00e9cembre<\/b> Pr\u00e9paration du budget et du plan annuel d\u2019investissement<i class=\"fa fa-angle-down\"><\/i><\/h3><div class=\"toggle-content\">\n\t\t\tLes Communes pr\u00e9parent leurs budgets et leurs plans annuels d\u2019investissement selon une approche participative, avec les citoyens\n\t\t\t<\/div><\/div>\n<div class=\"clear\"><\/div><div class=\"toggle close\"><h3 class=\"toggle-head-open\"><strong>15 janvier<\/strong> Conditions minimales obligatoires<i class=\"fa fa-angle-up\"><\/i><\/h3><h3 class=\"toggle-head-close\"><strong>15 janvier<\/strong> Conditions minimales obligatoires<i class=\"fa fa-angle-down\"><\/i><\/h3><div class=\"toggle-content\">\n\t\t\tPour l\u2019obtention de sa subvention, une Commune doit \u00e9galement r\u00e9unir cinq conditions minimales. A d\u00e9faut, la Commune ne pourra pas acc\u00e9der \u00e0 sa subvention.\n\t\t\t<\/div><\/div>\n<div class=\"clear\"><\/div><div class=\"toggle close\"><h3 class=\"toggle-head-open\"> <strong>15 f\u00e9vrier<\/strong> Notification d\u00e9finitive du montant de la subvention<i class=\"fa fa-angle-up\"><\/i><\/h3><h3 class=\"toggle-head-close\"> <strong>15 f\u00e9vrier<\/strong> Notification d\u00e9finitive du montant de la subvention<i class=\"fa fa-angle-down\"><\/i><\/h3><div class=\"toggle-content\">\n\t\t\tLe montant d\u00e9finitif de la subvention calcul\u00e9 sur la base de la formule est conditionn\u00e9 par l\u2019\u00e9valuation de la performance et le respect des conditions minimales\n\t\t\t<\/div><\/div>\n<div class=\"clear\"><\/div><div class=\"toggle close\"><h3 class=\"toggle-head-open\"> <strong>1er mars<\/strong> Versement des subventions aux Communes<i class=\"fa fa-angle-up\"><\/i><\/h3><h3 class=\"toggle-head-close\"> <strong>1er mars<\/strong> Versement des subventions aux Communes<i class=\"fa fa-angle-down\"><\/i><\/h3><div class=\"toggle-content\">\n\t\t\tLes subventions sont vers\u00e9es aux Communes ayant r\u00e9uni les conditions minimales obligatoires.\n\t\t\t<\/div><\/div>\n","protected":false},"excerpt":{"rendered":"<p>Le Programme de D\u00e9veloppement Urbain et de la Gouvernance Locale (PDUGL) est un programme du Gouvernement Tunisien d&rsquo;un montant de 1220 millions de dinars soutenu en partie par un pr\u00eat de la Banque Mondiale. Son objectif est de mettre en \u0153uvre les dispositions constitutionnelles li\u00e9es \u00e0 : la d\u00e9centralisation \u00e9nonc\u00e9es dans la Constitution, l\u2019adoption des &hellip;<\/p>\n","protected":false},"author":1,"featured_media":0,"parent":0,"menu_order":0,"comment_status":"closed","ping_status":"closed","template":"","meta":[],"yoast_head":"<!-- This site is optimized with the Yoast SEO plugin v16.3 - https:\/\/yoast.com\/wordpress\/plugins\/seo\/ -->\n<title>Les programmes nationaux - \u0628\u0648\u0627\u0628\u0629 \u0627\u0644\u062c\u0645\u0627\u0639\u0627\u062a \u0627\u0644\u0645\u062d\u0644\u064a\u0629<\/title>\n<meta name=\"robots\" content=\"index, follow, max-snippet:-1, max-image-preview:large, max-video-preview:-1\" \/>\n<link rel=\"canonical\" href=\"http:\/\/www.collectiviteslocales.gov.tn\/fr\/\u0627\u0644\u0628\u0631\u0627\u0645\u062c-\u0627\u0644\u0648\u0637\u0646\u064a\u0629\/\" \/>\n<meta property=\"og:locale\" content=\"fr_FR\" \/>\n<meta property=\"og:type\" content=\"article\" \/>\n<meta property=\"og:title\" content=\"Les programmes nationaux - \u0628\u0648\u0627\u0628\u0629 \u0627\u0644\u062c\u0645\u0627\u0639\u0627\u062a \u0627\u0644\u0645\u062d\u0644\u064a\u0629\" \/>\n<meta property=\"og:description\" content=\"Le Programme de D\u00e9veloppement Urbain et de la Gouvernance Locale (PDUGL) est un programme du Gouvernement Tunisien d&rsquo;un montant de 1220 millions de dinars soutenu en partie par un pr\u00eat de la Banque Mondiale. Son objectif est de mettre en \u0153uvre les dispositions constitutionnelles li\u00e9es \u00e0 : la d\u00e9centralisation \u00e9nonc\u00e9es dans la Constitution, l\u2019adoption des &hellip;\" \/>\n<meta property=\"og:url\" content=\"http:\/\/www.collectiviteslocales.gov.tn\/\u0627\u0644\u0628\u0631\u0627\u0645\u062c-\u0627\u0644\u0648\u0637\u0646\u064a\u0629\/\" \/>\n<meta property=\"og:site_name\" content=\"\u0628\u0648\u0627\u0628\u0629 \u0627\u0644\u062c\u0645\u0627\u0639\u0627\u062a \u0627\u0644\u0645\u062d\u0644\u064a\u0629\" \/>\n<meta property=\"article:modified_time\" content=\"2019-03-19T09:13:15+00:00\" \/>\n<meta name=\"twitter:card\" content=\"summary_large_image\" \/>\n<meta name=\"twitter:label1\" content=\"Dur\u00e9e de lecture est.\">\n\t<meta name=\"twitter:data1\" content=\"2 minutes\">\n<script type=\"application\/ld+json\" class=\"yoast-schema-graph\">{\"@context\":\"https:\/\/schema.org\",\"@graph\":[{\"@type\":\"WebSite\",\"@id\":\"http:\/\/www.collectiviteslocales.gov.tn\/#website\",\"url\":\"http:\/\/www.collectiviteslocales.gov.tn\/\",\"name\":\"\\u0628\\u0648\\u0627\\u0628\\u0629 \\u0627\\u0644\\u062c\\u0645\\u0627\\u0639\\u0627\\u062a \\u0627\\u0644\\u0645\\u062d\\u0644\\u064a\\u0629\",\"description\":\"\\u0628\\u0648\\u0627\\u0628\\u0629 \\u0627\\u0644\\u062c\\u0645\\u0627\\u0639\\u0627\\u062a \\u0627\\u0644\\u0645\\u062d\\u0644\\u064a\\u0629\",\"potentialAction\":[{\"@type\":\"SearchAction\",\"target\":\"http:\/\/www.collectiviteslocales.gov.tn\/?s={search_term_string}\",\"query-input\":\"required name=search_term_string\"}],\"inLanguage\":\"fr-FR\"},{\"@type\":\"WebPage\",\"@id\":\"http:\/\/www.collectiviteslocales.gov.tn\/%d8%a7%d9%84%d8%a8%d8%b1%d8%a7%d9%85%d8%ac-%d8%a7%d9%84%d9%88%d8%b7%d9%86%d9%8a%d8%a9\/#webpage\",\"url\":\"http:\/\/www.collectiviteslocales.gov.tn\/%d8%a7%d9%84%d8%a8%d8%b1%d8%a7%d9%85%d8%ac-%d8%a7%d9%84%d9%88%d8%b7%d9%86%d9%8a%d8%a9\/\",\"name\":\"Les programmes nationaux - \\u0628\\u0648\\u0627\\u0628\\u0629 \\u0627\\u0644\\u062c\\u0645\\u0627\\u0639\\u0627\\u062a \\u0627\\u0644\\u0645\\u062d\\u0644\\u064a\\u0629\",\"isPartOf\":{\"@id\":\"http:\/\/www.collectiviteslocales.gov.tn\/#website\"},\"datePublished\":\"2018-11-12T15:51:05+00:00\",\"dateModified\":\"2019-03-19T09:13:15+00:00\",\"breadcrumb\":{\"@id\":\"http:\/\/www.collectiviteslocales.gov.tn\/%d8%a7%d9%84%d8%a8%d8%b1%d8%a7%d9%85%d8%ac-%d8%a7%d9%84%d9%88%d8%b7%d9%86%d9%8a%d8%a9\/#breadcrumb\"},\"inLanguage\":\"fr-FR\",\"potentialAction\":[{\"@type\":\"ReadAction\",\"target\":[\"http:\/\/www.collectiviteslocales.gov.tn\/%d8%a7%d9%84%d8%a8%d8%b1%d8%a7%d9%85%d8%ac-%d8%a7%d9%84%d9%88%d8%b7%d9%86%d9%8a%d8%a9\/\"]}]},{\"@type\":\"BreadcrumbList\",\"@id\":\"http:\/\/www.collectiviteslocales.gov.tn\/%d8%a7%d9%84%d8%a8%d8%b1%d8%a7%d9%85%d8%ac-%d8%a7%d9%84%d9%88%d8%b7%d9%86%d9%8a%d8%a9\/#breadcrumb\",\"itemListElement\":[{\"@type\":\"ListItem\",\"position\":1,\"item\":{\"@type\":\"WebPage\",\"@id\":\"http:\/\/www.collectiviteslocales.gov.tn\/\",\"url\":\"http:\/\/www.collectiviteslocales.gov.tn\/\",\"name\":\"Accueil\"}},{\"@type\":\"ListItem\",\"position\":2,\"item\":{\"@id\":\"http:\/\/www.collectiviteslocales.gov.tn\/%d8%a7%d9%84%d8%a8%d8%b1%d8%a7%d9%85%d8%ac-%d8%a7%d9%84%d9%88%d8%b7%d9%86%d9%8a%d8%a9\/#webpage\"}}]}]}<\/script>\n<!-- \/ Yoast SEO plugin. -->","_links":{"self":[{"href":"http:\/\/www.collectiviteslocales.gov.tn\/fr\/wp-json\/wp\/v2\/pages\/989"}],"collection":[{"href":"http:\/\/www.collectiviteslocales.gov.tn\/fr\/wp-json\/wp\/v2\/pages"}],"about":[{"href":"http:\/\/www.collectiviteslocales.gov.tn\/fr\/wp-json\/wp\/v2\/types\/page"}],"author":[{"embeddable":true,"href":"http:\/\/www.collectiviteslocales.gov.tn\/fr\/wp-json\/wp\/v2\/users\/1"}],"replies":[{"embeddable":true,"href":"http:\/\/www.collectiviteslocales.gov.tn\/fr\/wp-json\/wp\/v2\/comments?post=989"}],"version-history":[{"count":2,"href":"http:\/\/www.collectiviteslocales.gov.tn\/fr\/wp-json\/wp\/v2\/pages\/989\/revisions"}],"predecessor-version":[{"id":2236,"href":"http:\/\/www.collectiviteslocales.gov.tn\/fr\/wp-json\/wp\/v2\/pages\/989\/revisions\/2236"}],"wp:attachment":[{"href":"http:\/\/www.collectiviteslocales.gov.tn\/fr\/wp-json\/wp\/v2\/media?parent=989"}],"curies":[{"name":"wp","href":"https:\/\/api.w.org\/{rel}","templated":true}]}}